{"id":1004,"date":"2026-02-13T23:42:33","date_gmt":"2026-02-13T23:42:33","guid":{"rendered":"https:\/\/dreamacmshopping.com\/?post_type=product&#038;p=1004"},"modified":"2026-04-13T19:28:05","modified_gmt":"2026-04-13T19:28:05","slug":"encensoir-electrique-2-en-1-lumiere-decorative","status":"publish","type":"product","link":"https:\/\/dreamacmshopping.com\/ar\/product\/encensoir-electrique-2-en-1-lumiere-decorative\/","title":{"rendered":"\u0645\u0628\u062e\u0631\u0629 \u0643\u0647\u0631\u0628\u0627\u0626\u064a\u0629 2 \u0641\u064a 1 \u0645\u0639 \u0625\u0636\u0627\u0621\u0629 \u0632\u062e\u0631\u0641\u064a\u0629\u0645\u0628\u062e\u0631\u0629 \u0643\u0647\u0631\u0628\u0627\u0626\u064a\u0629 2 \u0641\u064a 1 \u0645\u0639 \u0625\u0636\u0627\u0621\u0629 \u0632\u062e\u0631\u0641\u064a\u0629"},"content":{"rendered":"<h3 data-start=\"230\" data-end=\"396\">D\u00e9couvrez une ambiance chaleureuse et raffin\u00e9e avec notre <strong data-start=\"288\" data-end=\"319\">encensoir \u00e9lectrique 2 en 1<\/strong>, combinant diffusion de parfum et \u00e9clairage d\u00e9coratif dans un seul appareil.<\/h3>\n<h3 data-start=\"398\" data-end=\"642\">Gr\u00e2ce \u00e0 son design \u00e9l\u00e9gant et ses motifs d\u00e9coratifs, il projette une lumi\u00e8re douce et apaisante tout en diffusant d\u00e9licatement le parfum de votre encens pr\u00e9f\u00e9r\u00e9.<br data-start=\"559\" data-end=\"562\" \/>Id\u00e9al pour le salon, la chambre, les soir\u00e9es sp\u00e9ciales ou comme cadeau original.<\/h3>\n<h3 data-start=\"644\" data-end=\"751\">Transformez votre int\u00e9rieur en un espace de d\u00e9tente et de bien-\u00eatre avec ce produit pratique et esth\u00e9tique.<\/h3>\n<h3 data-start=\"758\" data-end=\"779\">Caract\u00e9ristiques<\/h3>\n<ul data-start=\"781\" data-end=\"1058\">\n<li data-start=\"781\" data-end=\"833\">\n<h3 data-start=\"783\" data-end=\"833\">\u2714 Fonction 2 en 1 : Encensoir + Lampe d\u00e9corative<\/h3>\n<\/li>\n<li data-start=\"834\" data-end=\"868\">\n<h3 data-start=\"836\" data-end=\"868\">\u2714 Diffusion de parfum agr\u00e9able<\/h3>\n<\/li>\n<li data-start=\"869\" data-end=\"912\">\n<h3 data-start=\"871\" data-end=\"912\">\u2714 Lumi\u00e8re douce et ambiance chaleureuse<\/h3>\n<\/li>\n<li data-start=\"913\" data-end=\"956\">\n<h3 data-start=\"915\" data-end=\"956\">\u2714 Design \u00e9l\u00e9gant avec motifs d\u00e9coratifs<\/h3>\n<\/li>\n<li data-start=\"957\" data-end=\"980\">\n<h3 data-start=\"959\" data-end=\"980\">\u2714 Facile \u00e0 utiliser<\/h3>\n<\/li>\n<li data-start=\"981\" data-end=\"1022\">\n<h3 data-start=\"983\" data-end=\"1022\">\u2714 Id\u00e9al pour maison, bureau ou cadeau<\/h3>\n<\/li>\n<li data-start=\"1023\" data-end=\"1058\">\n<h3 data-start=\"1025\" data-end=\"1058\">\u2714 Mat\u00e9riau r\u00e9sistant et durable<\/h3>\n<\/li>\n<\/ul>","protected":false},"excerpt":{"rendered":"<p>LumiOud \u00c9l\u00e9gance\u2122 est un encensoir \u00e9lectrique 2 en 1 avec lumi\u00e8re d\u00e9corative. Profitez d\u2019une ambiance parfum\u00e9e et chaleureuse pour votre maison. \u00c9l\u00e9gant, pratique et id\u00e9al comme cadeau.<\/p>","protected":false},"featured_media":1005,"comment_status":"open","ping_status":"closed","template":"","meta":{"inline_featured_image":false,"ocean_post_layout":"","ocean_both_sidebars_style":"","ocean_both_sidebars_content_width":0,"ocean_both_sidebars_sidebars_width":0,"ocean_sidebar":"0","ocean_second_sidebar":"0","ocean_disable_margins":"enable","ocean_add_body_class":"","ocean_shortcode_before_top_bar":"","ocean_shortcode_after_top_bar":"","ocean_shortcode_before_header":"","ocean_shortcode_after_header":"","ocean_has_shortcode":"","ocean_shortcode_after_title":"","ocean_shortcode_before_footer_widgets":"","ocean_shortcode_after_footer_widgets":"","ocean_shortcode_before_footer_bottom":"","ocean_shortcode_after_footer_bottom":"","ocean_display_top_bar":"default","ocean_display_header":"default","ocean_header_style":"","ocean_center_header_left_menu":"0","ocean_custom_header_template":"0","ocean_custom_logo":0,"ocean_custom_retina_logo":0,"ocean_custom_logo_max_width":0,"ocean_custom_logo_tablet_max_width":0,"ocean_custom_logo_mobile_max_width":0,"ocean_custom_logo_max_height":0,"ocean_custom_logo_tablet_max_height":0,"ocean_custom_logo_mobile_max_height":0,"ocean_header_custom_menu":"0","ocean_menu_typo_font_family":"0","ocean_menu_typo_font_subset":"","ocean_menu_typo_font_size":0,"ocean_menu_typo_font_size_tablet":0,"ocean_menu_typo_font_size_mobile":0,"ocean_menu_typo_font_size_unit":"px","ocean_menu_typo_font_weight":"","ocean_menu_typo_font_weight_tablet":"","ocean_menu_typo_font_weight_mobile":"","ocean_menu_typo_transform":"","ocean_menu_typo_transform_tablet":"","ocean_menu_typo_transform_mobile":"","ocean_menu_typo_line_height":0,"ocean_menu_typo_line_height_tablet":0,"ocean_menu_typo_line_height_mobile":0,"ocean_menu_typo_line_height_unit":"","ocean_menu_typo_spacing":0,"ocean_menu_typo_spacing_tablet":0,"ocean_menu_typo_spacing_mobile":0,"ocean_menu_typo_spacing_unit":"","ocean_menu_link_color":"","ocean_menu_link_color_hover":"","ocean_menu_link_color_active":"","ocean_menu_link_background":"","ocean_menu_link_hover_background":"","ocean_menu_link_active_background":"","ocean_menu_social_links_bg":"","ocean_menu_social_hover_links_bg":"","ocean_menu_social_links_color":"","ocean_menu_social_hover_links_color":"","ocean_disable_title":"default","ocean_disable_heading":"default","ocean_post_title":"","ocean_post_subheading":"","ocean_post_title_style":"","ocean_post_title_background_color":"","ocean_post_title_background":0,"ocean_post_title_bg_image_position":"","ocean_post_title_bg_image_attachment":"","ocean_post_title_bg_image_repeat":"","ocean_post_title_bg_image_size":"","ocean_post_title_height":0,"ocean_post_title_bg_overlay":0.5,"ocean_post_title_bg_overlay_color":"","ocean_disable_breadcrumbs":"default","ocean_breadcrumbs_color":"","ocean_breadcrumbs_separator_color":"","ocean_breadcrumbs_links_color":"","ocean_breadcrumbs_links_hover_color":"","ocean_display_footer_widgets":"default","ocean_display_footer_bottom":"default","ocean_custom_footer_template":"0"},"product_brand":[],"product_cat":[226],"product_tag":[],"class_list":{"0":"post-1004","1":"product","2":"type-product","3":"status-publish","4":"has-post-thumbnail","6":"product_cat-mode-accessoires","8":"entry","9":"has-media","11":"first","12":"instock","13":"sale","14":"shipping-taxable","15":"purchasable","16":"product-type-simple","17":"col","18":"span_1_of_4","19":"owp-content-center","20":"owp-thumbs-layout-horizontal","21":"owp-btn-normal","22":"owp-tabs-layout-horizontal"},"yoast_head":"<!-- This site is optimized with the Yoast SEO plugin v27.3 - https:\/\/yoast.com\/product\/yoast-seo-wordpress\/ -->\n<title>Encensoir \u00c9lectrique 2 en 1 avec Lumi\u00e8re D\u00e9corative - dreamacmshopping.com<\/title>\n<meta name=\"description\" content=\"LumiOud \u00c9l\u00e9gance\u2122 est un encensoir \u00e9lectrique 2 en 1 avec lumi\u00e8re d\u00e9corative. Profitez d\u2019une ambiance parfum\u00e9e et chaleureuse pour votre maison. \u00c9l\u00e9gant, pratique et id\u00e9al comme cadeau. LumiOud EleganceTM \u0639\u0628\u0627\u0631\u0629 \u0639\u0646 \u0645\u0628\u062e\u0631\u0629 \u0643\u0647\u0631\u0628\u0627\u0626\u064a\u0629 2 \u0641\u064a 1 \u0645\u0632\u0648\u062f\u0629 \u0628\u0625\u0636\u0627\u0621\u0629 \u0632\u062e\u0631\u0641\u064a\u0629. \u0627\u0633\u062a\u0645\u062a\u0639 \u0628\u0623\u062c\u0648\u0627\u0621 \u0639\u0637\u0631\u0629 \u0648\u062f\u0627\u0641\u0626\u0629 \u0644\u0645\u0646\u0632\u0644\u0643. \u0623\u0646\u064a\u0642\u0629 \u0648\u0639\u0645\u0644\u064a\u0629 \u0648\u0645\u062b\u0627\u0644\u064a\u0629 \u0643\u0647\u062f\u064a\u0629.\" \/>\n<meta name=\"robots\" content=\"index, follow, max-snippet:-1, max-image-preview:large, max-video-preview:-1\" \/>\n<link rel=\"canonical\" href=\"https:\/\/dreamacmshopping.com\/ar\/product\/encensoir-electrique-2-en-1-lumiere-decorative\/\" \/>\n<meta property=\"og:locale\" content=\"ar_AR\" \/>\n<meta property=\"og:type\" content=\"article\" \/>\n<meta property=\"og:title\" content=\"Encensoir \u00c9lectrique 2 en 1 avec Lumi\u00e8re D\u00e9corative - dreamacmshopping.com\" \/>\n<meta property=\"og:description\" content=\"LumiOud \u00c9l\u00e9gance\u2122 est un encensoir \u00e9lectrique 2 en 1 avec lumi\u00e8re d\u00e9corative. Profitez d\u2019une ambiance parfum\u00e9e et chaleureuse pour votre maison. \u00c9l\u00e9gant, pratique et id\u00e9al comme cadeau. LumiOud EleganceTM \u0639\u0628\u0627\u0631\u0629 \u0639\u0646 \u0645\u0628\u062e\u0631\u0629 \u0643\u0647\u0631\u0628\u0627\u0626\u064a\u0629 2 \u0641\u064a 1 \u0645\u0632\u0648\u062f\u0629 \u0628\u0625\u0636\u0627\u0621\u0629 \u0632\u062e\u0631\u0641\u064a\u0629. \u0627\u0633\u062a\u0645\u062a\u0639 \u0628\u0623\u062c\u0648\u0627\u0621 \u0639\u0637\u0631\u0629 \u0648\u062f\u0627\u0641\u0626\u0629 \u0644\u0645\u0646\u0632\u0644\u0643. \u0623\u0646\u064a\u0642\u0629 \u0648\u0639\u0645\u0644\u064a\u0629 \u0648\u0645\u062b\u0627\u0644\u064a\u0629 \u0643\u0647\u062f\u064a\u0629.\" \/>\n<meta property=\"og:url\" content=\"https:\/\/dreamacmshopping.com\/ar\/product\/encensoir-electrique-2-en-1-lumiere-decorative\/\" \/>\n<meta property=\"og:site_name\" content=\"dreamacmshopping.com\" \/>\n<meta property=\"article:publisher\" content=\"https:\/\/www.facebook.com\/profile.php?id=61587252187988&amp;locale=fr_FR\" \/>\n<meta property=\"article:modified_time\" content=\"2026-04-13T19:28:05+00:00\" \/>\n<meta property=\"og:image\" content=\"https:\/\/dreamacmshopping.com\/wp-content\/uploads\/2026\/02\/Design-sans-titre-3-1.png\" \/>\n\t<meta property=\"og:image:width\" content=\"800\" \/>\n\t<meta property=\"og:image:height\" content=\"800\" \/>\n\t<meta property=\"og:image:type\" content=\"image\/png\" \/>\n<meta name=\"twitter:card\" content=\"summary_large_image\" \/>\n<meta name=\"twitter:label1\" content=\"\u0648\u0642\u062a \u0627\u0644\u0642\u0631\u0627\u0621\u0629 \u0627\u0644\u0645\u064f\u0642\u062f\u0651\u0631\" \/>\n\t<meta name=\"twitter:data1\" content=\"\u062f\u0642\u064a\u0642\u0629 \u0648\u0627\u062d\u062f\u0629\" \/>\n<script type=\"application\/ld+json\" class=\"yoast-schema-graph\">{\"@context\":\"https:\\\/\\\/schema.org\",\"@graph\":[{\"@type\":\"WebPage\",\"@id\":\"https:\\\/\\\/dreamacmshopping.com\\\/produit\\\/encensoir-electrique-2-en-1-lumiere-decorative\\\/\",\"url\":\"https:\\\/\\\/dreamacmshopping.com\\\/produit\\\/encensoir-electrique-2-en-1-lumiere-decorative\\\/\",\"name\":\"Encensoir \u00c9lectrique 2 en 1 avec Lumi\u00e8re D\u00e9corative - dreamacmshopping.com\",\"isPartOf\":{\"@id\":\"https:\\\/\\\/dreamacmshopping.com\\\/ar\\\/#website\"},\"primaryImageOfPage\":{\"@id\":\"https:\\\/\\\/dreamacmshopping.com\\\/produit\\\/encensoir-electrique-2-en-1-lumiere-decorative\\\/#primaryimage\"},\"image\":{\"@id\":\"https:\\\/\\\/dreamacmshopping.com\\\/produit\\\/encensoir-electrique-2-en-1-lumiere-decorative\\\/#primaryimage\"},\"thumbnailUrl\":\"https:\\\/\\\/dreamacmshopping.com\\\/wp-content\\\/uploads\\\/2026\\\/02\\\/Design-sans-titre-3-1.png\",\"datePublished\":\"2026-02-13T23:42:33+00:00\",\"dateModified\":\"2026-04-13T19:28:05+00:00\",\"description\":\"LumiOud \u00c9l\u00e9gance\u2122 est un encensoir \u00e9lectrique 2 en 1 avec lumi\u00e8re d\u00e9corative. Profitez d\u2019une ambiance parfum\u00e9e et chaleureuse pour votre maison. \u00c9l\u00e9gant, pratique et id\u00e9al comme cadeau. LumiOud EleganceTM \u0639\u0628\u0627\u0631\u0629 \u0639\u0646 \u0645\u0628\u062e\u0631\u0629 \u0643\u0647\u0631\u0628\u0627\u0626\u064a\u0629 2 \u0641\u064a 1 \u0645\u0632\u0648\u062f\u0629 \u0628\u0625\u0636\u0627\u0621\u0629 \u0632\u062e\u0631\u0641\u064a\u0629. \u0627\u0633\u062a\u0645\u062a\u0639 \u0628\u0623\u062c\u0648\u0627\u0621 \u0639\u0637\u0631\u0629 \u0648\u062f\u0627\u0641\u0626\u0629 \u0644\u0645\u0646\u0632\u0644\u0643. \u0623\u0646\u064a\u0642\u0629 \u0648\u0639\u0645\u0644\u064a\u0629 \u0648\u0645\u062b\u0627\u0644\u064a\u0629 \u0643\u0647\u062f\u064a\u0629.\",\"breadcrumb\":{\"@id\":\"https:\\\/\\\/dreamacmshopping.com\\\/produit\\\/encensoir-electrique-2-en-1-lumiere-decorative\\\/#breadcrumb\"},\"inLanguage\":\"ar\",\"potentialAction\":[{\"@type\":\"ReadAction\",\"target\":[\"https:\\\/\\\/dreamacmshopping.com\\\/produit\\\/encensoir-electrique-2-en-1-lumiere-decorative\\\/\"]}]},{\"@type\":\"ImageObject\",\"inLanguage\":\"ar\",\"@id\":\"https:\\\/\\\/dreamacmshopping.com\\\/produit\\\/encensoir-electrique-2-en-1-lumiere-decorative\\\/#primaryimage\",\"url\":\"https:\\\/\\\/dreamacmshopping.com\\\/wp-content\\\/uploads\\\/2026\\\/02\\\/Design-sans-titre-3-1.png\",\"contentUrl\":\"https:\\\/\\\/dreamacmshopping.com\\\/wp-content\\\/uploads\\\/2026\\\/02\\\/Design-sans-titre-3-1.png\",\"width\":800,\"height\":800},{\"@type\":\"BreadcrumbList\",\"@id\":\"https:\\\/\\\/dreamacmshopping.com\\\/produit\\\/encensoir-electrique-2-en-1-lumiere-decorative\\\/#breadcrumb\",\"itemListElement\":[{\"@type\":\"ListItem\",\"position\":1,\"name\":\"Accueil\",\"item\":\"https:\\\/\\\/dreamacmshopping.com\\\/\"},{\"@type\":\"ListItem\",\"position\":2,\"name\":\"Boutique\",\"item\":\"https:\\\/\\\/dreamacmshopping.com\\\/boutique\\\/\"},{\"@type\":\"ListItem\",\"position\":3,\"name\":\"Encensoir \u00c9lectrique 2 en 1 avec Lumi\u00e8re D\u00e9corative\"}]},{\"@type\":\"WebSite\",\"@id\":\"https:\\\/\\\/dreamacmshopping.com\\\/ar\\\/#website\",\"url\":\"https:\\\/\\\/dreamacmshopping.com\\\/ar\\\/\",\"name\":\"dreamacmshopping.com\",\"description\":\"\",\"publisher\":{\"@id\":\"https:\\\/\\\/dreamacmshopping.com\\\/ar\\\/#organization\"},\"potentialAction\":[{\"@type\":\"SearchAction\",\"target\":{\"@type\":\"EntryPoint\",\"urlTemplate\":\"https:\\\/\\\/dreamacmshopping.com\\\/ar\\\/?s={search_term_string}\"},\"query-input\":{\"@type\":\"PropertyValueSpecification\",\"valueRequired\":true,\"valueName\":\"search_term_string\"}}],\"inLanguage\":\"ar\"},{\"@type\":\"Organization\",\"@id\":\"https:\\\/\\\/dreamacmshopping.com\\\/ar\\\/#organization\",\"name\":\"dreamacmshopping.com\",\"url\":\"https:\\\/\\\/dreamacmshopping.com\\\/ar\\\/\",\"logo\":{\"@type\":\"ImageObject\",\"inLanguage\":\"ar\",\"@id\":\"https:\\\/\\\/dreamacmshopping.com\\\/ar\\\/#\\\/schema\\\/logo\\\/image\\\/\",\"url\":\"https:\\\/\\\/dreamacmshopping.com\\\/wp-content\\\/uploads\\\/2026\\\/01\\\/cropped-cropped-ChatGPT-Image-25-dec.-2025-23_13_16-1.png\",\"contentUrl\":\"https:\\\/\\\/dreamacmshopping.com\\\/wp-content\\\/uploads\\\/2026\\\/01\\\/cropped-cropped-ChatGPT-Image-25-dec.-2025-23_13_16-1.png\",\"width\":511,\"height\":304,\"caption\":\"dreamacmshopping.com\"},\"image\":{\"@id\":\"https:\\\/\\\/dreamacmshopping.com\\\/ar\\\/#\\\/schema\\\/logo\\\/image\\\/\"},\"sameAs\":[\"https:\\\/\\\/www.facebook.com\\\/profile.php?id=61587252187988&locale=fr_FR\"]}]}<\/script>\n<!-- \/ Yoast SEO plugin. -->","yoast_head_json":{"title":"Encensoir \u00c9lectrique 2 en 1 avec Lumi\u00e8re D\u00e9corative - dreamacmshopping.com","description":"LumiOud \u00c9l\u00e9gance\u2122 est un encensoir \u00e9lectrique 2 en 1 avec lumi\u00e8re d\u00e9corative. Profitez d\u2019une ambiance parfum\u00e9e et chaleureuse pour votre maison. \u00c9l\u00e9gant, pratique et id\u00e9al comme cadeau. LumiOud EleganceTM \u0639\u0628\u0627\u0631\u0629 \u0639\u0646 \u0645\u0628\u062e\u0631\u0629 \u0643\u0647\u0631\u0628\u0627\u0626\u064a\u0629 2 \u0641\u064a 1 \u0645\u0632\u0648\u062f\u0629 \u0628\u0625\u0636\u0627\u0621\u0629 \u0632\u062e\u0631\u0641\u064a\u0629. \u0627\u0633\u062a\u0645\u062a\u0639 \u0628\u0623\u062c\u0648\u0627\u0621 \u0639\u0637\u0631\u0629 \u0648\u062f\u0627\u0641\u0626\u0629 \u0644\u0645\u0646\u0632\u0644\u0643. \u0623\u0646\u064a\u0642\u0629 \u0648\u0639\u0645\u0644\u064a\u0629 \u0648\u0645\u062b\u0627\u0644\u064a\u0629 \u0643\u0647\u062f\u064a\u0629.","robots":{"index":"index","follow":"follow","max-snippet":"max-snippet:-1","max-image-preview":"max-image-preview:large","max-video-preview":"max-video-preview:-1"},"canonical":"https:\/\/dreamacmshopping.com\/ar\/product\/encensoir-electrique-2-en-1-lumiere-decorative\/","og_locale":"ar_AR","og_type":"article","og_title":"Encensoir \u00c9lectrique 2 en 1 avec Lumi\u00e8re D\u00e9corative - dreamacmshopping.com","og_description":"LumiOud \u00c9l\u00e9gance\u2122 est un encensoir \u00e9lectrique 2 en 1 avec lumi\u00e8re d\u00e9corative. Profitez d\u2019une ambiance parfum\u00e9e et chaleureuse pour votre maison. \u00c9l\u00e9gant, pratique et id\u00e9al comme cadeau. LumiOud EleganceTM \u0639\u0628\u0627\u0631\u0629 \u0639\u0646 \u0645\u0628\u062e\u0631\u0629 \u0643\u0647\u0631\u0628\u0627\u0626\u064a\u0629 2 \u0641\u064a 1 \u0645\u0632\u0648\u062f\u0629 \u0628\u0625\u0636\u0627\u0621\u0629 \u0632\u062e\u0631\u0641\u064a\u0629. \u0627\u0633\u062a\u0645\u062a\u0639 \u0628\u0623\u062c\u0648\u0627\u0621 \u0639\u0637\u0631\u0629 \u0648\u062f\u0627\u0641\u0626\u0629 \u0644\u0645\u0646\u0632\u0644\u0643. \u0623\u0646\u064a\u0642\u0629 \u0648\u0639\u0645\u0644\u064a\u0629 \u0648\u0645\u062b\u0627\u0644\u064a\u0629 \u0643\u0647\u062f\u064a\u0629.","og_url":"https:\/\/dreamacmshopping.com\/ar\/product\/encensoir-electrique-2-en-1-lumiere-decorative\/","og_site_name":"dreamacmshopping.com","article_publisher":"https:\/\/www.facebook.com\/profile.php?id=61587252187988&locale=fr_FR","article_modified_time":"2026-04-13T19:28:05+00:00","og_image":[{"width":800,"height":800,"url":"https:\/\/dreamacmshopping.com\/wp-content\/uploads\/2026\/02\/Design-sans-titre-3-1.png","type":"image\/png"}],"twitter_card":"summary_large_image","twitter_misc":{"\u0648\u0642\u062a \u0627\u0644\u0642\u0631\u0627\u0621\u0629 \u0627\u0644\u0645\u064f\u0642\u062f\u0651\u0631":"\u062f\u0642\u064a\u0642\u0629 \u0648\u0627\u062d\u062f\u0629"},"schema":{"@context":"https:\/\/schema.org","@graph":[{"@type":"WebPage","@id":"https:\/\/dreamacmshopping.com\/produit\/encensoir-electrique-2-en-1-lumiere-decorative\/","url":"https:\/\/dreamacmshopping.com\/produit\/encensoir-electrique-2-en-1-lumiere-decorative\/","name":"Encensoir \u00c9lectrique 2 en 1 avec Lumi\u00e8re D\u00e9corative - dreamacmshopping.com","isPartOf":{"@id":"https:\/\/dreamacmshopping.com\/ar\/#website"},"primaryImageOfPage":{"@id":"https:\/\/dreamacmshopping.com\/produit\/encensoir-electrique-2-en-1-lumiere-decorative\/#primaryimage"},"image":{"@id":"https:\/\/dreamacmshopping.com\/produit\/encensoir-electrique-2-en-1-lumiere-decorative\/#primaryimage"},"thumbnailUrl":"https:\/\/dreamacmshopping.com\/wp-content\/uploads\/2026\/02\/Design-sans-titre-3-1.png","datePublished":"2026-02-13T23:42:33+00:00","dateModified":"2026-04-13T19:28:05+00:00","description":"LumiOud \u00c9l\u00e9gance\u2122 est un encensoir \u00e9lectrique 2 en 1 avec lumi\u00e8re d\u00e9corative. Profitez d\u2019une ambiance parfum\u00e9e et chaleureuse pour votre maison. \u00c9l\u00e9gant, pratique et id\u00e9al comme cadeau. LumiOud EleganceTM \u0639\u0628\u0627\u0631\u0629 \u0639\u0646 \u0645\u0628\u062e\u0631\u0629 \u0643\u0647\u0631\u0628\u0627\u0626\u064a\u0629 2 \u0641\u064a 1 \u0645\u0632\u0648\u062f\u0629 \u0628\u0625\u0636\u0627\u0621\u0629 \u0632\u062e\u0631\u0641\u064a\u0629. \u0627\u0633\u062a\u0645\u062a\u0639 \u0628\u0623\u062c\u0648\u0627\u0621 \u0639\u0637\u0631\u0629 \u0648\u062f\u0627\u0641\u0626\u0629 \u0644\u0645\u0646\u0632\u0644\u0643. \u0623\u0646\u064a\u0642\u0629 \u0648\u0639\u0645\u0644\u064a\u0629 \u0648\u0645\u062b\u0627\u0644\u064a\u0629 \u0643\u0647\u062f\u064a\u0629.","breadcrumb":{"@id":"https:\/\/dreamacmshopping.com\/produit\/encensoir-electrique-2-en-1-lumiere-decorative\/#breadcrumb"},"inLanguage":"ar","potentialAction":[{"@type":"ReadAction","target":["https:\/\/dreamacmshopping.com\/produit\/encensoir-electrique-2-en-1-lumiere-decorative\/"]}]},{"@type":"ImageObject","inLanguage":"ar","@id":"https:\/\/dreamacmshopping.com\/produit\/encensoir-electrique-2-en-1-lumiere-decorative\/#primaryimage","url":"https:\/\/dreamacmshopping.com\/wp-content\/uploads\/2026\/02\/Design-sans-titre-3-1.png","contentUrl":"https:\/\/dreamacmshopping.com\/wp-content\/uploads\/2026\/02\/Design-sans-titre-3-1.png","width":800,"height":800},{"@type":"BreadcrumbList","@id":"https:\/\/dreamacmshopping.com\/produit\/encensoir-electrique-2-en-1-lumiere-decorative\/#breadcrumb","itemListElement":[{"@type":"ListItem","position":1,"name":"Accueil","item":"https:\/\/dreamacmshopping.com\/"},{"@type":"ListItem","position":2,"name":"Boutique","item":"https:\/\/dreamacmshopping.com\/boutique\/"},{"@type":"ListItem","position":3,"name":"Encensoir \u00c9lectrique 2 en 1 avec Lumi\u00e8re D\u00e9corative"}]},{"@type":"WebSite","@id":"https:\/\/dreamacmshopping.com\/ar\/#website","url":"https:\/\/dreamacmshopping.com\/ar\/","name":"dreamacmshopping.com","description":"","publisher":{"@id":"https:\/\/dreamacmshopping.com\/ar\/#organization"},"potentialAction":[{"@type":"SearchAction","target":{"@type":"EntryPoint","urlTemplate":"https:\/\/dreamacmshopping.com\/ar\/?s={search_term_string}"},"query-input":{"@type":"PropertyValueSpecification","valueRequired":true,"valueName":"search_term_string"}}],"inLanguage":"ar"},{"@type":"Organization","@id":"https:\/\/dreamacmshopping.com\/ar\/#organization","name":"dreamacmshopping.com","url":"https:\/\/dreamacmshopping.com\/ar\/","logo":{"@type":"ImageObject","inLanguage":"ar","@id":"https:\/\/dreamacmshopping.com\/ar\/#\/schema\/logo\/image\/","url":"https:\/\/dreamacmshopping.com\/wp-content\/uploads\/2026\/01\/cropped-cropped-ChatGPT-Image-25-dec.-2025-23_13_16-1.png","contentUrl":"https:\/\/dreamacmshopping.com\/wp-content\/uploads\/2026\/01\/cropped-cropped-ChatGPT-Image-25-dec.-2025-23_13_16-1.png","width":511,"height":304,"caption":"dreamacmshopping.com"},"image":{"@id":"https:\/\/dreamacmshopping.com\/ar\/#\/schema\/logo\/image\/"},"sameAs":["https:\/\/www.facebook.com\/profile.php?id=61587252187988&locale=fr_FR"]}]}},"_links":{"self":[{"href":"https:\/\/dreamacmshopping.com\/ar\/wp-json\/wp\/v2\/product\/1004","targetHints":{"allow":["GET"]}}],"collection":[{"href":"https:\/\/dreamacmshopping.com\/ar\/wp-json\/wp\/v2\/product"}],"about":[{"href":"https:\/\/dreamacmshopping.com\/ar\/wp-json\/wp\/v2\/types\/product"}],"replies":[{"embeddable":true,"href":"https:\/\/dreamacmshopping.com\/ar\/wp-json\/wp\/v2\/comments?post=1004"}],"version-history":[{"count":1,"href":"https:\/\/dreamacmshopping.com\/ar\/wp-json\/wp\/v2\/product\/1004\/revisions"}],"predecessor-version":[{"id":1011,"href":"https:\/\/dreamacmshopping.com\/ar\/wp-json\/wp\/v2\/product\/1004\/revisions\/1011"}],"wp:featuredmedia":[{"embeddable":true,"href":"https:\/\/dreamacmshopping.com\/ar\/wp-json\/wp\/v2\/media\/1005"}],"wp:attachment":[{"href":"https:\/\/dreamacmshopping.com\/ar\/wp-json\/wp\/v2\/media?parent=1004"}],"wp:term":[{"taxonomy":"product_brand","embeddable":true,"href":"https:\/\/dreamacmshopping.com\/ar\/wp-json\/wp\/v2\/product_brand?post=1004"},{"taxonomy":"product_cat","embeddable":true,"href":"https:\/\/dreamacmshopping.com\/ar\/wp-json\/wp\/v2\/product_cat?post=1004"},{"taxonomy":"product_tag","embeddable":true,"href":"https:\/\/dreamacmshopping.com\/ar\/wp-json\/wp\/v2\/product_tag?post=1004"}],"curies":[{"name":"wp","href":"https:\/\/api.w.org\/{rel}","templated":true}]}}