{"id":1059,"date":"2026-04-01T22:12:41","date_gmt":"2026-04-01T22:12:41","guid":{"rendered":"https:\/\/dreamacmshopping.com\/?post_type=product&#038;p=1059"},"modified":"2026-04-13T20:03:56","modified_gmt":"2026-04-13T20:03:56","slug":"kit-coiffure-professionnel-5-en-1-enzo-supercare-pro","status":"publish","type":"product","link":"https:\/\/dreamacmshopping.com\/ar\/product\/kit-coiffure-professionnel-5-en-1-enzo-supercare-pro\/","title":{"rendered":"Kit coiffure professionnel ENZO Supercare Pro 5 en 1"},"content":{"rendered":"<h3 data-start=\"842\" data-end=\"867\">Kit complet 5 en 1 :<\/h3>\n<ul data-start=\"868\" data-end=\"980\">\n<li data-start=\"868\" data-end=\"899\">\n<h3>S\u00e8che-cheveux professionnel<\/h3>\n<\/li>\n<li data-start=\"900\" data-end=\"916\">\n<h3>Fer \u00e0 lisser<\/h3>\n<\/li>\n<li data-start=\"917\" data-end=\"934\">\n<h3>Fer \u00e0 boucler<\/h3>\n<\/li>\n<li data-start=\"935\" data-end=\"956\">\n<h3>Brosse chauffante<\/h3>\n<\/li>\n<li data-start=\"935\" data-end=\"956\">\n<h3>Embouts de coiffage<\/h3>\n<\/li>\n<\/ul>","protected":false},"excerpt":{"rendered":"<h3>Le kit de coiffure <strong data-start=\"55\" data-end=\"110\"><span class=\"hover:entity-accent entity-underline inline cursor-pointer align-baseline\"><span class=\"whitespace-normal\">ENZO Professional<\/span><\/span> Supercare Pro<\/strong> est un ensemble complet qui vous permet de s\u00e9cher, lisser et boucler vos cheveux \u0628\u0633\u0647\u0648\u0644\u0629 \u0641\u064a \u0627\u0644\u0645\u0646\u0632\u0644. Pratique, rapide et efficace, il offre un r\u00e9sultat professionnel sans effort, id\u00e9al pour un usage quotidien ou comme cadeau \ud83c\udf81.<\/h3>","protected":false},"featured_media":1060,"comment_status":"open","ping_status":"closed","template":"","meta":{"inline_featured_image":false,"ocean_post_layout":"","ocean_both_sidebars_style":"","ocean_both_sidebars_content_width":0,"ocean_both_sidebars_sidebars_width":0,"ocean_sidebar":"0","ocean_second_sidebar":"0","ocean_disable_margins":"enable","ocean_add_body_class":"","ocean_shortcode_before_top_bar":"","ocean_shortcode_after_top_bar":"","ocean_shortcode_before_header":"","ocean_shortcode_after_header":"","ocean_has_shortcode":"","ocean_shortcode_after_title":"","ocean_shortcode_before_footer_widgets":"","ocean_shortcode_after_footer_widgets":"","ocean_shortcode_before_footer_bottom":"","ocean_shortcode_after_footer_bottom":"","ocean_display_top_bar":"default","ocean_display_header":"default","ocean_header_style":"","ocean_center_header_left_menu":"0","ocean_custom_header_template":"0","ocean_custom_logo":0,"ocean_custom_retina_logo":0,"ocean_custom_logo_max_width":0,"ocean_custom_logo_tablet_max_width":0,"ocean_custom_logo_mobile_max_width":0,"ocean_custom_logo_max_height":0,"ocean_custom_logo_tablet_max_height":0,"ocean_custom_logo_mobile_max_height":0,"ocean_header_custom_menu":"0","ocean_menu_typo_font_family":"0","ocean_menu_typo_font_subset":"","ocean_menu_typo_font_size":0,"ocean_menu_typo_font_size_tablet":0,"ocean_menu_typo_font_size_mobile":0,"ocean_menu_typo_font_size_unit":"px","ocean_menu_typo_font_weight":"","ocean_menu_typo_font_weight_tablet":"","ocean_menu_typo_font_weight_mobile":"","ocean_menu_typo_transform":"","ocean_menu_typo_transform_tablet":"","ocean_menu_typo_transform_mobile":"","ocean_menu_typo_line_height":0,"ocean_menu_typo_line_height_tablet":0,"ocean_menu_typo_line_height_mobile":0,"ocean_menu_typo_line_height_unit":"","ocean_menu_typo_spacing":0,"ocean_menu_typo_spacing_tablet":0,"ocean_menu_typo_spacing_mobile":0,"ocean_menu_typo_spacing_unit":"","ocean_menu_link_color":"","ocean_menu_link_color_hover":"","ocean_menu_link_color_active":"","ocean_menu_link_background":"","ocean_menu_link_hover_background":"","ocean_menu_link_active_background":"","ocean_menu_social_links_bg":"","ocean_menu_social_hover_links_bg":"","ocean_menu_social_links_color":"","ocean_menu_social_hover_links_color":"","ocean_disable_title":"default","ocean_disable_heading":"default","ocean_post_title":"","ocean_post_subheading":"","ocean_post_title_style":"","ocean_post_title_background_color":"","ocean_post_title_background":0,"ocean_post_title_bg_image_position":"","ocean_post_title_bg_image_attachment":"","ocean_post_title_bg_image_repeat":"","ocean_post_title_bg_image_size":"","ocean_post_title_height":0,"ocean_post_title_bg_overlay":0.5,"ocean_post_title_bg_overlay_color":"","ocean_disable_breadcrumbs":"default","ocean_breadcrumbs_color":"","ocean_breadcrumbs_separator_color":"","ocean_breadcrumbs_links_color":"","ocean_breadcrumbs_links_hover_color":"","ocean_display_footer_widgets":"default","ocean_display_footer_bottom":"default","ocean_custom_footer_template":"0"},"product_brand":[],"product_cat":[244],"product_tag":[],"class_list":{"0":"post-1059","1":"product","2":"type-product","3":"status-publish","4":"has-post-thumbnail","6":"product_cat-beaute-soins-personnels","8":"entry","9":"has-media","11":"first","12":"instock","13":"sale","14":"shipping-taxable","15":"purchasable","16":"product-type-simple","17":"col","18":"span_1_of_4","19":"owp-content-center","20":"owp-thumbs-layout-horizontal","21":"owp-btn-normal","22":"owp-tabs-layout-horizontal"},"yoast_head":"<!-- This site is optimized with the Yoast SEO plugin v27.3 - https:\/\/yoast.com\/product\/yoast-seo-wordpress\/ -->\n<title>Kit coiffure professionnel ENZO Supercare Pro 5 en 1 - dreamacmshopping.com<\/title>\n<meta name=\"description\" content=\"Kit coiffure professionnel ENZO Supercare Pro 5 en 1 : s\u00e8che-cheveux, lisseur, boucleur et brosse chauffante. R\u00e9sultat salon \u00e0 domicile, rapide et efficace. \u0645\u062c\u0645\u0648\u0639\u0629 \u062a\u0635\u0641\u064a\u0641 \u0627\u0644\u0634\u0639\u0631 \u0627\u0644\u0627\u062d\u062a\u0631\u0627\u0641\u064a\u0629 5 \u0641\u064a 1 \u0645\u0646 ENZO Supercare Pro: \u0645\u062c\u0641\u0641 \u0634\u0639\u0631\u060c \u0648\u0645\u0643\u0648\u0627\u0629 \u0641\u0631\u062f \u0627\u0644\u0634\u0639\u0631\u060c \u0648\u0645\u0643\u0648\u0627\u0629 \u062a\u062c\u0639\u064a\u062f \u0627\u0644\u0634\u0639\u0631\u060c \u0648\u0641\u0631\u0634\u0627\u0629 \u0633\u0627\u062e\u0646\u0629. \u0635\u0627\u0644\u0648\u0646 \u0627\u0644\u0646\u062a\u0627\u0626\u062c \u0641\u064a \u0627\u0644\u0645\u0646\u0632\u0644\u060c \u0633\u0631\u064a\u0639 \u0648\u0641\u0639\u0627\u0644.\" \/>\n<meta name=\"robots\" content=\"index, follow, max-snippet:-1, max-image-preview:large, max-video-preview:-1\" \/>\n<link rel=\"canonical\" href=\"https:\/\/dreamacmshopping.com\/ar\/product\/kit-coiffure-professionnel-5-en-1-enzo-supercare-pro\/\" \/>\n<meta property=\"og:locale\" content=\"ar_AR\" \/>\n<meta property=\"og:type\" content=\"article\" \/>\n<meta property=\"og:title\" content=\"Kit coiffure professionnel ENZO Supercare Pro 5 en 1 - dreamacmshopping.com\" \/>\n<meta property=\"og:description\" content=\"Kit coiffure professionnel ENZO Supercare Pro 5 en 1 : s\u00e8che-cheveux, lisseur, boucleur et brosse chauffante. R\u00e9sultat salon \u00e0 domicile, rapide et efficace. \u0645\u062c\u0645\u0648\u0639\u0629 \u062a\u0635\u0641\u064a\u0641 \u0627\u0644\u0634\u0639\u0631 \u0627\u0644\u0627\u062d\u062a\u0631\u0627\u0641\u064a\u0629 5 \u0641\u064a 1 \u0645\u0646 ENZO Supercare Pro: \u0645\u062c\u0641\u0641 \u0634\u0639\u0631\u060c \u0648\u0645\u0643\u0648\u0627\u0629 \u0641\u0631\u062f \u0627\u0644\u0634\u0639\u0631\u060c \u0648\u0645\u0643\u0648\u0627\u0629 \u062a\u062c\u0639\u064a\u062f \u0627\u0644\u0634\u0639\u0631\u060c \u0648\u0641\u0631\u0634\u0627\u0629 \u0633\u0627\u062e\u0646\u0629. \u0635\u0627\u0644\u0648\u0646 \u0627\u0644\u0646\u062a\u0627\u0626\u062c \u0641\u064a \u0627\u0644\u0645\u0646\u0632\u0644\u060c \u0633\u0631\u064a\u0639 \u0648\u0641\u0639\u0627\u0644.\" \/>\n<meta property=\"og:url\" content=\"https:\/\/dreamacmshopping.com\/ar\/product\/kit-coiffure-professionnel-5-en-1-enzo-supercare-pro\/\" \/>\n<meta property=\"og:site_name\" content=\"dreamacmshopping.com\" \/>\n<meta property=\"article:publisher\" content=\"https:\/\/www.facebook.com\/profile.php?id=61587252187988&amp;locale=fr_FR\" \/>\n<meta property=\"article:modified_time\" content=\"2026-04-13T20:03:56+00:00\" \/>\n<meta property=\"og:image\" content=\"https:\/\/dreamacmshopping.com\/wp-content\/uploads\/2026\/04\/H0231130055464338ac3e882d9f899b77V.jpg\" \/>\n\t<meta property=\"og:image:width\" content=\"800\" \/>\n\t<meta property=\"og:image:height\" content=\"800\" \/>\n\t<meta property=\"og:image:type\" content=\"image\/jpeg\" \/>\n<meta name=\"twitter:card\" content=\"summary_large_image\" \/>\n<meta name=\"twitter:label1\" content=\"\u0648\u0642\u062a \u0627\u0644\u0642\u0631\u0627\u0621\u0629 \u0627\u0644\u0645\u064f\u0642\u062f\u0651\u0631\" \/>\n\t<meta name=\"twitter:data1\" content=\"\u062f\u0642\u064a\u0642\u0629 \u0648\u0627\u062d\u062f\u0629\" \/>\n<script type=\"application\/ld+json\" class=\"yoast-schema-graph\">{\"@context\":\"https:\\\/\\\/schema.org\",\"@graph\":[{\"@type\":\"WebPage\",\"@id\":\"https:\\\/\\\/dreamacmshopping.com\\\/produit\\\/kit-coiffure-professionnel-5-en-1-enzo-supercare-pro\\\/\",\"url\":\"https:\\\/\\\/dreamacmshopping.com\\\/produit\\\/kit-coiffure-professionnel-5-en-1-enzo-supercare-pro\\\/\",\"name\":\"Kit coiffure professionnel ENZO Supercare Pro 5 en 1 - dreamacmshopping.com\",\"isPartOf\":{\"@id\":\"https:\\\/\\\/dreamacmshopping.com\\\/ar\\\/#website\"},\"primaryImageOfPage\":{\"@id\":\"https:\\\/\\\/dreamacmshopping.com\\\/produit\\\/kit-coiffure-professionnel-5-en-1-enzo-supercare-pro\\\/#primaryimage\"},\"image\":{\"@id\":\"https:\\\/\\\/dreamacmshopping.com\\\/produit\\\/kit-coiffure-professionnel-5-en-1-enzo-supercare-pro\\\/#primaryimage\"},\"thumbnailUrl\":\"https:\\\/\\\/dreamacmshopping.com\\\/wp-content\\\/uploads\\\/2026\\\/04\\\/H0231130055464338ac3e882d9f899b77V.jpg\",\"datePublished\":\"2026-04-01T22:12:41+00:00\",\"dateModified\":\"2026-04-13T20:03:56+00:00\",\"description\":\"Kit coiffure professionnel ENZO Supercare Pro 5 en 1 : s\u00e8che-cheveux, lisseur, boucleur et brosse chauffante. R\u00e9sultat salon \u00e0 domicile, rapide et efficace. \u0645\u062c\u0645\u0648\u0639\u0629 \u062a\u0635\u0641\u064a\u0641 \u0627\u0644\u0634\u0639\u0631 \u0627\u0644\u0627\u062d\u062a\u0631\u0627\u0641\u064a\u0629 5 \u0641\u064a 1 \u0645\u0646 ENZO Supercare Pro: \u0645\u062c\u0641\u0641 \u0634\u0639\u0631\u060c \u0648\u0645\u0643\u0648\u0627\u0629 \u0641\u0631\u062f \u0627\u0644\u0634\u0639\u0631\u060c \u0648\u0645\u0643\u0648\u0627\u0629 \u062a\u062c\u0639\u064a\u062f \u0627\u0644\u0634\u0639\u0631\u060c \u0648\u0641\u0631\u0634\u0627\u0629 \u0633\u0627\u062e\u0646\u0629. \u0635\u0627\u0644\u0648\u0646 \u0627\u0644\u0646\u062a\u0627\u0626\u062c \u0641\u064a \u0627\u0644\u0645\u0646\u0632\u0644\u060c \u0633\u0631\u064a\u0639 \u0648\u0641\u0639\u0627\u0644.\",\"breadcrumb\":{\"@id\":\"https:\\\/\\\/dreamacmshopping.com\\\/produit\\\/kit-coiffure-professionnel-5-en-1-enzo-supercare-pro\\\/#breadcrumb\"},\"inLanguage\":\"ar\",\"potentialAction\":[{\"@type\":\"ReadAction\",\"target\":[\"https:\\\/\\\/dreamacmshopping.com\\\/produit\\\/kit-coiffure-professionnel-5-en-1-enzo-supercare-pro\\\/\"]}]},{\"@type\":\"ImageObject\",\"inLanguage\":\"ar\",\"@id\":\"https:\\\/\\\/dreamacmshopping.com\\\/produit\\\/kit-coiffure-professionnel-5-en-1-enzo-supercare-pro\\\/#primaryimage\",\"url\":\"https:\\\/\\\/dreamacmshopping.com\\\/wp-content\\\/uploads\\\/2026\\\/04\\\/H0231130055464338ac3e882d9f899b77V.jpg\",\"contentUrl\":\"https:\\\/\\\/dreamacmshopping.com\\\/wp-content\\\/uploads\\\/2026\\\/04\\\/H0231130055464338ac3e882d9f899b77V.jpg\",\"width\":800,\"height\":800},{\"@type\":\"BreadcrumbList\",\"@id\":\"https:\\\/\\\/dreamacmshopping.com\\\/produit\\\/kit-coiffure-professionnel-5-en-1-enzo-supercare-pro\\\/#breadcrumb\",\"itemListElement\":[{\"@type\":\"ListItem\",\"position\":1,\"name\":\"Accueil\",\"item\":\"https:\\\/\\\/dreamacmshopping.com\\\/\"},{\"@type\":\"ListItem\",\"position\":2,\"name\":\"Boutique\",\"item\":\"https:\\\/\\\/dreamacmshopping.com\\\/boutique\\\/\"},{\"@type\":\"ListItem\",\"position\":3,\"name\":\"Kit coiffure professionnel ENZO Supercare Pro 5 en 1\"}]},{\"@type\":\"WebSite\",\"@id\":\"https:\\\/\\\/dreamacmshopping.com\\\/ar\\\/#website\",\"url\":\"https:\\\/\\\/dreamacmshopping.com\\\/ar\\\/\",\"name\":\"dreamacmshopping.com\",\"description\":\"\",\"publisher\":{\"@id\":\"https:\\\/\\\/dreamacmshopping.com\\\/ar\\\/#organization\"},\"potentialAction\":[{\"@type\":\"SearchAction\",\"target\":{\"@type\":\"EntryPoint\",\"urlTemplate\":\"https:\\\/\\\/dreamacmshopping.com\\\/ar\\\/?s={search_term_string}\"},\"query-input\":{\"@type\":\"PropertyValueSpecification\",\"valueRequired\":true,\"valueName\":\"search_term_string\"}}],\"inLanguage\":\"ar\"},{\"@type\":\"Organization\",\"@id\":\"https:\\\/\\\/dreamacmshopping.com\\\/ar\\\/#organization\",\"name\":\"dreamacmshopping.com\",\"url\":\"https:\\\/\\\/dreamacmshopping.com\\\/ar\\\/\",\"logo\":{\"@type\":\"ImageObject\",\"inLanguage\":\"ar\",\"@id\":\"https:\\\/\\\/dreamacmshopping.com\\\/ar\\\/#\\\/schema\\\/logo\\\/image\\\/\",\"url\":\"https:\\\/\\\/dreamacmshopping.com\\\/wp-content\\\/uploads\\\/2026\\\/01\\\/cropped-cropped-ChatGPT-Image-25-dec.-2025-23_13_16-1.png\",\"contentUrl\":\"https:\\\/\\\/dreamacmshopping.com\\\/wp-content\\\/uploads\\\/2026\\\/01\\\/cropped-cropped-ChatGPT-Image-25-dec.-2025-23_13_16-1.png\",\"width\":511,\"height\":304,\"caption\":\"dreamacmshopping.com\"},\"image\":{\"@id\":\"https:\\\/\\\/dreamacmshopping.com\\\/ar\\\/#\\\/schema\\\/logo\\\/image\\\/\"},\"sameAs\":[\"https:\\\/\\\/www.facebook.com\\\/profile.php?id=61587252187988&locale=fr_FR\"]}]}<\/script>\n<!-- \/ Yoast SEO plugin. -->","yoast_head_json":{"title":"Kit coiffure professionnel ENZO Supercare Pro 5 en 1 - dreamacmshopping.com","description":"Kit coiffure professionnel ENZO Supercare Pro 5 en 1 : s\u00e8che-cheveux, lisseur, boucleur et brosse chauffante. R\u00e9sultat salon \u00e0 domicile, rapide et efficace. \u0645\u062c\u0645\u0648\u0639\u0629 \u062a\u0635\u0641\u064a\u0641 \u0627\u0644\u0634\u0639\u0631 \u0627\u0644\u0627\u062d\u062a\u0631\u0627\u0641\u064a\u0629 5 \u0641\u064a 1 \u0645\u0646 ENZO Supercare Pro: \u0645\u062c\u0641\u0641 \u0634\u0639\u0631\u060c \u0648\u0645\u0643\u0648\u0627\u0629 \u0641\u0631\u062f \u0627\u0644\u0634\u0639\u0631\u060c \u0648\u0645\u0643\u0648\u0627\u0629 \u062a\u062c\u0639\u064a\u062f \u0627\u0644\u0634\u0639\u0631\u060c \u0648\u0641\u0631\u0634\u0627\u0629 \u0633\u0627\u062e\u0646\u0629. \u0635\u0627\u0644\u0648\u0646 \u0627\u0644\u0646\u062a\u0627\u0626\u062c \u0641\u064a \u0627\u0644\u0645\u0646\u0632\u0644\u060c \u0633\u0631\u064a\u0639 \u0648\u0641\u0639\u0627\u0644.","robots":{"index":"index","follow":"follow","max-snippet":"max-snippet:-1","max-image-preview":"max-image-preview:large","max-video-preview":"max-video-preview:-1"},"canonical":"https:\/\/dreamacmshopping.com\/ar\/product\/kit-coiffure-professionnel-5-en-1-enzo-supercare-pro\/","og_locale":"ar_AR","og_type":"article","og_title":"Kit coiffure professionnel ENZO Supercare Pro 5 en 1 - dreamacmshopping.com","og_description":"Kit coiffure professionnel ENZO Supercare Pro 5 en 1 : s\u00e8che-cheveux, lisseur, boucleur et brosse chauffante. R\u00e9sultat salon \u00e0 domicile, rapide et efficace. \u0645\u062c\u0645\u0648\u0639\u0629 \u062a\u0635\u0641\u064a\u0641 \u0627\u0644\u0634\u0639\u0631 \u0627\u0644\u0627\u062d\u062a\u0631\u0627\u0641\u064a\u0629 5 \u0641\u064a 1 \u0645\u0646 ENZO Supercare Pro: \u0645\u062c\u0641\u0641 \u0634\u0639\u0631\u060c \u0648\u0645\u0643\u0648\u0627\u0629 \u0641\u0631\u062f \u0627\u0644\u0634\u0639\u0631\u060c \u0648\u0645\u0643\u0648\u0627\u0629 \u062a\u062c\u0639\u064a\u062f \u0627\u0644\u0634\u0639\u0631\u060c \u0648\u0641\u0631\u0634\u0627\u0629 \u0633\u0627\u062e\u0646\u0629. \u0635\u0627\u0644\u0648\u0646 \u0627\u0644\u0646\u062a\u0627\u0626\u062c \u0641\u064a \u0627\u0644\u0645\u0646\u0632\u0644\u060c \u0633\u0631\u064a\u0639 \u0648\u0641\u0639\u0627\u0644.","og_url":"https:\/\/dreamacmshopping.com\/ar\/product\/kit-coiffure-professionnel-5-en-1-enzo-supercare-pro\/","og_site_name":"dreamacmshopping.com","article_publisher":"https:\/\/www.facebook.com\/profile.php?id=61587252187988&locale=fr_FR","article_modified_time":"2026-04-13T20:03:56+00:00","og_image":[{"width":800,"height":800,"url":"https:\/\/dreamacmshopping.com\/wp-content\/uploads\/2026\/04\/H0231130055464338ac3e882d9f899b77V.jpg","type":"image\/jpeg"}],"twitter_card":"summary_large_image","twitter_misc":{"\u0648\u0642\u062a \u0627\u0644\u0642\u0631\u0627\u0621\u0629 \u0627\u0644\u0645\u064f\u0642\u062f\u0651\u0631":"\u062f\u0642\u064a\u0642\u0629 \u0648\u0627\u062d\u062f\u0629"},"schema":{"@context":"https:\/\/schema.org","@graph":[{"@type":"WebPage","@id":"https:\/\/dreamacmshopping.com\/produit\/kit-coiffure-professionnel-5-en-1-enzo-supercare-pro\/","url":"https:\/\/dreamacmshopping.com\/produit\/kit-coiffure-professionnel-5-en-1-enzo-supercare-pro\/","name":"Kit coiffure professionnel ENZO Supercare Pro 5 en 1 - dreamacmshopping.com","isPartOf":{"@id":"https:\/\/dreamacmshopping.com\/ar\/#website"},"primaryImageOfPage":{"@id":"https:\/\/dreamacmshopping.com\/produit\/kit-coiffure-professionnel-5-en-1-enzo-supercare-pro\/#primaryimage"},"image":{"@id":"https:\/\/dreamacmshopping.com\/produit\/kit-coiffure-professionnel-5-en-1-enzo-supercare-pro\/#primaryimage"},"thumbnailUrl":"https:\/\/dreamacmshopping.com\/wp-content\/uploads\/2026\/04\/H0231130055464338ac3e882d9f899b77V.jpg","datePublished":"2026-04-01T22:12:41+00:00","dateModified":"2026-04-13T20:03:56+00:00","description":"Kit coiffure professionnel ENZO Supercare Pro 5 en 1 : s\u00e8che-cheveux, lisseur, boucleur et brosse chauffante. R\u00e9sultat salon \u00e0 domicile, rapide et efficace. \u0645\u062c\u0645\u0648\u0639\u0629 \u062a\u0635\u0641\u064a\u0641 \u0627\u0644\u0634\u0639\u0631 \u0627\u0644\u0627\u062d\u062a\u0631\u0627\u0641\u064a\u0629 5 \u0641\u064a 1 \u0645\u0646 ENZO Supercare Pro: \u0645\u062c\u0641\u0641 \u0634\u0639\u0631\u060c \u0648\u0645\u0643\u0648\u0627\u0629 \u0641\u0631\u062f \u0627\u0644\u0634\u0639\u0631\u060c \u0648\u0645\u0643\u0648\u0627\u0629 \u062a\u062c\u0639\u064a\u062f \u0627\u0644\u0634\u0639\u0631\u060c \u0648\u0641\u0631\u0634\u0627\u0629 \u0633\u0627\u062e\u0646\u0629. \u0635\u0627\u0644\u0648\u0646 \u0627\u0644\u0646\u062a\u0627\u0626\u062c \u0641\u064a \u0627\u0644\u0645\u0646\u0632\u0644\u060c \u0633\u0631\u064a\u0639 \u0648\u0641\u0639\u0627\u0644.","breadcrumb":{"@id":"https:\/\/dreamacmshopping.com\/produit\/kit-coiffure-professionnel-5-en-1-enzo-supercare-pro\/#breadcrumb"},"inLanguage":"ar","potentialAction":[{"@type":"ReadAction","target":["https:\/\/dreamacmshopping.com\/produit\/kit-coiffure-professionnel-5-en-1-enzo-supercare-pro\/"]}]},{"@type":"ImageObject","inLanguage":"ar","@id":"https:\/\/dreamacmshopping.com\/produit\/kit-coiffure-professionnel-5-en-1-enzo-supercare-pro\/#primaryimage","url":"https:\/\/dreamacmshopping.com\/wp-content\/uploads\/2026\/04\/H0231130055464338ac3e882d9f899b77V.jpg","contentUrl":"https:\/\/dreamacmshopping.com\/wp-content\/uploads\/2026\/04\/H0231130055464338ac3e882d9f899b77V.jpg","width":800,"height":800},{"@type":"BreadcrumbList","@id":"https:\/\/dreamacmshopping.com\/produit\/kit-coiffure-professionnel-5-en-1-enzo-supercare-pro\/#breadcrumb","itemListElement":[{"@type":"ListItem","position":1,"name":"Accueil","item":"https:\/\/dreamacmshopping.com\/"},{"@type":"ListItem","position":2,"name":"Boutique","item":"https:\/\/dreamacmshopping.com\/boutique\/"},{"@type":"ListItem","position":3,"name":"Kit coiffure professionnel ENZO Supercare Pro 5 en 1"}]},{"@type":"WebSite","@id":"https:\/\/dreamacmshopping.com\/ar\/#website","url":"https:\/\/dreamacmshopping.com\/ar\/","name":"dreamacmshopping.com","description":"","publisher":{"@id":"https:\/\/dreamacmshopping.com\/ar\/#organization"},"potentialAction":[{"@type":"SearchAction","target":{"@type":"EntryPoint","urlTemplate":"https:\/\/dreamacmshopping.com\/ar\/?s={search_term_string}"},"query-input":{"@type":"PropertyValueSpecification","valueRequired":true,"valueName":"search_term_string"}}],"inLanguage":"ar"},{"@type":"Organization","@id":"https:\/\/dreamacmshopping.com\/ar\/#organization","name":"dreamacmshopping.com","url":"https:\/\/dreamacmshopping.com\/ar\/","logo":{"@type":"ImageObject","inLanguage":"ar","@id":"https:\/\/dreamacmshopping.com\/ar\/#\/schema\/logo\/image\/","url":"https:\/\/dreamacmshopping.com\/wp-content\/uploads\/2026\/01\/cropped-cropped-ChatGPT-Image-25-dec.-2025-23_13_16-1.png","contentUrl":"https:\/\/dreamacmshopping.com\/wp-content\/uploads\/2026\/01\/cropped-cropped-ChatGPT-Image-25-dec.-2025-23_13_16-1.png","width":511,"height":304,"caption":"dreamacmshopping.com"},"image":{"@id":"https:\/\/dreamacmshopping.com\/ar\/#\/schema\/logo\/image\/"},"sameAs":["https:\/\/www.facebook.com\/profile.php?id=61587252187988&locale=fr_FR"]}]}},"_links":{"self":[{"href":"https:\/\/dreamacmshopping.com\/ar\/wp-json\/wp\/v2\/product\/1059","targetHints":{"allow":["GET"]}}],"collection":[{"href":"https:\/\/dreamacmshopping.com\/ar\/wp-json\/wp\/v2\/product"}],"about":[{"href":"https:\/\/dreamacmshopping.com\/ar\/wp-json\/wp\/v2\/types\/product"}],"replies":[{"embeddable":true,"href":"https:\/\/dreamacmshopping.com\/ar\/wp-json\/wp\/v2\/comments?post=1059"}],"version-history":[{"count":4,"href":"https:\/\/dreamacmshopping.com\/ar\/wp-json\/wp\/v2\/product\/1059\/revisions"}],"predecessor-version":[{"id":1138,"href":"https:\/\/dreamacmshopping.com\/ar\/wp-json\/wp\/v2\/product\/1059\/revisions\/1138"}],"wp:featuredmedia":[{"embeddable":true,"href":"https:\/\/dreamacmshopping.com\/ar\/wp-json\/wp\/v2\/media\/1060"}],"wp:attachment":[{"href":"https:\/\/dreamacmshopping.com\/ar\/wp-json\/wp\/v2\/media?parent=1059"}],"wp:term":[{"taxonomy":"product_brand","embeddable":true,"href":"https:\/\/dreamacmshopping.com\/ar\/wp-json\/wp\/v2\/product_brand?post=1059"},{"taxonomy":"product_cat","embeddable":true,"href":"https:\/\/dreamacmshopping.com\/ar\/wp-json\/wp\/v2\/product_cat?post=1059"},{"taxonomy":"product_tag","embeddable":true,"href":"https:\/\/dreamacmshopping.com\/ar\/wp-json\/wp\/v2\/product_tag?post=1059"}],"curies":[{"name":"wp","href":"https:\/\/api.w.org\/{rel}","templated":true}]}}