{"id":110,"date":"2026-01-08T18:33:14","date_gmt":"2026-01-08T18:33:14","guid":{"rendered":"https:\/\/dreamacmshopping.com\/?post_type=product&#038;p=110"},"modified":"2026-02-06T19:00:43","modified_gmt":"2026-02-06T19:00:43","slug":"maryam-eau-de-parfum-femme","status":"publish","type":"product","link":"https:\/\/dreamacmshopping.com\/ar\/product\/maryam-eau-de-parfum-femme\/","title":{"rendered":"\u0645\u0631\u064a\u0645 \u2013 \u0639\u0637\u0631 \u0646\u0633\u0627\u0626\u064a (100 \u0645\u0644)"},"content":{"rendered":"<p data-start=\"427\" data-end=\"752\"><strong data-start=\"427\" data-end=\"451\">Maryam Eau de Parfum<\/strong> est une fragrance f\u00e9minine qui allie douceur, \u00e9l\u00e9gance et caract\u00e8re. Inspir\u00e9 des parfums orientaux raffin\u00e9s, ce parfum d\u00e9voile une composition harmonieuse m\u00ealant des <strong data-start=\"618\" data-end=\"646\">notes florales d\u00e9licates<\/strong> et des accords chaleureux, id\u00e9ale pour les femmes qui aiment laisser une empreinte subtile et s\u00e9duisante.<\/p>\n<p data-start=\"754\" data-end=\"940\">Sa senteur \u00e9quilibr\u00e9e convient aussi bien \u00e0 un usage quotidien qu\u2019aux occasions sp\u00e9ciales. Pr\u00e9sent\u00e9 dans un <strong data-start=\"862\" data-end=\"890\">flacon \u00e9l\u00e9gant de 100 ml<\/strong>, Maryam est \u00e9galement une excellente id\u00e9e cadeau.<\/p>\n<p data-start=\"942\" data-end=\"1018\">Un parfum intemporel qui sublime votre f\u00e9minit\u00e9 avec finesse et distinction.<\/p>\n<h2 data-start=\"1025\" data-end=\"1047\">Caract\u00e9ristiques<\/h2>\n<ul data-start=\"1048\" data-end=\"1340\">\n<li data-start=\"1048\" data-end=\"1068\">\n<p data-start=\"1050\" data-end=\"1068\"><strong data-start=\"1050\" data-end=\"1057\">Nom<\/strong> : Maryam<\/p>\n<\/li>\n<li data-start=\"1069\" data-end=\"1103\">\n<p data-start=\"1071\" data-end=\"1103\"><strong data-start=\"1071\" data-end=\"1079\">Type<\/strong> : Eau de Parfum (EDP)<\/p>\n<\/li>\n<li data-start=\"1104\" data-end=\"1131\">\n<p data-start=\"1106\" data-end=\"1131\"><strong data-start=\"1106\" data-end=\"1120\">Contenance<\/strong> : 100 ml<\/p>\n<\/li>\n<li data-start=\"1132\" data-end=\"1154\">\n<p data-start=\"1134\" data-end=\"1154\"><strong data-start=\"1134\" data-end=\"1144\">Public<\/strong> : Femme<\/p>\n<\/li>\n<li data-start=\"1155\" data-end=\"1202\">\n<p data-start=\"1157\" data-end=\"1202\"><strong data-start=\"1157\" data-end=\"1178\">Famille olfactive<\/strong> : Orientale \/ Florale<\/p>\n<\/li>\n<li data-start=\"1203\" data-end=\"1231\">\n<p data-start=\"1205\" data-end=\"1231\"><strong data-start=\"1205\" data-end=\"1214\">Tenue<\/strong> : Longue dur\u00e9e<\/p>\n<\/li>\n<li data-start=\"1232\" data-end=\"1292\">\n<p data-start=\"1234\" data-end=\"1292\"><strong data-start=\"1234\" data-end=\"1249\">Utilisation<\/strong> : Quotidien, soir\u00e9e, occasions sp\u00e9ciales<\/p>\n<\/li>\n<li data-start=\"1293\" data-end=\"1340\">\n<p data-start=\"1295\" data-end=\"1340\"><strong data-start=\"1295\" data-end=\"1311\">Pr\u00e9sentation<\/strong> : Flacon + bo\u00eete d\u2019origine<\/p>\n<\/li>\n<\/ul>","protected":false},"excerpt":{"rendered":"<p>Parfum f\u00e9minin \u00e9l\u00e9gant aux notes orientales et florales, offrant une senteur raffin\u00e9e et une tenue longue dur\u00e9e.<\/p>","protected":false},"featured_media":111,"comment_status":"open","ping_status":"closed","template":"","meta":{"inline_featured_image":false,"ocean_post_layout":"","ocean_both_sidebars_style":"","ocean_both_sidebars_content_width":0,"ocean_both_sidebars_sidebars_width":0,"ocean_sidebar":"0","ocean_second_sidebar":"0","ocean_disable_margins":"enable","ocean_add_body_class":"","ocean_shortcode_before_top_bar":"","ocean_shortcode_after_top_bar":"","ocean_shortcode_before_header":"","ocean_shortcode_after_header":"","ocean_has_shortcode":"","ocean_shortcode_after_title":"","ocean_shortcode_before_footer_widgets":"","ocean_shortcode_after_footer_widgets":"","ocean_shortcode_before_footer_bottom":"","ocean_shortcode_after_footer_bottom":"","ocean_display_top_bar":"default","ocean_display_header":"default","ocean_header_style":"","ocean_center_header_left_menu":"0","ocean_custom_header_template":"0","ocean_custom_logo":0,"ocean_custom_retina_logo":0,"ocean_custom_logo_max_width":0,"ocean_custom_logo_tablet_max_width":0,"ocean_custom_logo_mobile_max_width":0,"ocean_custom_logo_max_height":0,"ocean_custom_logo_tablet_max_height":0,"ocean_custom_logo_mobile_max_height":0,"ocean_header_custom_menu":"0","ocean_menu_typo_font_family":"0","ocean_menu_typo_font_subset":"","ocean_menu_typo_font_size":0,"ocean_menu_typo_font_size_tablet":0,"ocean_menu_typo_font_size_mobile":0,"ocean_menu_typo_font_size_unit":"px","ocean_menu_typo_font_weight":"","ocean_menu_typo_font_weight_tablet":"","ocean_menu_typo_font_weight_mobile":"","ocean_menu_typo_transform":"","ocean_menu_typo_transform_tablet":"","ocean_menu_typo_transform_mobile":"","ocean_menu_typo_line_height":0,"ocean_menu_typo_line_height_tablet":0,"ocean_menu_typo_line_height_mobile":0,"ocean_menu_typo_line_height_unit":"","ocean_menu_typo_spacing":0,"ocean_menu_typo_spacing_tablet":0,"ocean_menu_typo_spacing_mobile":0,"ocean_menu_typo_spacing_unit":"","ocean_menu_link_color":"","ocean_menu_link_color_hover":"","ocean_menu_link_color_active":"","ocean_menu_link_background":"","ocean_menu_link_hover_background":"","ocean_menu_link_active_background":"","ocean_menu_social_links_bg":"","ocean_menu_social_hover_links_bg":"","ocean_menu_social_links_color":"","ocean_menu_social_hover_links_color":"","ocean_disable_title":"default","ocean_disable_heading":"default","ocean_post_title":"","ocean_post_subheading":"","ocean_post_title_style":"","ocean_post_title_background_color":"","ocean_post_title_background":0,"ocean_post_title_bg_image_position":"","ocean_post_title_bg_image_attachment":"","ocean_post_title_bg_image_repeat":"","ocean_post_title_bg_image_size":"","ocean_post_title_height":0,"ocean_post_title_bg_overlay":0.5,"ocean_post_title_bg_overlay_color":"","ocean_disable_breadcrumbs":"default","ocean_breadcrumbs_color":"","ocean_breadcrumbs_separator_color":"","ocean_breadcrumbs_links_color":"","ocean_breadcrumbs_links_hover_color":"","ocean_display_footer_widgets":"default","ocean_display_footer_bottom":"default","ocean_custom_footer_template":"0"},"product_brand":[],"product_cat":[15,41],"product_tag":[42],"class_list":{"0":"post-110","1":"product","2":"type-product","3":"status-publish","4":"has-post-thumbnail","6":"product_cat-non-classe","7":"product_cat-parfums","8":"product_tag-parfum-femme-maryam-parfum-eau-de-parfum-parfum-oriental-parfum-floral-parfum-longue-tenue-parfum-elegant-parfum-cadeau","10":"entry","11":"has-media","13":"first","14":"instock","15":"sale","16":"featured","17":"shipping-taxable","18":"purchasable","19":"product-type-simple","20":"col","21":"span_1_of_4","22":"owp-content-center","23":"owp-thumbs-layout-horizontal","24":"owp-btn-normal","25":"owp-tabs-layout-horizontal"},"yoast_head":"<!-- This site is optimized with the Yoast SEO plugin v27.3 - https:\/\/yoast.com\/product\/yoast-seo-wordpress\/ -->\n<title>Maryam \u2013 Eau de Parfum Femme (100 ml) - dreamacmshopping.com<\/title>\n<meta name=\"description\" content=\"Parfum f\u00e9minin \u00e9l\u00e9gant aux notes orientales et florales, offrant une senteur raffin\u00e9e et une tenue longue dur\u00e9e. \u0639\u0637\u0631 \u0623\u0646\u062b\u0648\u064a \u0623\u0646\u064a\u0642 \u0645\u0639 \u0631\u0648\u0627\u0626\u062d \u0634\u0631\u0642\u064a\u0629 \u0648\u0632\u0647\u0631\u064a\u0629\u060c \u064a\u0648\u0641\u0631 \u0631\u0627\u0626\u062d\u0629 \u0631\u0627\u0642\u064a\u0629 \u0648\u0627\u0631\u062a\u062f\u0627\u0621 \u064a\u062f\u0648\u0645 \u0637\u0648\u064a\u0644\u0627\u064b.\" \/>\n<meta name=\"robots\" content=\"index, follow, max-snippet:-1, max-image-preview:large, max-video-preview:-1\" \/>\n<link rel=\"canonical\" href=\"https:\/\/dreamacmshopping.com\/ar\/product\/maryam-eau-de-parfum-femme\/\" \/>\n<meta property=\"og:locale\" content=\"ar_AR\" \/>\n<meta property=\"og:type\" content=\"article\" \/>\n<meta property=\"og:title\" content=\"Maryam \u2013 Eau de Parfum Femme (100 ml) - dreamacmshopping.com\" \/>\n<meta property=\"og:description\" content=\"Parfum f\u00e9minin \u00e9l\u00e9gant aux notes orientales et florales, offrant une senteur raffin\u00e9e et une tenue longue dur\u00e9e. \u0639\u0637\u0631 \u0623\u0646\u062b\u0648\u064a \u0623\u0646\u064a\u0642 \u0645\u0639 \u0631\u0648\u0627\u0626\u062d \u0634\u0631\u0642\u064a\u0629 \u0648\u0632\u0647\u0631\u064a\u0629\u060c \u064a\u0648\u0641\u0631 \u0631\u0627\u0626\u062d\u0629 \u0631\u0627\u0642\u064a\u0629 \u0648\u0627\u0631\u062a\u062f\u0627\u0621 \u064a\u062f\u0648\u0645 \u0637\u0648\u064a\u0644\u0627\u064b.\" \/>\n<meta property=\"og:url\" content=\"https:\/\/dreamacmshopping.com\/ar\/product\/maryam-eau-de-parfum-femme\/\" \/>\n<meta property=\"og:site_name\" content=\"dreamacmshopping.com\" \/>\n<meta property=\"article:publisher\" content=\"https:\/\/www.facebook.com\/profile.php?id=61587252187988&amp;locale=fr_FR\" \/>\n<meta property=\"article:modified_time\" content=\"2026-02-06T19:00:43+00:00\" \/>\n<meta property=\"og:image\" content=\"https:\/\/dreamacmshopping.com\/wp-content\/uploads\/2026\/01\/parfum-000e.png\" \/>\n\t<meta property=\"og:image:width\" content=\"1000\" \/>\n\t<meta property=\"og:image:height\" content=\"1000\" \/>\n\t<meta property=\"og:image:type\" content=\"image\/png\" \/>\n<meta name=\"twitter:card\" content=\"summary_large_image\" \/>\n<meta name=\"twitter:label1\" content=\"\u0648\u0642\u062a \u0627\u0644\u0642\u0631\u0627\u0621\u0629 \u0627\u0644\u0645\u064f\u0642\u062f\u0651\u0631\" \/>\n\t<meta name=\"twitter:data1\" content=\"\u062f\u0642\u064a\u0642\u0629 \u0648\u0627\u062d\u062f\u0629\" \/>\n<script type=\"application\/ld+json\" class=\"yoast-schema-graph\">{\"@context\":\"https:\\\/\\\/schema.org\",\"@graph\":[{\"@type\":\"WebPage\",\"@id\":\"https:\\\/\\\/dreamacmshopping.com\\\/produit\\\/maryam-eau-de-parfum-femme\\\/\",\"url\":\"https:\\\/\\\/dreamacmshopping.com\\\/produit\\\/maryam-eau-de-parfum-femme\\\/\",\"name\":\"Maryam \u2013 Eau de Parfum Femme (100 ml) - dreamacmshopping.com\",\"isPartOf\":{\"@id\":\"https:\\\/\\\/dreamacmshopping.com\\\/ar\\\/#website\"},\"primaryImageOfPage\":{\"@id\":\"https:\\\/\\\/dreamacmshopping.com\\\/produit\\\/maryam-eau-de-parfum-femme\\\/#primaryimage\"},\"image\":{\"@id\":\"https:\\\/\\\/dreamacmshopping.com\\\/produit\\\/maryam-eau-de-parfum-femme\\\/#primaryimage\"},\"thumbnailUrl\":\"https:\\\/\\\/dreamacmshopping.com\\\/wp-content\\\/uploads\\\/2026\\\/01\\\/parfum-000e.png\",\"datePublished\":\"2026-01-08T18:33:14+00:00\",\"dateModified\":\"2026-02-06T19:00:43+00:00\",\"description\":\"Parfum f\u00e9minin \u00e9l\u00e9gant aux notes orientales et florales, offrant une senteur raffin\u00e9e et une tenue longue dur\u00e9e. \u0639\u0637\u0631 \u0623\u0646\u062b\u0648\u064a \u0623\u0646\u064a\u0642 \u0645\u0639 \u0631\u0648\u0627\u0626\u062d \u0634\u0631\u0642\u064a\u0629 \u0648\u0632\u0647\u0631\u064a\u0629\u060c \u064a\u0648\u0641\u0631 \u0631\u0627\u0626\u062d\u0629 \u0631\u0627\u0642\u064a\u0629 \u0648\u0627\u0631\u062a\u062f\u0627\u0621 \u064a\u062f\u0648\u0645 \u0637\u0648\u064a\u0644\u0627\u064b.\",\"breadcrumb\":{\"@id\":\"https:\\\/\\\/dreamacmshopping.com\\\/produit\\\/maryam-eau-de-parfum-femme\\\/#breadcrumb\"},\"inLanguage\":\"ar\",\"potentialAction\":[{\"@type\":\"ReadAction\",\"target\":[\"https:\\\/\\\/dreamacmshopping.com\\\/produit\\\/maryam-eau-de-parfum-femme\\\/\"]}]},{\"@type\":\"ImageObject\",\"inLanguage\":\"ar\",\"@id\":\"https:\\\/\\\/dreamacmshopping.com\\\/produit\\\/maryam-eau-de-parfum-femme\\\/#primaryimage\",\"url\":\"https:\\\/\\\/dreamacmshopping.com\\\/wp-content\\\/uploads\\\/2026\\\/01\\\/parfum-000e.png\",\"contentUrl\":\"https:\\\/\\\/dreamacmshopping.com\\\/wp-content\\\/uploads\\\/2026\\\/01\\\/parfum-000e.png\",\"width\":1000,\"height\":1000},{\"@type\":\"BreadcrumbList\",\"@id\":\"https:\\\/\\\/dreamacmshopping.com\\\/produit\\\/maryam-eau-de-parfum-femme\\\/#breadcrumb\",\"itemListElement\":[{\"@type\":\"ListItem\",\"position\":1,\"name\":\"Accueil\",\"item\":\"https:\\\/\\\/dreamacmshopping.com\\\/\"},{\"@type\":\"ListItem\",\"position\":2,\"name\":\"Boutique\",\"item\":\"https:\\\/\\\/dreamacmshopping.com\\\/boutique\\\/\"},{\"@type\":\"ListItem\",\"position\":3,\"name\":\"Maryam \u2013 Eau de Parfum Femme (100 ml)\"}]},{\"@type\":\"WebSite\",\"@id\":\"https:\\\/\\\/dreamacmshopping.com\\\/ar\\\/#website\",\"url\":\"https:\\\/\\\/dreamacmshopping.com\\\/ar\\\/\",\"name\":\"dreamacmshopping.com\",\"description\":\"\",\"publisher\":{\"@id\":\"https:\\\/\\\/dreamacmshopping.com\\\/ar\\\/#organization\"},\"potentialAction\":[{\"@type\":\"SearchAction\",\"target\":{\"@type\":\"EntryPoint\",\"urlTemplate\":\"https:\\\/\\\/dreamacmshopping.com\\\/ar\\\/?s={search_term_string}\"},\"query-input\":{\"@type\":\"PropertyValueSpecification\",\"valueRequired\":true,\"valueName\":\"search_term_string\"}}],\"inLanguage\":\"ar\"},{\"@type\":\"Organization\",\"@id\":\"https:\\\/\\\/dreamacmshopping.com\\\/ar\\\/#organization\",\"name\":\"dreamacmshopping.com\",\"url\":\"https:\\\/\\\/dreamacmshopping.com\\\/ar\\\/\",\"logo\":{\"@type\":\"ImageObject\",\"inLanguage\":\"ar\",\"@id\":\"https:\\\/\\\/dreamacmshopping.com\\\/ar\\\/#\\\/schema\\\/logo\\\/image\\\/\",\"url\":\"https:\\\/\\\/dreamacmshopping.com\\\/wp-content\\\/uploads\\\/2026\\\/01\\\/cropped-cropped-ChatGPT-Image-25-dec.-2025-23_13_16-1.png\",\"contentUrl\":\"https:\\\/\\\/dreamacmshopping.com\\\/wp-content\\\/uploads\\\/2026\\\/01\\\/cropped-cropped-ChatGPT-Image-25-dec.-2025-23_13_16-1.png\",\"width\":511,\"height\":304,\"caption\":\"dreamacmshopping.com\"},\"image\":{\"@id\":\"https:\\\/\\\/dreamacmshopping.com\\\/ar\\\/#\\\/schema\\\/logo\\\/image\\\/\"},\"sameAs\":[\"https:\\\/\\\/www.facebook.com\\\/profile.php?id=61587252187988&locale=fr_FR\"]}]}<\/script>\n<!-- \/ Yoast SEO plugin. -->","yoast_head_json":{"title":"Maryam \u2013 Eau de Parfum Femme (100 ml) - dreamacmshopping.com","description":"Parfum f\u00e9minin \u00e9l\u00e9gant aux notes orientales et florales, offrant une senteur raffin\u00e9e et une tenue longue dur\u00e9e. \u0639\u0637\u0631 \u0623\u0646\u062b\u0648\u064a \u0623\u0646\u064a\u0642 \u0645\u0639 \u0631\u0648\u0627\u0626\u062d \u0634\u0631\u0642\u064a\u0629 \u0648\u0632\u0647\u0631\u064a\u0629\u060c \u064a\u0648\u0641\u0631 \u0631\u0627\u0626\u062d\u0629 \u0631\u0627\u0642\u064a\u0629 \u0648\u0627\u0631\u062a\u062f\u0627\u0621 \u064a\u062f\u0648\u0645 \u0637\u0648\u064a\u0644\u0627\u064b.","robots":{"index":"index","follow":"follow","max-snippet":"max-snippet:-1","max-image-preview":"max-image-preview:large","max-video-preview":"max-video-preview:-1"},"canonical":"https:\/\/dreamacmshopping.com\/ar\/product\/maryam-eau-de-parfum-femme\/","og_locale":"ar_AR","og_type":"article","og_title":"Maryam \u2013 Eau de Parfum Femme (100 ml) - dreamacmshopping.com","og_description":"Parfum f\u00e9minin \u00e9l\u00e9gant aux notes orientales et florales, offrant une senteur raffin\u00e9e et une tenue longue dur\u00e9e. \u0639\u0637\u0631 \u0623\u0646\u062b\u0648\u064a \u0623\u0646\u064a\u0642 \u0645\u0639 \u0631\u0648\u0627\u0626\u062d \u0634\u0631\u0642\u064a\u0629 \u0648\u0632\u0647\u0631\u064a\u0629\u060c \u064a\u0648\u0641\u0631 \u0631\u0627\u0626\u062d\u0629 \u0631\u0627\u0642\u064a\u0629 \u0648\u0627\u0631\u062a\u062f\u0627\u0621 \u064a\u062f\u0648\u0645 \u0637\u0648\u064a\u0644\u0627\u064b.","og_url":"https:\/\/dreamacmshopping.com\/ar\/product\/maryam-eau-de-parfum-femme\/","og_site_name":"dreamacmshopping.com","article_publisher":"https:\/\/www.facebook.com\/profile.php?id=61587252187988&locale=fr_FR","article_modified_time":"2026-02-06T19:00:43+00:00","og_image":[{"width":1000,"height":1000,"url":"https:\/\/dreamacmshopping.com\/wp-content\/uploads\/2026\/01\/parfum-000e.png","type":"image\/png"}],"twitter_card":"summary_large_image","twitter_misc":{"\u0648\u0642\u062a \u0627\u0644\u0642\u0631\u0627\u0621\u0629 \u0627\u0644\u0645\u064f\u0642\u062f\u0651\u0631":"\u062f\u0642\u064a\u0642\u0629 \u0648\u0627\u062d\u062f\u0629"},"schema":{"@context":"https:\/\/schema.org","@graph":[{"@type":"WebPage","@id":"https:\/\/dreamacmshopping.com\/produit\/maryam-eau-de-parfum-femme\/","url":"https:\/\/dreamacmshopping.com\/produit\/maryam-eau-de-parfum-femme\/","name":"Maryam \u2013 Eau de Parfum Femme (100 ml) - dreamacmshopping.com","isPartOf":{"@id":"https:\/\/dreamacmshopping.com\/ar\/#website"},"primaryImageOfPage":{"@id":"https:\/\/dreamacmshopping.com\/produit\/maryam-eau-de-parfum-femme\/#primaryimage"},"image":{"@id":"https:\/\/dreamacmshopping.com\/produit\/maryam-eau-de-parfum-femme\/#primaryimage"},"thumbnailUrl":"https:\/\/dreamacmshopping.com\/wp-content\/uploads\/2026\/01\/parfum-000e.png","datePublished":"2026-01-08T18:33:14+00:00","dateModified":"2026-02-06T19:00:43+00:00","description":"Parfum f\u00e9minin \u00e9l\u00e9gant aux notes orientales et florales, offrant une senteur raffin\u00e9e et une tenue longue dur\u00e9e. \u0639\u0637\u0631 \u0623\u0646\u062b\u0648\u064a \u0623\u0646\u064a\u0642 \u0645\u0639 \u0631\u0648\u0627\u0626\u062d \u0634\u0631\u0642\u064a\u0629 \u0648\u0632\u0647\u0631\u064a\u0629\u060c \u064a\u0648\u0641\u0631 \u0631\u0627\u0626\u062d\u0629 \u0631\u0627\u0642\u064a\u0629 \u0648\u0627\u0631\u062a\u062f\u0627\u0621 \u064a\u062f\u0648\u0645 \u0637\u0648\u064a\u0644\u0627\u064b.","breadcrumb":{"@id":"https:\/\/dreamacmshopping.com\/produit\/maryam-eau-de-parfum-femme\/#breadcrumb"},"inLanguage":"ar","potentialAction":[{"@type":"ReadAction","target":["https:\/\/dreamacmshopping.com\/produit\/maryam-eau-de-parfum-femme\/"]}]},{"@type":"ImageObject","inLanguage":"ar","@id":"https:\/\/dreamacmshopping.com\/produit\/maryam-eau-de-parfum-femme\/#primaryimage","url":"https:\/\/dreamacmshopping.com\/wp-content\/uploads\/2026\/01\/parfum-000e.png","contentUrl":"https:\/\/dreamacmshopping.com\/wp-content\/uploads\/2026\/01\/parfum-000e.png","width":1000,"height":1000},{"@type":"BreadcrumbList","@id":"https:\/\/dreamacmshopping.com\/produit\/maryam-eau-de-parfum-femme\/#breadcrumb","itemListElement":[{"@type":"ListItem","position":1,"name":"Accueil","item":"https:\/\/dreamacmshopping.com\/"},{"@type":"ListItem","position":2,"name":"Boutique","item":"https:\/\/dreamacmshopping.com\/boutique\/"},{"@type":"ListItem","position":3,"name":"Maryam \u2013 Eau de Parfum Femme (100 ml)"}]},{"@type":"WebSite","@id":"https:\/\/dreamacmshopping.com\/ar\/#website","url":"https:\/\/dreamacmshopping.com\/ar\/","name":"dreamacmshopping.com","description":"","publisher":{"@id":"https:\/\/dreamacmshopping.com\/ar\/#organization"},"potentialAction":[{"@type":"SearchAction","target":{"@type":"EntryPoint","urlTemplate":"https:\/\/dreamacmshopping.com\/ar\/?s={search_term_string}"},"query-input":{"@type":"PropertyValueSpecification","valueRequired":true,"valueName":"search_term_string"}}],"inLanguage":"ar"},{"@type":"Organization","@id":"https:\/\/dreamacmshopping.com\/ar\/#organization","name":"dreamacmshopping.com","url":"https:\/\/dreamacmshopping.com\/ar\/","logo":{"@type":"ImageObject","inLanguage":"ar","@id":"https:\/\/dreamacmshopping.com\/ar\/#\/schema\/logo\/image\/","url":"https:\/\/dreamacmshopping.com\/wp-content\/uploads\/2026\/01\/cropped-cropped-ChatGPT-Image-25-dec.-2025-23_13_16-1.png","contentUrl":"https:\/\/dreamacmshopping.com\/wp-content\/uploads\/2026\/01\/cropped-cropped-ChatGPT-Image-25-dec.-2025-23_13_16-1.png","width":511,"height":304,"caption":"dreamacmshopping.com"},"image":{"@id":"https:\/\/dreamacmshopping.com\/ar\/#\/schema\/logo\/image\/"},"sameAs":["https:\/\/www.facebook.com\/profile.php?id=61587252187988&locale=fr_FR"]}]}},"_links":{"self":[{"href":"https:\/\/dreamacmshopping.com\/ar\/wp-json\/wp\/v2\/product\/110","targetHints":{"allow":["GET"]}}],"collection":[{"href":"https:\/\/dreamacmshopping.com\/ar\/wp-json\/wp\/v2\/product"}],"about":[{"href":"https:\/\/dreamacmshopping.com\/ar\/wp-json\/wp\/v2\/types\/product"}],"replies":[{"embeddable":true,"href":"https:\/\/dreamacmshopping.com\/ar\/wp-json\/wp\/v2\/comments?post=110"}],"version-history":[{"count":1,"href":"https:\/\/dreamacmshopping.com\/ar\/wp-json\/wp\/v2\/product\/110\/revisions"}],"predecessor-version":[{"id":185,"href":"https:\/\/dreamacmshopping.com\/ar\/wp-json\/wp\/v2\/product\/110\/revisions\/185"}],"wp:featuredmedia":[{"embeddable":true,"href":"https:\/\/dreamacmshopping.com\/ar\/wp-json\/wp\/v2\/media\/111"}],"wp:attachment":[{"href":"https:\/\/dreamacmshopping.com\/ar\/wp-json\/wp\/v2\/media?parent=110"}],"wp:term":[{"taxonomy":"product_brand","embeddable":true,"href":"https:\/\/dreamacmshopping.com\/ar\/wp-json\/wp\/v2\/product_brand?post=110"},{"taxonomy":"product_cat","embeddable":true,"href":"https:\/\/dreamacmshopping.com\/ar\/wp-json\/wp\/v2\/product_cat?post=110"},{"taxonomy":"product_tag","embeddable":true,"href":"https:\/\/dreamacmshopping.com\/ar\/wp-json\/wp\/v2\/product_tag?post=110"}],"curies":[{"name":"wp","href":"https:\/\/api.w.org\/{rel}","templated":true}]}}