{"id":116,"date":"2026-01-08T19:50:36","date_gmt":"2026-01-08T19:50:36","guid":{"rendered":"https:\/\/dreamacmshopping.com\/?post_type=product&#038;p=116"},"modified":"2026-02-02T18:11:49","modified_gmt":"2026-02-02T18:11:49","slug":"sac-a-dos-hunter-b00531-laptop-15-6-sac-a-dos-hunter-b00531-%d9%83%d9%85%d8%a8%d9%8a%d9%88%d8%aa%d8%b1-%d9%85%d8%ad%d9%85%d9%88%d9%84-15-6","status":"publish","type":"product","link":"https:\/\/dreamacmshopping.com\/ar\/product\/sac-a-dos-hunter-b00531-laptop-15-6-sac-a-dos-hunter-b00531-%d9%83%d9%85%d8%a8%d9%8a%d9%88%d8%aa%d8%b1-%d9%85%d8%ad%d9%85%d9%88%d9%84-15-6\/","title":{"rendered":"Sac \u00e0 dos HUNTER B00531 \u2013 Laptop 15.6&Prime;"},"content":{"rendered":"<p data-start=\"398\" data-end=\"708\">Le <strong data-start=\"401\" data-end=\"428\">sac \u00e0 dos HUNTER B00531<\/strong> est con\u00e7u pour offrir une protection optimale \u00e0 votre <strong data-start=\"483\" data-end=\"526\">ordinateur portable jusqu\u2019\u00e0 15.6 pouces<\/strong>, tout en garantissant confort et praticit\u00e9 au quotidien. Son design moderne et professionnel le rend parfaitement adapt\u00e9 aux \u00e9tudiants, aux travailleurs et aux d\u00e9placements urbains.<\/p>\n<p data-start=\"710\" data-end=\"986\">Dot\u00e9 d\u2019un <strong data-start=\"720\" data-end=\"757\">compartiment renforc\u00e9 pour laptop<\/strong>, ce sac permet de transporter en toute s\u00e9curit\u00e9 votre ordinateur ainsi que vos documents, chargeurs et accessoires. Les <strong data-start=\"878\" data-end=\"916\">bretelles rembourr\u00e9es et r\u00e9glables<\/strong> assurent un excellent confort, m\u00eame lors d\u2019une utilisation prolong\u00e9e.<\/p>\n<p data-start=\"988\" data-end=\"1101\">R\u00e9sistant et fonctionnel, le HUNTER B00531 est un choix fiable pour allier <strong data-start=\"1063\" data-end=\"1100\">organisation, protection et style<\/strong>.<\/p>\n<h2 data-start=\"1108\" data-end=\"1130\">Caract\u00e9ristiques<\/h2>\n<ul data-start=\"1131\" data-end=\"1508\">\n<li data-start=\"1131\" data-end=\"1154\">\n<p data-start=\"1133\" data-end=\"1154\"><strong data-start=\"1133\" data-end=\"1143\">Marque<\/strong> : HUNTER<\/p>\n<\/li>\n<li data-start=\"1155\" data-end=\"1178\">\n<p data-start=\"1157\" data-end=\"1178\"><strong data-start=\"1157\" data-end=\"1167\">Mod\u00e8le<\/strong> : B00531<\/p>\n<\/li>\n<li data-start=\"1179\" data-end=\"1210\">\n<p data-start=\"1181\" data-end=\"1210\"><strong data-start=\"1181\" data-end=\"1189\">Type<\/strong> : Sac \u00e0 dos laptop<\/p>\n<\/li>\n<li data-start=\"1211\" data-end=\"1265\">\n<p data-start=\"1213\" data-end=\"1265\"><strong data-start=\"1213\" data-end=\"1241\">Taille laptop compatible<\/strong> : Jusqu\u2019\u00e0 15.6 pouces<\/p>\n<\/li>\n<li data-start=\"1266\" data-end=\"1303\">\n<p data-start=\"1268\" data-end=\"1303\"><strong data-start=\"1268\" data-end=\"1279\">Mati\u00e8re<\/strong> : Polyester r\u00e9sistant<\/p>\n<\/li>\n<li data-start=\"1304\" data-end=\"1352\">\n<p data-start=\"1306\" data-end=\"1352\"><strong data-start=\"1306\" data-end=\"1333\">Compartiment ordinateur<\/strong> : Oui (renforc\u00e9)<\/p>\n<\/li>\n<li data-start=\"1353\" data-end=\"1383\">\n<p data-start=\"1355\" data-end=\"1383\"><strong data-start=\"1355\" data-end=\"1368\">Fermeture<\/strong> : Zip solide<\/p>\n<\/li>\n<li data-start=\"1384\" data-end=\"1403\">\n<p data-start=\"1386\" data-end=\"1403\"><strong data-start=\"1386\" data-end=\"1395\">Port\u00e9<\/strong> : Dos<\/p>\n<\/li>\n<li data-start=\"1404\" data-end=\"1456\">\n<p data-start=\"1406\" data-end=\"1456\"><strong data-start=\"1406\" data-end=\"1417\">Confort<\/strong> : Bretelles r\u00e9glables et rembourr\u00e9es<\/p>\n<\/li>\n<li data-start=\"1457\" data-end=\"1508\">\n<p data-start=\"1459\" data-end=\"1508\"><strong data-start=\"1459\" data-end=\"1474\">Utilisation<\/strong> : Travail, \u00e9tudes, d\u00e9placements<\/p>\n<\/li>\n<\/ul>","protected":false},"excerpt":{"rendered":"<p>Sac \u00e0 dos HUNTER B00531 pour ordinateur portable 15.6 pouces, robuste et confortable, id\u00e9al pour le travail, les \u00e9tudes et les d\u00e9placements quotidiens.<\/p>","protected":false},"featured_media":117,"comment_status":"open","ping_status":"closed","template":"","meta":{"inline_featured_image":false,"ocean_post_layout":"","ocean_both_sidebars_style":"","ocean_both_sidebars_content_width":0,"ocean_both_sidebars_sidebars_width":0,"ocean_sidebar":"","ocean_second_sidebar":"","ocean_disable_margins":"enable","ocean_add_body_class":"","ocean_shortcode_before_top_bar":"","ocean_shortcode_after_top_bar":"","ocean_shortcode_before_header":"","ocean_shortcode_after_header":"","ocean_has_shortcode":"","ocean_shortcode_after_title":"","ocean_shortcode_before_footer_widgets":"","ocean_shortcode_after_footer_widgets":"","ocean_shortcode_before_footer_bottom":"","ocean_shortcode_after_footer_bottom":"","ocean_display_top_bar":"default","ocean_display_header":"default","ocean_header_style":"","ocean_center_header_left_menu":"","ocean_custom_header_template":"","ocean_custom_logo":0,"ocean_custom_retina_logo":0,"ocean_custom_logo_max_width":0,"ocean_custom_logo_tablet_max_width":0,"ocean_custom_logo_mobile_max_width":0,"ocean_custom_logo_max_height":0,"ocean_custom_logo_tablet_max_height":0,"ocean_custom_logo_mobile_max_height":0,"ocean_header_custom_menu":"","ocean_menu_typo_font_family":"","ocean_menu_typo_font_subset":"","ocean_menu_typo_font_size":0,"ocean_menu_typo_font_size_tablet":0,"ocean_menu_typo_font_size_mobile":0,"ocean_menu_typo_font_size_unit":"px","ocean_menu_typo_font_weight":"","ocean_menu_typo_font_weight_tablet":"","ocean_menu_typo_font_weight_mobile":"","ocean_menu_typo_transform":"","ocean_menu_typo_transform_tablet":"","ocean_menu_typo_transform_mobile":"","ocean_menu_typo_line_height":0,"ocean_menu_typo_line_height_tablet":0,"ocean_menu_typo_line_height_mobile":0,"ocean_menu_typo_line_height_unit":"","ocean_menu_typo_spacing":0,"ocean_menu_typo_spacing_tablet":0,"ocean_menu_typo_spacing_mobile":0,"ocean_menu_typo_spacing_unit":"","ocean_menu_link_color":"","ocean_menu_link_color_hover":"","ocean_menu_link_color_active":"","ocean_menu_link_background":"","ocean_menu_link_hover_background":"","ocean_menu_link_active_background":"","ocean_menu_social_links_bg":"","ocean_menu_social_hover_links_bg":"","ocean_menu_social_links_color":"","ocean_menu_social_hover_links_color":"","ocean_disable_title":"default","ocean_disable_heading":"default","ocean_post_title":"","ocean_post_subheading":"","ocean_post_title_style":"","ocean_post_title_background_color":"","ocean_post_title_background":0,"ocean_post_title_bg_image_position":"","ocean_post_title_bg_image_attachment":"","ocean_post_title_bg_image_repeat":"","ocean_post_title_bg_image_size":"","ocean_post_title_height":0,"ocean_post_title_bg_overlay":0.5,"ocean_post_title_bg_overlay_color":"","ocean_disable_breadcrumbs":"default","ocean_breadcrumbs_color":"","ocean_breadcrumbs_separator_color":"","ocean_breadcrumbs_links_color":"","ocean_breadcrumbs_links_hover_color":"","ocean_display_footer_widgets":"default","ocean_display_footer_bottom":"default","ocean_custom_footer_template":""},"product_brand":[],"product_cat":[15,44],"product_tag":[47,45,49,46,48,50,51],"class_list":{"0":"post-116","1":"product","2":"type-product","3":"status-publish","4":"has-post-thumbnail","6":"product_cat-non-classe","7":"product_cat-sac-a-dos","8":"product_tag-sac-a-dos-hunter","9":"product_tag-sac-a-dos-laptop","10":"product_tag-sac-etudiant","11":"product_tag-sac-ordinateur-15-6-pouces","12":"product_tag-sac-pc-portable","13":"product_tag-sac-travail","14":"product_tag-sac-travail-sac-a-dos-informatique","16":"entry","17":"has-media","19":"first","20":"instock","21":"featured","22":"shipping-taxable","23":"purchasable","24":"product-type-simple","25":"col","26":"span_1_of_4","27":"owp-content-center","28":"owp-thumbs-layout-horizontal","29":"owp-btn-normal","30":"owp-tabs-layout-horizontal"},"yoast_head":"<!-- This site is optimized with the Yoast SEO plugin v27.3 - https:\/\/yoast.com\/product\/yoast-seo-wordpress\/ -->\n<title>Sac \u00e0 dos HUNTER B00531 \u2013 Laptop 15.6&quot; - dreamacmshopping.com<\/title>\n<meta name=\"description\" content=\"\u062d\u0642\u064a\u0628\u0629 \u0638\u0647\u0631 HUNTER B00531 \u0644\u0644\u0643\u0645\u0628\u064a\u0648\u062a\u0631 \u0627\u0644\u0645\u062d\u0645\u0648\u0644 \u0645\u0642\u0627\u0633 15.6 \u0628\u0648\u0635\u0629\u060c \u0642\u0648\u064a\u0629 \u0648\u0645\u0631\u064a\u062d\u0629\u060c \u0645\u062b\u0627\u0644\u064a\u0629 \u0644\u0644\u0639\u0645\u0644 \u0648\u0627\u0644\u062f\u0631\u0627\u0633\u0629 \u0648\u0627\u0644\u0631\u062d\u0644\u0627\u062a \u0627\u0644\u064a\u0648\u0645\u064a\u0629. Sac \u00e0 dos HUNTER B00531 pour ordinateur portable 15.6 pouces, robuste et confortable, id\u00e9al pour le travail, les \u00e9tudes et les d\u00e9placements quotidiens.\" \/>\n<meta name=\"robots\" content=\"index, follow, max-snippet:-1, max-image-preview:large, max-video-preview:-1\" \/>\n<link rel=\"canonical\" href=\"https:\/\/dreamacmshopping.com\/ar\/product\/sac-a-dos-hunter-b00531-laptop-15-6-sac-a-dos-hunter-b00531-\u0643\u0645\u0628\u064a\u0648\u062a\u0631-\u0645\u062d\u0645\u0648\u0644-15-6\/\" \/>\n<meta property=\"og:locale\" content=\"ar_AR\" \/>\n<meta property=\"og:type\" content=\"article\" \/>\n<meta property=\"og:title\" content=\"Sac \u00e0 dos HUNTER B00531 \u2013 Laptop 15.6&quot; - dreamacmshopping.com\" \/>\n<meta property=\"og:description\" content=\"\u062d\u0642\u064a\u0628\u0629 \u0638\u0647\u0631 HUNTER B00531 \u0644\u0644\u0643\u0645\u0628\u064a\u0648\u062a\u0631 \u0627\u0644\u0645\u062d\u0645\u0648\u0644 \u0645\u0642\u0627\u0633 15.6 \u0628\u0648\u0635\u0629\u060c \u0642\u0648\u064a\u0629 \u0648\u0645\u0631\u064a\u062d\u0629\u060c \u0645\u062b\u0627\u0644\u064a\u0629 \u0644\u0644\u0639\u0645\u0644 \u0648\u0627\u0644\u062f\u0631\u0627\u0633\u0629 \u0648\u0627\u0644\u0631\u062d\u0644\u0627\u062a \u0627\u0644\u064a\u0648\u0645\u064a\u0629. Sac \u00e0 dos HUNTER B00531 pour ordinateur portable 15.6 pouces, robuste et confortable, id\u00e9al pour le travail, les \u00e9tudes et les d\u00e9placements quotidiens.\" \/>\n<meta property=\"og:url\" content=\"https:\/\/dreamacmshopping.com\/ar\/product\/sac-a-dos-hunter-b00531-laptop-15-6-sac-a-dos-hunter-b00531-\u0643\u0645\u0628\u064a\u0648\u062a\u0631-\u0645\u062d\u0645\u0648\u0644-15-6\/\" \/>\n<meta property=\"og:site_name\" content=\"dreamacmshopping.com\" \/>\n<meta property=\"article:publisher\" content=\"https:\/\/www.facebook.com\/profile.php?id=61587252187988&amp;locale=fr_FR\" \/>\n<meta property=\"article:modified_time\" content=\"2026-02-02T18:11:49+00:00\" \/>\n<meta property=\"og:image\" content=\"https:\/\/dreamacmshopping.com\/wp-content\/uploads\/2026\/01\/Sans-titre-1000-x-1000-px-1.png\" \/>\n\t<meta property=\"og:image:width\" content=\"1000\" \/>\n\t<meta property=\"og:image:height\" content=\"1000\" \/>\n\t<meta property=\"og:image:type\" content=\"image\/png\" \/>\n<meta name=\"twitter:card\" content=\"summary_large_image\" \/>\n<meta name=\"twitter:label1\" content=\"\u0648\u0642\u062a \u0627\u0644\u0642\u0631\u0627\u0621\u0629 \u0627\u0644\u0645\u064f\u0642\u062f\u0651\u0631\" \/>\n\t<meta name=\"twitter:data1\" content=\"\u062f\u0642\u064a\u0642\u0629 \u0648\u0627\u062d\u062f\u0629\" \/>\n<script type=\"application\/ld+json\" class=\"yoast-schema-graph\">{\"@context\":\"https:\\\/\\\/schema.org\",\"@graph\":[{\"@type\":\"WebPage\",\"@id\":\"https:\\\/\\\/dreamacmshopping.com\\\/produit\\\/sac-a-dos-hunter-b00531-laptop-15-6-sac-a-dos-hunter-b00531-%d9%83%d9%85%d8%a8%d9%8a%d9%88%d8%aa%d8%b1-%d9%85%d8%ad%d9%85%d9%88%d9%84-15-6\\\/\",\"url\":\"https:\\\/\\\/dreamacmshopping.com\\\/produit\\\/sac-a-dos-hunter-b00531-laptop-15-6-sac-a-dos-hunter-b00531-%d9%83%d9%85%d8%a8%d9%8a%d9%88%d8%aa%d8%b1-%d9%85%d8%ad%d9%85%d9%88%d9%84-15-6\\\/\",\"name\":\"Sac \u00e0 dos HUNTER B00531 \u2013 Laptop 15.6\\\" - dreamacmshopping.com\",\"isPartOf\":{\"@id\":\"https:\\\/\\\/dreamacmshopping.com\\\/ar\\\/#website\"},\"primaryImageOfPage\":{\"@id\":\"https:\\\/\\\/dreamacmshopping.com\\\/produit\\\/sac-a-dos-hunter-b00531-laptop-15-6-sac-a-dos-hunter-b00531-%d9%83%d9%85%d8%a8%d9%8a%d9%88%d8%aa%d8%b1-%d9%85%d8%ad%d9%85%d9%88%d9%84-15-6\\\/#primaryimage\"},\"image\":{\"@id\":\"https:\\\/\\\/dreamacmshopping.com\\\/produit\\\/sac-a-dos-hunter-b00531-laptop-15-6-sac-a-dos-hunter-b00531-%d9%83%d9%85%d8%a8%d9%8a%d9%88%d8%aa%d8%b1-%d9%85%d8%ad%d9%85%d9%88%d9%84-15-6\\\/#primaryimage\"},\"thumbnailUrl\":\"https:\\\/\\\/dreamacmshopping.com\\\/wp-content\\\/uploads\\\/2026\\\/01\\\/Sans-titre-1000-x-1000-px-1.png\",\"datePublished\":\"2026-01-08T19:50:36+00:00\",\"dateModified\":\"2026-02-02T18:11:49+00:00\",\"description\":\"\u062d\u0642\u064a\u0628\u0629 \u0638\u0647\u0631 HUNTER B00531 \u0644\u0644\u0643\u0645\u0628\u064a\u0648\u062a\u0631 \u0627\u0644\u0645\u062d\u0645\u0648\u0644 \u0645\u0642\u0627\u0633 15.6 \u0628\u0648\u0635\u0629\u060c \u0642\u0648\u064a\u0629 \u0648\u0645\u0631\u064a\u062d\u0629\u060c \u0645\u062b\u0627\u0644\u064a\u0629 \u0644\u0644\u0639\u0645\u0644 \u0648\u0627\u0644\u062f\u0631\u0627\u0633\u0629 \u0648\u0627\u0644\u0631\u062d\u0644\u0627\u062a \u0627\u0644\u064a\u0648\u0645\u064a\u0629. Sac \u00e0 dos HUNTER B00531 pour ordinateur portable 15.6 pouces, robuste et confortable, id\u00e9al pour le travail, les \u00e9tudes et les d\u00e9placements quotidiens.\",\"breadcrumb\":{\"@id\":\"https:\\\/\\\/dreamacmshopping.com\\\/produit\\\/sac-a-dos-hunter-b00531-laptop-15-6-sac-a-dos-hunter-b00531-%d9%83%d9%85%d8%a8%d9%8a%d9%88%d8%aa%d8%b1-%d9%85%d8%ad%d9%85%d9%88%d9%84-15-6\\\/#breadcrumb\"},\"inLanguage\":\"ar\",\"potentialAction\":[{\"@type\":\"ReadAction\",\"target\":[\"https:\\\/\\\/dreamacmshopping.com\\\/produit\\\/sac-a-dos-hunter-b00531-laptop-15-6-sac-a-dos-hunter-b00531-%d9%83%d9%85%d8%a8%d9%8a%d9%88%d8%aa%d8%b1-%d9%85%d8%ad%d9%85%d9%88%d9%84-15-6\\\/\"]}]},{\"@type\":\"ImageObject\",\"inLanguage\":\"ar\",\"@id\":\"https:\\\/\\\/dreamacmshopping.com\\\/produit\\\/sac-a-dos-hunter-b00531-laptop-15-6-sac-a-dos-hunter-b00531-%d9%83%d9%85%d8%a8%d9%8a%d9%88%d8%aa%d8%b1-%d9%85%d8%ad%d9%85%d9%88%d9%84-15-6\\\/#primaryimage\",\"url\":\"https:\\\/\\\/dreamacmshopping.com\\\/wp-content\\\/uploads\\\/2026\\\/01\\\/Sans-titre-1000-x-1000-px-1.png\",\"contentUrl\":\"https:\\\/\\\/dreamacmshopping.com\\\/wp-content\\\/uploads\\\/2026\\\/01\\\/Sans-titre-1000-x-1000-px-1.png\",\"width\":1000,\"height\":1000},{\"@type\":\"BreadcrumbList\",\"@id\":\"https:\\\/\\\/dreamacmshopping.com\\\/produit\\\/sac-a-dos-hunter-b00531-laptop-15-6-sac-a-dos-hunter-b00531-%d9%83%d9%85%d8%a8%d9%8a%d9%88%d8%aa%d8%b1-%d9%85%d8%ad%d9%85%d9%88%d9%84-15-6\\\/#breadcrumb\",\"itemListElement\":[{\"@type\":\"ListItem\",\"position\":1,\"name\":\"Accueil\",\"item\":\"https:\\\/\\\/dreamacmshopping.com\\\/\"},{\"@type\":\"ListItem\",\"position\":2,\"name\":\"Boutique\",\"item\":\"https:\\\/\\\/dreamacmshopping.com\\\/boutique\\\/\"},{\"@type\":\"ListItem\",\"position\":3,\"name\":\"Sac \u00e0 dos HUNTER B00531 \u2013 Laptop 15.6&Prime;\"}]},{\"@type\":\"WebSite\",\"@id\":\"https:\\\/\\\/dreamacmshopping.com\\\/ar\\\/#website\",\"url\":\"https:\\\/\\\/dreamacmshopping.com\\\/ar\\\/\",\"name\":\"dreamacmshopping.com\",\"description\":\"\",\"publisher\":{\"@id\":\"https:\\\/\\\/dreamacmshopping.com\\\/ar\\\/#organization\"},\"potentialAction\":[{\"@type\":\"SearchAction\",\"target\":{\"@type\":\"EntryPoint\",\"urlTemplate\":\"https:\\\/\\\/dreamacmshopping.com\\\/ar\\\/?s={search_term_string}\"},\"query-input\":{\"@type\":\"PropertyValueSpecification\",\"valueRequired\":true,\"valueName\":\"search_term_string\"}}],\"inLanguage\":\"ar\"},{\"@type\":\"Organization\",\"@id\":\"https:\\\/\\\/dreamacmshopping.com\\\/ar\\\/#organization\",\"name\":\"dreamacmshopping.com\",\"url\":\"https:\\\/\\\/dreamacmshopping.com\\\/ar\\\/\",\"logo\":{\"@type\":\"ImageObject\",\"inLanguage\":\"ar\",\"@id\":\"https:\\\/\\\/dreamacmshopping.com\\\/ar\\\/#\\\/schema\\\/logo\\\/image\\\/\",\"url\":\"https:\\\/\\\/dreamacmshopping.com\\\/wp-content\\\/uploads\\\/2026\\\/01\\\/cropped-cropped-ChatGPT-Image-25-dec.-2025-23_13_16-1.png\",\"contentUrl\":\"https:\\\/\\\/dreamacmshopping.com\\\/wp-content\\\/uploads\\\/2026\\\/01\\\/cropped-cropped-ChatGPT-Image-25-dec.-2025-23_13_16-1.png\",\"width\":511,\"height\":304,\"caption\":\"dreamacmshopping.com\"},\"image\":{\"@id\":\"https:\\\/\\\/dreamacmshopping.com\\\/ar\\\/#\\\/schema\\\/logo\\\/image\\\/\"},\"sameAs\":[\"https:\\\/\\\/www.facebook.com\\\/profile.php?id=61587252187988&locale=fr_FR\"]}]}<\/script>\n<!-- \/ Yoast SEO plugin. -->","yoast_head_json":{"title":"Sac \u00e0 dos HUNTER B00531 \u2013 Laptop 15.6\" - dreamacmshopping.com","description":"\u062d\u0642\u064a\u0628\u0629 \u0638\u0647\u0631 HUNTER B00531 \u0644\u0644\u0643\u0645\u0628\u064a\u0648\u062a\u0631 \u0627\u0644\u0645\u062d\u0645\u0648\u0644 \u0645\u0642\u0627\u0633 15.6 \u0628\u0648\u0635\u0629\u060c \u0642\u0648\u064a\u0629 \u0648\u0645\u0631\u064a\u062d\u0629\u060c \u0645\u062b\u0627\u0644\u064a\u0629 \u0644\u0644\u0639\u0645\u0644 \u0648\u0627\u0644\u062f\u0631\u0627\u0633\u0629 \u0648\u0627\u0644\u0631\u062d\u0644\u0627\u062a \u0627\u0644\u064a\u0648\u0645\u064a\u0629. Sac \u00e0 dos HUNTER B00531 pour ordinateur portable 15.6 pouces, robuste et confortable, id\u00e9al pour le travail, les \u00e9tudes et les d\u00e9placements quotidiens.","robots":{"index":"index","follow":"follow","max-snippet":"max-snippet:-1","max-image-preview":"max-image-preview:large","max-video-preview":"max-video-preview:-1"},"canonical":"https:\/\/dreamacmshopping.com\/ar\/product\/sac-a-dos-hunter-b00531-laptop-15-6-sac-a-dos-hunter-b00531-\u0643\u0645\u0628\u064a\u0648\u062a\u0631-\u0645\u062d\u0645\u0648\u0644-15-6\/","og_locale":"ar_AR","og_type":"article","og_title":"Sac \u00e0 dos HUNTER B00531 \u2013 Laptop 15.6\" - dreamacmshopping.com","og_description":"\u062d\u0642\u064a\u0628\u0629 \u0638\u0647\u0631 HUNTER B00531 \u0644\u0644\u0643\u0645\u0628\u064a\u0648\u062a\u0631 \u0627\u0644\u0645\u062d\u0645\u0648\u0644 \u0645\u0642\u0627\u0633 15.6 \u0628\u0648\u0635\u0629\u060c \u0642\u0648\u064a\u0629 \u0648\u0645\u0631\u064a\u062d\u0629\u060c \u0645\u062b\u0627\u0644\u064a\u0629 \u0644\u0644\u0639\u0645\u0644 \u0648\u0627\u0644\u062f\u0631\u0627\u0633\u0629 \u0648\u0627\u0644\u0631\u062d\u0644\u0627\u062a \u0627\u0644\u064a\u0648\u0645\u064a\u0629. Sac \u00e0 dos HUNTER B00531 pour ordinateur portable 15.6 pouces, robuste et confortable, id\u00e9al pour le travail, les \u00e9tudes et les d\u00e9placements quotidiens.","og_url":"https:\/\/dreamacmshopping.com\/ar\/product\/sac-a-dos-hunter-b00531-laptop-15-6-sac-a-dos-hunter-b00531-\u0643\u0645\u0628\u064a\u0648\u062a\u0631-\u0645\u062d\u0645\u0648\u0644-15-6\/","og_site_name":"dreamacmshopping.com","article_publisher":"https:\/\/www.facebook.com\/profile.php?id=61587252187988&locale=fr_FR","article_modified_time":"2026-02-02T18:11:49+00:00","og_image":[{"width":1000,"height":1000,"url":"https:\/\/dreamacmshopping.com\/wp-content\/uploads\/2026\/01\/Sans-titre-1000-x-1000-px-1.png","type":"image\/png"}],"twitter_card":"summary_large_image","twitter_misc":{"\u0648\u0642\u062a \u0627\u0644\u0642\u0631\u0627\u0621\u0629 \u0627\u0644\u0645\u064f\u0642\u062f\u0651\u0631":"\u062f\u0642\u064a\u0642\u0629 \u0648\u0627\u062d\u062f\u0629"},"schema":{"@context":"https:\/\/schema.org","@graph":[{"@type":"WebPage","@id":"https:\/\/dreamacmshopping.com\/produit\/sac-a-dos-hunter-b00531-laptop-15-6-sac-a-dos-hunter-b00531-%d9%83%d9%85%d8%a8%d9%8a%d9%88%d8%aa%d8%b1-%d9%85%d8%ad%d9%85%d9%88%d9%84-15-6\/","url":"https:\/\/dreamacmshopping.com\/produit\/sac-a-dos-hunter-b00531-laptop-15-6-sac-a-dos-hunter-b00531-%d9%83%d9%85%d8%a8%d9%8a%d9%88%d8%aa%d8%b1-%d9%85%d8%ad%d9%85%d9%88%d9%84-15-6\/","name":"Sac \u00e0 dos HUNTER B00531 \u2013 Laptop 15.6\" - dreamacmshopping.com","isPartOf":{"@id":"https:\/\/dreamacmshopping.com\/ar\/#website"},"primaryImageOfPage":{"@id":"https:\/\/dreamacmshopping.com\/produit\/sac-a-dos-hunter-b00531-laptop-15-6-sac-a-dos-hunter-b00531-%d9%83%d9%85%d8%a8%d9%8a%d9%88%d8%aa%d8%b1-%d9%85%d8%ad%d9%85%d9%88%d9%84-15-6\/#primaryimage"},"image":{"@id":"https:\/\/dreamacmshopping.com\/produit\/sac-a-dos-hunter-b00531-laptop-15-6-sac-a-dos-hunter-b00531-%d9%83%d9%85%d8%a8%d9%8a%d9%88%d8%aa%d8%b1-%d9%85%d8%ad%d9%85%d9%88%d9%84-15-6\/#primaryimage"},"thumbnailUrl":"https:\/\/dreamacmshopping.com\/wp-content\/uploads\/2026\/01\/Sans-titre-1000-x-1000-px-1.png","datePublished":"2026-01-08T19:50:36+00:00","dateModified":"2026-02-02T18:11:49+00:00","description":"\u062d\u0642\u064a\u0628\u0629 \u0638\u0647\u0631 HUNTER B00531 \u0644\u0644\u0643\u0645\u0628\u064a\u0648\u062a\u0631 \u0627\u0644\u0645\u062d\u0645\u0648\u0644 \u0645\u0642\u0627\u0633 15.6 \u0628\u0648\u0635\u0629\u060c \u0642\u0648\u064a\u0629 \u0648\u0645\u0631\u064a\u062d\u0629\u060c \u0645\u062b\u0627\u0644\u064a\u0629 \u0644\u0644\u0639\u0645\u0644 \u0648\u0627\u0644\u062f\u0631\u0627\u0633\u0629 \u0648\u0627\u0644\u0631\u062d\u0644\u0627\u062a \u0627\u0644\u064a\u0648\u0645\u064a\u0629. Sac \u00e0 dos HUNTER B00531 pour ordinateur portable 15.6 pouces, robuste et confortable, id\u00e9al pour le travail, les \u00e9tudes et les d\u00e9placements quotidiens.","breadcrumb":{"@id":"https:\/\/dreamacmshopping.com\/produit\/sac-a-dos-hunter-b00531-laptop-15-6-sac-a-dos-hunter-b00531-%d9%83%d9%85%d8%a8%d9%8a%d9%88%d8%aa%d8%b1-%d9%85%d8%ad%d9%85%d9%88%d9%84-15-6\/#breadcrumb"},"inLanguage":"ar","potentialAction":[{"@type":"ReadAction","target":["https:\/\/dreamacmshopping.com\/produit\/sac-a-dos-hunter-b00531-laptop-15-6-sac-a-dos-hunter-b00531-%d9%83%d9%85%d8%a8%d9%8a%d9%88%d8%aa%d8%b1-%d9%85%d8%ad%d9%85%d9%88%d9%84-15-6\/"]}]},{"@type":"ImageObject","inLanguage":"ar","@id":"https:\/\/dreamacmshopping.com\/produit\/sac-a-dos-hunter-b00531-laptop-15-6-sac-a-dos-hunter-b00531-%d9%83%d9%85%d8%a8%d9%8a%d9%88%d8%aa%d8%b1-%d9%85%d8%ad%d9%85%d9%88%d9%84-15-6\/#primaryimage","url":"https:\/\/dreamacmshopping.com\/wp-content\/uploads\/2026\/01\/Sans-titre-1000-x-1000-px-1.png","contentUrl":"https:\/\/dreamacmshopping.com\/wp-content\/uploads\/2026\/01\/Sans-titre-1000-x-1000-px-1.png","width":1000,"height":1000},{"@type":"BreadcrumbList","@id":"https:\/\/dreamacmshopping.com\/produit\/sac-a-dos-hunter-b00531-laptop-15-6-sac-a-dos-hunter-b00531-%d9%83%d9%85%d8%a8%d9%8a%d9%88%d8%aa%d8%b1-%d9%85%d8%ad%d9%85%d9%88%d9%84-15-6\/#breadcrumb","itemListElement":[{"@type":"ListItem","position":1,"name":"Accueil","item":"https:\/\/dreamacmshopping.com\/"},{"@type":"ListItem","position":2,"name":"Boutique","item":"https:\/\/dreamacmshopping.com\/boutique\/"},{"@type":"ListItem","position":3,"name":"Sac \u00e0 dos HUNTER B00531 \u2013 Laptop 15.6&Prime;"}]},{"@type":"WebSite","@id":"https:\/\/dreamacmshopping.com\/ar\/#website","url":"https:\/\/dreamacmshopping.com\/ar\/","name":"dreamacmshopping.com","description":"","publisher":{"@id":"https:\/\/dreamacmshopping.com\/ar\/#organization"},"potentialAction":[{"@type":"SearchAction","target":{"@type":"EntryPoint","urlTemplate":"https:\/\/dreamacmshopping.com\/ar\/?s={search_term_string}"},"query-input":{"@type":"PropertyValueSpecification","valueRequired":true,"valueName":"search_term_string"}}],"inLanguage":"ar"},{"@type":"Organization","@id":"https:\/\/dreamacmshopping.com\/ar\/#organization","name":"dreamacmshopping.com","url":"https:\/\/dreamacmshopping.com\/ar\/","logo":{"@type":"ImageObject","inLanguage":"ar","@id":"https:\/\/dreamacmshopping.com\/ar\/#\/schema\/logo\/image\/","url":"https:\/\/dreamacmshopping.com\/wp-content\/uploads\/2026\/01\/cropped-cropped-ChatGPT-Image-25-dec.-2025-23_13_16-1.png","contentUrl":"https:\/\/dreamacmshopping.com\/wp-content\/uploads\/2026\/01\/cropped-cropped-ChatGPT-Image-25-dec.-2025-23_13_16-1.png","width":511,"height":304,"caption":"dreamacmshopping.com"},"image":{"@id":"https:\/\/dreamacmshopping.com\/ar\/#\/schema\/logo\/image\/"},"sameAs":["https:\/\/www.facebook.com\/profile.php?id=61587252187988&locale=fr_FR"]}]}},"_links":{"self":[{"href":"https:\/\/dreamacmshopping.com\/ar\/wp-json\/wp\/v2\/product\/116","targetHints":{"allow":["GET"]}}],"collection":[{"href":"https:\/\/dreamacmshopping.com\/ar\/wp-json\/wp\/v2\/product"}],"about":[{"href":"https:\/\/dreamacmshopping.com\/ar\/wp-json\/wp\/v2\/types\/product"}],"replies":[{"embeddable":true,"href":"https:\/\/dreamacmshopping.com\/ar\/wp-json\/wp\/v2\/comments?post=116"}],"version-history":[{"count":1,"href":"https:\/\/dreamacmshopping.com\/ar\/wp-json\/wp\/v2\/product\/116\/revisions"}],"predecessor-version":[{"id":181,"href":"https:\/\/dreamacmshopping.com\/ar\/wp-json\/wp\/v2\/product\/116\/revisions\/181"}],"wp:featuredmedia":[{"embeddable":true,"href":"https:\/\/dreamacmshopping.com\/ar\/wp-json\/wp\/v2\/media\/117"}],"wp:attachment":[{"href":"https:\/\/dreamacmshopping.com\/ar\/wp-json\/wp\/v2\/media?parent=116"}],"wp:term":[{"taxonomy":"product_brand","embeddable":true,"href":"https:\/\/dreamacmshopping.com\/ar\/wp-json\/wp\/v2\/product_brand?post=116"},{"taxonomy":"product_cat","embeddable":true,"href":"https:\/\/dreamacmshopping.com\/ar\/wp-json\/wp\/v2\/product_cat?post=116"},{"taxonomy":"product_tag","embeddable":true,"href":"https:\/\/dreamacmshopping.com\/ar\/wp-json\/wp\/v2\/product_tag?post=116"}],"curies":[{"name":"wp","href":"https:\/\/api.w.org\/{rel}","templated":true}]}}