{"id":40,"date":"2026-01-07T22:26:58","date_gmt":"2026-01-07T22:26:58","guid":{"rendered":"https:\/\/dreamacmshopping.com\/?post_type=product&#038;p=40"},"modified":"2026-02-02T18:42:02","modified_gmt":"2026-02-02T18:42:02","slug":"sac-pochette-femme","status":"publish","type":"product","link":"https:\/\/dreamacmshopping.com\/ar\/product\/sac-pochette-femme\/","title":{"rendered":"\u0634\u0646\u0637\u0629 \u0635\u063a\u064a\u0631\u0629 \u0646\u0633\u0627\u0626\u064a\u0629 \u0623\u0646\u064a\u0642\u0629 \u0628\u0646\u0642\u0634 \u0641\u0627\u062e\u0631 \u0645\u0639 \u0645\u0642\u0628\u0636"},"content":{"rendered":"<p data-start=\"501\" data-end=\"745\">Ajoutez une touche de <strong data-start=\"523\" data-end=\"552\">raffinement et d\u2019\u00e9l\u00e9gance<\/strong> \u00e0 votre style avec cette <strong data-start=\"578\" data-end=\"614\">pochette femme au design luxueux<\/strong>. Son motif tendance associ\u00e9 \u00e0 des <strong data-start=\"649\" data-end=\"671\">finitions soign\u00e9es<\/strong> lui conf\u00e8re un look chic et intemporel, parfait pour sublimer vos tenues.<\/p>\n<p data-start=\"747\" data-end=\"1057\">Dot\u00e9e d\u2019une <strong data-start=\"759\" data-end=\"789\">poign\u00e9e rigide confortable<\/strong>, cette pochette peut \u00eatre port\u00e9e \u00e0 la main avec \u00e9l\u00e9gance. Sa conception pratique permet de transporter facilement vos essentiels (t\u00e9l\u00e9phone, portefeuille, cl\u00e9s). Solide et l\u00e9g\u00e8re, elle convient aussi bien aux <strong data-start=\"999\" data-end=\"1023\">sorties quotidiennes<\/strong> qu\u2019aux <strong data-start=\"1031\" data-end=\"1056\">\u00e9v\u00e9nements et soir\u00e9es<\/strong>.<\/p>\n<p data-start=\"1059\" data-end=\"1152\">Un accessoire incontournable pour les femmes qui recherchent <strong data-start=\"1120\" data-end=\"1151\">style, qualit\u00e9 et praticit\u00e9<\/strong>.<\/p>\n<h2 data-start=\"1159\" data-end=\"1185\"><strong data-start=\"1165\" data-end=\"1185\">Caract\u00e9ristiques<\/strong><\/h2>\n<ul data-start=\"1186\" data-end=\"1545\">\n<li data-start=\"1186\" data-end=\"1215\">\n<p data-start=\"1188\" data-end=\"1215\"><strong data-start=\"1188\" data-end=\"1196\">Type<\/strong> : Pochette femme<\/p>\n<\/li>\n<li data-start=\"1216\" data-end=\"1254\">\n<p data-start=\"1218\" data-end=\"1254\"><strong data-start=\"1218\" data-end=\"1227\">Style<\/strong> : Chic \u2013 Luxe \u2013 Tendance<\/p>\n<\/li>\n<li data-start=\"1255\" data-end=\"1286\">\n<p data-start=\"1257\" data-end=\"1286\"><strong data-start=\"1257\" data-end=\"1266\">Motif<\/strong> : Imprim\u00e9 \u00e9l\u00e9gant<\/p>\n<\/li>\n<li data-start=\"1287\" data-end=\"1318\">\n<p data-start=\"1289\" data-end=\"1318\"><strong data-start=\"1289\" data-end=\"1300\">Couleur<\/strong> : Marron \/ Noir<\/p>\n<\/li>\n<li data-start=\"1319\" data-end=\"1358\">\n<p data-start=\"1321\" data-end=\"1358\"><strong data-start=\"1321\" data-end=\"1332\">Mati\u00e8re<\/strong> : Similicuir de qualit\u00e9<\/p>\n<\/li>\n<li data-start=\"1359\" data-end=\"1384\">\n<p data-start=\"1361\" data-end=\"1384\"><strong data-start=\"1361\" data-end=\"1370\">Port\u00e9<\/strong> : \u00c0 la main<\/p>\n<\/li>\n<li data-start=\"1385\" data-end=\"1424\">\n<p data-start=\"1387\" data-end=\"1424\"><strong data-start=\"1387\" data-end=\"1398\">Poign\u00e9e<\/strong> : Rigide et confortable<\/p>\n<\/li>\n<li data-start=\"1425\" data-end=\"1463\">\n<p data-start=\"1427\" data-end=\"1463\"><strong data-start=\"1427\" data-end=\"1440\">Fermeture<\/strong> : Rabat avec boutons<\/p>\n<\/li>\n<li data-start=\"1464\" data-end=\"1522\">\n<p data-start=\"1466\" data-end=\"1522\"><strong data-start=\"1466\" data-end=\"1481\">Utilisation<\/strong> : Soir\u00e9e, sortie, \u00e9v\u00e9nement, quotidien<\/p>\n<\/li>\n<li data-start=\"1523\" data-end=\"1545\">\n<p data-start=\"1525\" data-end=\"1545\"><strong data-start=\"1525\" data-end=\"1535\">Public<\/strong> : Femme<\/p>\n<\/li>\n<\/ul>","protected":false},"excerpt":{"rendered":"<p>Pochette femme chic au design luxueux, avec poign\u00e9e rigide et finitions \u00e9l\u00e9gantes. Id\u00e9ale pour sorties, soir\u00e9es et occasions sp\u00e9ciales.<\/p>","protected":false},"featured_media":41,"comment_status":"open","ping_status":"closed","template":"","meta":{"inline_featured_image":false,"ocean_post_layout":"","ocean_both_sidebars_style":"","ocean_both_sidebars_content_width":0,"ocean_both_sidebars_sidebars_width":0,"ocean_sidebar":"","ocean_second_sidebar":"","ocean_disable_margins":"enable","ocean_add_body_class":"","ocean_shortcode_before_top_bar":"","ocean_shortcode_after_top_bar":"","ocean_shortcode_before_header":"","ocean_shortcode_after_header":"","ocean_has_shortcode":"","ocean_shortcode_after_title":"","ocean_shortcode_before_footer_widgets":"","ocean_shortcode_after_footer_widgets":"","ocean_shortcode_before_footer_bottom":"","ocean_shortcode_after_footer_bottom":"","ocean_display_top_bar":"default","ocean_display_header":"default","ocean_header_style":"","ocean_center_header_left_menu":"","ocean_custom_header_template":"","ocean_custom_logo":0,"ocean_custom_retina_logo":0,"ocean_custom_logo_max_width":0,"ocean_custom_logo_tablet_max_width":0,"ocean_custom_logo_mobile_max_width":0,"ocean_custom_logo_max_height":0,"ocean_custom_logo_tablet_max_height":0,"ocean_custom_logo_mobile_max_height":0,"ocean_header_custom_menu":"","ocean_menu_typo_font_family":"","ocean_menu_typo_font_subset":"","ocean_menu_typo_font_size":0,"ocean_menu_typo_font_size_tablet":0,"ocean_menu_typo_font_size_mobile":0,"ocean_menu_typo_font_size_unit":"px","ocean_menu_typo_font_weight":"","ocean_menu_typo_font_weight_tablet":"","ocean_menu_typo_font_weight_mobile":"","ocean_menu_typo_transform":"","ocean_menu_typo_transform_tablet":"","ocean_menu_typo_transform_mobile":"","ocean_menu_typo_line_height":0,"ocean_menu_typo_line_height_tablet":0,"ocean_menu_typo_line_height_mobile":0,"ocean_menu_typo_line_height_unit":"","ocean_menu_typo_spacing":0,"ocean_menu_typo_spacing_tablet":0,"ocean_menu_typo_spacing_mobile":0,"ocean_menu_typo_spacing_unit":"","ocean_menu_link_color":"","ocean_menu_link_color_hover":"","ocean_menu_link_color_active":"","ocean_menu_link_background":"","ocean_menu_link_hover_background":"","ocean_menu_link_active_background":"","ocean_menu_social_links_bg":"","ocean_menu_social_hover_links_bg":"","ocean_menu_social_links_color":"","ocean_menu_social_hover_links_color":"","ocean_disable_title":"default","ocean_disable_heading":"default","ocean_post_title":"","ocean_post_subheading":"","ocean_post_title_style":"","ocean_post_title_background_color":"","ocean_post_title_background":0,"ocean_post_title_bg_image_position":"","ocean_post_title_bg_image_attachment":"","ocean_post_title_bg_image_repeat":"","ocean_post_title_bg_image_size":"","ocean_post_title_height":0,"ocean_post_title_bg_overlay":0.5,"ocean_post_title_bg_overlay_color":"","ocean_disable_breadcrumbs":"default","ocean_breadcrumbs_color":"","ocean_breadcrumbs_separator_color":"","ocean_breadcrumbs_links_color":"","ocean_breadcrumbs_links_hover_color":"","ocean_display_footer_widgets":"default","ocean_display_footer_bottom":"default","ocean_custom_footer_template":""},"product_brand":[],"product_cat":[15,16],"product_tag":[19,18,22,21,20],"class_list":{"0":"post-40","1":"product","2":"type-product","3":"status-publish","4":"has-post-thumbnail","6":"product_cat-non-classe","7":"product_cat-pochettes-femme","8":"product_tag-pochette-beige","9":"product_tag-pochette-femme","10":"product_tag-pochette-tendance","11":"product_tag-sac-bandouliere-femme","12":"product_tag-sac-femme-elegant","14":"entry","15":"has-media","17":"first","18":"instock","19":"featured","20":"shipping-taxable","21":"purchasable","22":"product-type-simple","23":"col","24":"span_1_of_4","25":"owp-content-center","26":"owp-thumbs-layout-horizontal","27":"owp-btn-normal","28":"owp-tabs-layout-horizontal"},"yoast_head":"<!-- This site is optimized with the Yoast SEO plugin v27.3 - https:\/\/yoast.com\/product\/yoast-seo-wordpress\/ -->\n<title>Pochette femme \u00e9l\u00e9gante motif luxe avec poign\u00e9e - dreamacmshopping.com<\/title>\n<meta name=\"description\" content=\"Pochette femme chic au design luxueux, avec poign\u00e9e rigide et finitions \u00e9l\u00e9gantes. Id\u00e9ale pour sorties, soir\u00e9es et occasions sp\u00e9ciales. \u062d\u0642\u064a\u0628\u0629 \u0646\u0633\u0627\u0626\u064a\u0629 \u0623\u0646\u064a\u0642\u0629 \u0628\u062a\u0635\u0645\u064a\u0645 \u0641\u0627\u062e\u0631 \u0648\u0645\u0642\u0628\u0636 \u0635\u0644\u0628 \u0648\u062a\u0634\u0637\u064a\u0628\u0627\u062a \u0623\u0646\u064a\u0642\u0629. \u0645\u062b\u0627\u0644\u064a\u0629 \u0644\u0644\u0646\u0632\u0647\u0627\u062a \u0648\u0627\u0644\u0623\u0645\u0633\u064a\u0627\u062a \u0648\u0627\u0644\u0645\u0646\u0627\u0633\u0628\u0627\u062a \u0627\u0644\u062e\u0627\u0635\u0629.\" \/>\n<meta name=\"robots\" content=\"index, follow, max-snippet:-1, max-image-preview:large, max-video-preview:-1\" \/>\n<link rel=\"canonical\" href=\"https:\/\/dreamacmshopping.com\/ar\/product\/sac-pochette-femme\/\" \/>\n<meta property=\"og:locale\" content=\"ar_AR\" \/>\n<meta property=\"og:type\" content=\"article\" \/>\n<meta property=\"og:title\" content=\"Pochette femme \u00e9l\u00e9gante motif luxe avec poign\u00e9e - dreamacmshopping.com\" \/>\n<meta property=\"og:description\" content=\"Pochette femme chic au design luxueux, avec poign\u00e9e rigide et finitions \u00e9l\u00e9gantes. Id\u00e9ale pour sorties, soir\u00e9es et occasions sp\u00e9ciales. \u062d\u0642\u064a\u0628\u0629 \u0646\u0633\u0627\u0626\u064a\u0629 \u0623\u0646\u064a\u0642\u0629 \u0628\u062a\u0635\u0645\u064a\u0645 \u0641\u0627\u062e\u0631 \u0648\u0645\u0642\u0628\u0636 \u0635\u0644\u0628 \u0648\u062a\u0634\u0637\u064a\u0628\u0627\u062a \u0623\u0646\u064a\u0642\u0629. \u0645\u062b\u0627\u0644\u064a\u0629 \u0644\u0644\u0646\u0632\u0647\u0627\u062a \u0648\u0627\u0644\u0623\u0645\u0633\u064a\u0627\u062a \u0648\u0627\u0644\u0645\u0646\u0627\u0633\u0628\u0627\u062a \u0627\u0644\u062e\u0627\u0635\u0629.\" \/>\n<meta property=\"og:url\" content=\"https:\/\/dreamacmshopping.com\/ar\/product\/sac-pochette-femme\/\" \/>\n<meta property=\"og:site_name\" content=\"dreamacmshopping.com\" \/>\n<meta property=\"article:publisher\" content=\"https:\/\/www.facebook.com\/profile.php?id=61587252187988&amp;locale=fr_FR\" \/>\n<meta property=\"article:modified_time\" content=\"2026-02-02T18:42:02+00:00\" \/>\n<meta property=\"og:image\" content=\"https:\/\/dreamacmshopping.com\/wp-content\/uploads\/2026\/01\/Pochette-Femme-0002Y.png\" \/>\n\t<meta property=\"og:image:width\" content=\"1000\" \/>\n\t<meta property=\"og:image:height\" content=\"1000\" \/>\n\t<meta property=\"og:image:type\" content=\"image\/png\" \/>\n<meta name=\"twitter:card\" content=\"summary_large_image\" \/>\n<meta name=\"twitter:label1\" content=\"\u0648\u0642\u062a \u0627\u0644\u0642\u0631\u0627\u0621\u0629 \u0627\u0644\u0645\u064f\u0642\u062f\u0651\u0631\" \/>\n\t<meta name=\"twitter:data1\" content=\"\u062f\u0642\u064a\u0642\u0629 \u0648\u0627\u062d\u062f\u0629\" \/>\n<script type=\"application\/ld+json\" class=\"yoast-schema-graph\">{\"@context\":\"https:\\\/\\\/schema.org\",\"@graph\":[{\"@type\":\"WebPage\",\"@id\":\"https:\\\/\\\/dreamacmshopping.com\\\/produit\\\/sac-pochette-femme\\\/\",\"url\":\"https:\\\/\\\/dreamacmshopping.com\\\/produit\\\/sac-pochette-femme\\\/\",\"name\":\"Pochette femme \u00e9l\u00e9gante motif luxe avec poign\u00e9e - dreamacmshopping.com\",\"isPartOf\":{\"@id\":\"https:\\\/\\\/dreamacmshopping.com\\\/ar\\\/#website\"},\"primaryImageOfPage\":{\"@id\":\"https:\\\/\\\/dreamacmshopping.com\\\/produit\\\/sac-pochette-femme\\\/#primaryimage\"},\"image\":{\"@id\":\"https:\\\/\\\/dreamacmshopping.com\\\/produit\\\/sac-pochette-femme\\\/#primaryimage\"},\"thumbnailUrl\":\"https:\\\/\\\/dreamacmshopping.com\\\/wp-content\\\/uploads\\\/2026\\\/01\\\/Pochette-Femme-0002Y.png\",\"datePublished\":\"2026-01-07T22:26:58+00:00\",\"dateModified\":\"2026-02-02T18:42:02+00:00\",\"description\":\"Pochette femme chic au design luxueux, avec poign\u00e9e rigide et finitions \u00e9l\u00e9gantes. Id\u00e9ale pour sorties, soir\u00e9es et occasions sp\u00e9ciales. \u062d\u0642\u064a\u0628\u0629 \u0646\u0633\u0627\u0626\u064a\u0629 \u0623\u0646\u064a\u0642\u0629 \u0628\u062a\u0635\u0645\u064a\u0645 \u0641\u0627\u062e\u0631 \u0648\u0645\u0642\u0628\u0636 \u0635\u0644\u0628 \u0648\u062a\u0634\u0637\u064a\u0628\u0627\u062a \u0623\u0646\u064a\u0642\u0629. \u0645\u062b\u0627\u0644\u064a\u0629 \u0644\u0644\u0646\u0632\u0647\u0627\u062a \u0648\u0627\u0644\u0623\u0645\u0633\u064a\u0627\u062a \u0648\u0627\u0644\u0645\u0646\u0627\u0633\u0628\u0627\u062a \u0627\u0644\u062e\u0627\u0635\u0629.\",\"breadcrumb\":{\"@id\":\"https:\\\/\\\/dreamacmshopping.com\\\/produit\\\/sac-pochette-femme\\\/#breadcrumb\"},\"inLanguage\":\"ar\",\"potentialAction\":[{\"@type\":\"ReadAction\",\"target\":[\"https:\\\/\\\/dreamacmshopping.com\\\/produit\\\/sac-pochette-femme\\\/\"]}]},{\"@type\":\"ImageObject\",\"inLanguage\":\"ar\",\"@id\":\"https:\\\/\\\/dreamacmshopping.com\\\/produit\\\/sac-pochette-femme\\\/#primaryimage\",\"url\":\"https:\\\/\\\/dreamacmshopping.com\\\/wp-content\\\/uploads\\\/2026\\\/01\\\/Pochette-Femme-0002Y.png\",\"contentUrl\":\"https:\\\/\\\/dreamacmshopping.com\\\/wp-content\\\/uploads\\\/2026\\\/01\\\/Pochette-Femme-0002Y.png\",\"width\":1000,\"height\":1000},{\"@type\":\"BreadcrumbList\",\"@id\":\"https:\\\/\\\/dreamacmshopping.com\\\/produit\\\/sac-pochette-femme\\\/#breadcrumb\",\"itemListElement\":[{\"@type\":\"ListItem\",\"position\":1,\"name\":\"Accueil\",\"item\":\"https:\\\/\\\/dreamacmshopping.com\\\/\"},{\"@type\":\"ListItem\",\"position\":2,\"name\":\"Boutique\",\"item\":\"https:\\\/\\\/dreamacmshopping.com\\\/boutique\\\/\"},{\"@type\":\"ListItem\",\"position\":3,\"name\":\"Pochette femme \u00e9l\u00e9gante motif luxe avec poign\u00e9e\"}]},{\"@type\":\"WebSite\",\"@id\":\"https:\\\/\\\/dreamacmshopping.com\\\/ar\\\/#website\",\"url\":\"https:\\\/\\\/dreamacmshopping.com\\\/ar\\\/\",\"name\":\"dreamacmshopping.com\",\"description\":\"\",\"publisher\":{\"@id\":\"https:\\\/\\\/dreamacmshopping.com\\\/ar\\\/#organization\"},\"potentialAction\":[{\"@type\":\"SearchAction\",\"target\":{\"@type\":\"EntryPoint\",\"urlTemplate\":\"https:\\\/\\\/dreamacmshopping.com\\\/ar\\\/?s={search_term_string}\"},\"query-input\":{\"@type\":\"PropertyValueSpecification\",\"valueRequired\":true,\"valueName\":\"search_term_string\"}}],\"inLanguage\":\"ar\"},{\"@type\":\"Organization\",\"@id\":\"https:\\\/\\\/dreamacmshopping.com\\\/ar\\\/#organization\",\"name\":\"dreamacmshopping.com\",\"url\":\"https:\\\/\\\/dreamacmshopping.com\\\/ar\\\/\",\"logo\":{\"@type\":\"ImageObject\",\"inLanguage\":\"ar\",\"@id\":\"https:\\\/\\\/dreamacmshopping.com\\\/ar\\\/#\\\/schema\\\/logo\\\/image\\\/\",\"url\":\"https:\\\/\\\/dreamacmshopping.com\\\/wp-content\\\/uploads\\\/2026\\\/01\\\/cropped-cropped-ChatGPT-Image-25-dec.-2025-23_13_16-1.png\",\"contentUrl\":\"https:\\\/\\\/dreamacmshopping.com\\\/wp-content\\\/uploads\\\/2026\\\/01\\\/cropped-cropped-ChatGPT-Image-25-dec.-2025-23_13_16-1.png\",\"width\":511,\"height\":304,\"caption\":\"dreamacmshopping.com\"},\"image\":{\"@id\":\"https:\\\/\\\/dreamacmshopping.com\\\/ar\\\/#\\\/schema\\\/logo\\\/image\\\/\"},\"sameAs\":[\"https:\\\/\\\/www.facebook.com\\\/profile.php?id=61587252187988&locale=fr_FR\"]}]}<\/script>\n<!-- \/ Yoast SEO plugin. -->","yoast_head_json":{"title":"Pochette femme \u00e9l\u00e9gante motif luxe avec poign\u00e9e - dreamacmshopping.com","description":"Pochette femme chic au design luxueux, avec poign\u00e9e rigide et finitions \u00e9l\u00e9gantes. Id\u00e9ale pour sorties, soir\u00e9es et occasions sp\u00e9ciales. \u062d\u0642\u064a\u0628\u0629 \u0646\u0633\u0627\u0626\u064a\u0629 \u0623\u0646\u064a\u0642\u0629 \u0628\u062a\u0635\u0645\u064a\u0645 \u0641\u0627\u062e\u0631 \u0648\u0645\u0642\u0628\u0636 \u0635\u0644\u0628 \u0648\u062a\u0634\u0637\u064a\u0628\u0627\u062a \u0623\u0646\u064a\u0642\u0629. \u0645\u062b\u0627\u0644\u064a\u0629 \u0644\u0644\u0646\u0632\u0647\u0627\u062a \u0648\u0627\u0644\u0623\u0645\u0633\u064a\u0627\u062a \u0648\u0627\u0644\u0645\u0646\u0627\u0633\u0628\u0627\u062a \u0627\u0644\u062e\u0627\u0635\u0629.","robots":{"index":"index","follow":"follow","max-snippet":"max-snippet:-1","max-image-preview":"max-image-preview:large","max-video-preview":"max-video-preview:-1"},"canonical":"https:\/\/dreamacmshopping.com\/ar\/product\/sac-pochette-femme\/","og_locale":"ar_AR","og_type":"article","og_title":"Pochette femme \u00e9l\u00e9gante motif luxe avec poign\u00e9e - dreamacmshopping.com","og_description":"Pochette femme chic au design luxueux, avec poign\u00e9e rigide et finitions \u00e9l\u00e9gantes. Id\u00e9ale pour sorties, soir\u00e9es et occasions sp\u00e9ciales. \u062d\u0642\u064a\u0628\u0629 \u0646\u0633\u0627\u0626\u064a\u0629 \u0623\u0646\u064a\u0642\u0629 \u0628\u062a\u0635\u0645\u064a\u0645 \u0641\u0627\u062e\u0631 \u0648\u0645\u0642\u0628\u0636 \u0635\u0644\u0628 \u0648\u062a\u0634\u0637\u064a\u0628\u0627\u062a \u0623\u0646\u064a\u0642\u0629. \u0645\u062b\u0627\u0644\u064a\u0629 \u0644\u0644\u0646\u0632\u0647\u0627\u062a \u0648\u0627\u0644\u0623\u0645\u0633\u064a\u0627\u062a \u0648\u0627\u0644\u0645\u0646\u0627\u0633\u0628\u0627\u062a \u0627\u0644\u062e\u0627\u0635\u0629.","og_url":"https:\/\/dreamacmshopping.com\/ar\/product\/sac-pochette-femme\/","og_site_name":"dreamacmshopping.com","article_publisher":"https:\/\/www.facebook.com\/profile.php?id=61587252187988&locale=fr_FR","article_modified_time":"2026-02-02T18:42:02+00:00","og_image":[{"width":1000,"height":1000,"url":"https:\/\/dreamacmshopping.com\/wp-content\/uploads\/2026\/01\/Pochette-Femme-0002Y.png","type":"image\/png"}],"twitter_card":"summary_large_image","twitter_misc":{"\u0648\u0642\u062a \u0627\u0644\u0642\u0631\u0627\u0621\u0629 \u0627\u0644\u0645\u064f\u0642\u062f\u0651\u0631":"\u062f\u0642\u064a\u0642\u0629 \u0648\u0627\u062d\u062f\u0629"},"schema":{"@context":"https:\/\/schema.org","@graph":[{"@type":"WebPage","@id":"https:\/\/dreamacmshopping.com\/produit\/sac-pochette-femme\/","url":"https:\/\/dreamacmshopping.com\/produit\/sac-pochette-femme\/","name":"Pochette femme \u00e9l\u00e9gante motif luxe avec poign\u00e9e - dreamacmshopping.com","isPartOf":{"@id":"https:\/\/dreamacmshopping.com\/ar\/#website"},"primaryImageOfPage":{"@id":"https:\/\/dreamacmshopping.com\/produit\/sac-pochette-femme\/#primaryimage"},"image":{"@id":"https:\/\/dreamacmshopping.com\/produit\/sac-pochette-femme\/#primaryimage"},"thumbnailUrl":"https:\/\/dreamacmshopping.com\/wp-content\/uploads\/2026\/01\/Pochette-Femme-0002Y.png","datePublished":"2026-01-07T22:26:58+00:00","dateModified":"2026-02-02T18:42:02+00:00","description":"Pochette femme chic au design luxueux, avec poign\u00e9e rigide et finitions \u00e9l\u00e9gantes. Id\u00e9ale pour sorties, soir\u00e9es et occasions sp\u00e9ciales. \u062d\u0642\u064a\u0628\u0629 \u0646\u0633\u0627\u0626\u064a\u0629 \u0623\u0646\u064a\u0642\u0629 \u0628\u062a\u0635\u0645\u064a\u0645 \u0641\u0627\u062e\u0631 \u0648\u0645\u0642\u0628\u0636 \u0635\u0644\u0628 \u0648\u062a\u0634\u0637\u064a\u0628\u0627\u062a \u0623\u0646\u064a\u0642\u0629. \u0645\u062b\u0627\u0644\u064a\u0629 \u0644\u0644\u0646\u0632\u0647\u0627\u062a \u0648\u0627\u0644\u0623\u0645\u0633\u064a\u0627\u062a \u0648\u0627\u0644\u0645\u0646\u0627\u0633\u0628\u0627\u062a \u0627\u0644\u062e\u0627\u0635\u0629.","breadcrumb":{"@id":"https:\/\/dreamacmshopping.com\/produit\/sac-pochette-femme\/#breadcrumb"},"inLanguage":"ar","potentialAction":[{"@type":"ReadAction","target":["https:\/\/dreamacmshopping.com\/produit\/sac-pochette-femme\/"]}]},{"@type":"ImageObject","inLanguage":"ar","@id":"https:\/\/dreamacmshopping.com\/produit\/sac-pochette-femme\/#primaryimage","url":"https:\/\/dreamacmshopping.com\/wp-content\/uploads\/2026\/01\/Pochette-Femme-0002Y.png","contentUrl":"https:\/\/dreamacmshopping.com\/wp-content\/uploads\/2026\/01\/Pochette-Femme-0002Y.png","width":1000,"height":1000},{"@type":"BreadcrumbList","@id":"https:\/\/dreamacmshopping.com\/produit\/sac-pochette-femme\/#breadcrumb","itemListElement":[{"@type":"ListItem","position":1,"name":"Accueil","item":"https:\/\/dreamacmshopping.com\/"},{"@type":"ListItem","position":2,"name":"Boutique","item":"https:\/\/dreamacmshopping.com\/boutique\/"},{"@type":"ListItem","position":3,"name":"Pochette femme \u00e9l\u00e9gante motif luxe avec poign\u00e9e"}]},{"@type":"WebSite","@id":"https:\/\/dreamacmshopping.com\/ar\/#website","url":"https:\/\/dreamacmshopping.com\/ar\/","name":"dreamacmshopping.com","description":"","publisher":{"@id":"https:\/\/dreamacmshopping.com\/ar\/#organization"},"potentialAction":[{"@type":"SearchAction","target":{"@type":"EntryPoint","urlTemplate":"https:\/\/dreamacmshopping.com\/ar\/?s={search_term_string}"},"query-input":{"@type":"PropertyValueSpecification","valueRequired":true,"valueName":"search_term_string"}}],"inLanguage":"ar"},{"@type":"Organization","@id":"https:\/\/dreamacmshopping.com\/ar\/#organization","name":"dreamacmshopping.com","url":"https:\/\/dreamacmshopping.com\/ar\/","logo":{"@type":"ImageObject","inLanguage":"ar","@id":"https:\/\/dreamacmshopping.com\/ar\/#\/schema\/logo\/image\/","url":"https:\/\/dreamacmshopping.com\/wp-content\/uploads\/2026\/01\/cropped-cropped-ChatGPT-Image-25-dec.-2025-23_13_16-1.png","contentUrl":"https:\/\/dreamacmshopping.com\/wp-content\/uploads\/2026\/01\/cropped-cropped-ChatGPT-Image-25-dec.-2025-23_13_16-1.png","width":511,"height":304,"caption":"dreamacmshopping.com"},"image":{"@id":"https:\/\/dreamacmshopping.com\/ar\/#\/schema\/logo\/image\/"},"sameAs":["https:\/\/www.facebook.com\/profile.php?id=61587252187988&locale=fr_FR"]}]}},"_links":{"self":[{"href":"https:\/\/dreamacmshopping.com\/ar\/wp-json\/wp\/v2\/product\/40","targetHints":{"allow":["GET"]}}],"collection":[{"href":"https:\/\/dreamacmshopping.com\/ar\/wp-json\/wp\/v2\/product"}],"about":[{"href":"https:\/\/dreamacmshopping.com\/ar\/wp-json\/wp\/v2\/types\/product"}],"replies":[{"embeddable":true,"href":"https:\/\/dreamacmshopping.com\/ar\/wp-json\/wp\/v2\/comments?post=40"}],"version-history":[{"count":1,"href":"https:\/\/dreamacmshopping.com\/ar\/wp-json\/wp\/v2\/product\/40\/revisions"}],"predecessor-version":[{"id":631,"href":"https:\/\/dreamacmshopping.com\/ar\/wp-json\/wp\/v2\/product\/40\/revisions\/631"}],"wp:featuredmedia":[{"embeddable":true,"href":"https:\/\/dreamacmshopping.com\/ar\/wp-json\/wp\/v2\/media\/41"}],"wp:attachment":[{"href":"https:\/\/dreamacmshopping.com\/ar\/wp-json\/wp\/v2\/media?parent=40"}],"wp:term":[{"taxonomy":"product_brand","embeddable":true,"href":"https:\/\/dreamacmshopping.com\/ar\/wp-json\/wp\/v2\/product_brand?post=40"},{"taxonomy":"product_cat","embeddable":true,"href":"https:\/\/dreamacmshopping.com\/ar\/wp-json\/wp\/v2\/product_cat?post=40"},{"taxonomy":"product_tag","embeddable":true,"href":"https:\/\/dreamacmshopping.com\/ar\/wp-json\/wp\/v2\/product_tag?post=40"}],"curies":[{"name":"wp","href":"https:\/\/api.w.org\/{rel}","templated":true}]}}