{"id":916,"date":"2026-02-05T18:49:55","date_gmt":"2026-02-05T18:49:55","guid":{"rendered":"https:\/\/dreamacmshopping.com\/?post_type=product&#038;p=916"},"modified":"2026-02-09T07:44:59","modified_gmt":"2026-02-09T07:44:59","slug":"parapluie-tempete-automatique-pliable-real-star-s3012b","status":"publish","type":"product","link":"https:\/\/dreamacmshopping.com\/ar\/product\/parapluie-tempete-automatique-pliable-real-star-s3012b\/","title":{"rendered":"\u0645\u0638\u0644\u0629 \u0639\u0627\u0635\u0641\u0629 \u0642\u0627\u0628\u0644\u0629 \u0644\u0644\u0637\u064a Real Star S3012B"},"content":{"rendered":"<h3 data-start=\"245\" data-end=\"562\">Le <strong data-start=\"248\" data-end=\"297\">\u0645\u0638\u0644\u0629 \u0639\u0627\u0635\u0641\u0629 \u0642\u0627\u0628\u0644\u0629 \u0644\u0644\u0637\u064a Real Star S3012B<\/strong> est con\u00e7u pour offrir une <strong data-start=\"324\" data-end=\"347\">r\u00e9sistance maximale<\/strong>, un <strong data-start=\"352\" data-end=\"370\">design \u00e9l\u00e9gant<\/strong> et une <strong data-start=\"378\" data-end=\"415\">utilisation pratique au quotidien<\/strong>. Gr\u00e2ce \u00e0 ses <strong data-start=\"429\" data-end=\"473\">10 nervures renforc\u00e9es en fibre de verre<\/strong>, il garantit une excellente stabilit\u00e9 face aux vents forts et une durabilit\u00e9 sup\u00e9rieure.<\/h3>\n<h3 data-start=\"564\" data-end=\"912\">Son <strong data-start=\"568\" data-end=\"595\">canopy noir imperm\u00e9able<\/strong> assure une protection efficace contre la pluie tout en filtrant les <strong data-start=\"664\" data-end=\"677\">rayons UV<\/strong>, pour un confort optimal quelles que soient les conditions m\u00e9t\u00e9orologiques. Le <strong data-start=\"757\" data-end=\"808\">syst\u00e8me d\u2019ouverture et de fermeture automatique<\/strong> permet une manipulation simple et rapide, id\u00e9ale pour les adultes actifs et les d\u00e9placements fr\u00e9quents.<\/h3>\n<h3 data-start=\"914\" data-end=\"1150\">Avec une <strong data-start=\"923\" data-end=\"943\">taille de 106 cm<\/strong> une fois ouvert et une <strong data-start=\"967\" data-end=\"1002\">structure compacte de 23 pouces<\/strong>, ce parapluie \u00e0 <strong data-start=\"1019\" data-end=\"1035\">trois rabats<\/strong> se range facilement dans un sac ou une valise. Un choix parfait pour les voyages, le travail et l\u2019usage quotidien.<\/h3>\n<h3 data-start=\"1157\" data-end=\"1189\">\u00a0Caract\u00e9ristiques techniques<\/h3>\n<ul data-start=\"1190\" data-end=\"1552\">\n<li data-start=\"1190\" data-end=\"1216\">\n<h3 data-start=\"1192\" data-end=\"1216\"><strong data-start=\"1192\" data-end=\"1202\">Marque<\/strong> : Real Star<\/h3>\n<\/li>\n<li data-start=\"1217\" data-end=\"1250\">\n<h3 data-start=\"1219\" data-end=\"1250\"><strong data-start=\"1219\" data-end=\"1239\">R\u00e9f\u00e9rence (Item)<\/strong> : S3012B<\/h3>\n<\/li>\n<li data-start=\"1251\" data-end=\"1283\">\n<h3 data-start=\"1253\" data-end=\"1283\"><strong data-start=\"1253\" data-end=\"1272\">Diam\u00e8tre ouvert<\/strong> : 106 cm<\/h3>\n<\/li>\n<li data-start=\"1284\" data-end=\"1339\">\n<h3 data-start=\"1286\" data-end=\"1339\"><strong data-start=\"1286\" data-end=\"1305\">Nombre de c\u00f4tes<\/strong> : 10 (fibre de verre renforc\u00e9e)<\/h3>\n<\/li>\n<li data-start=\"1340\" data-end=\"1393\">\n<h3 data-start=\"1342\" data-end=\"1393\"><strong data-start=\"1342\" data-end=\"1355\">M\u00e9canisme<\/strong> : Ouverture \/ fermeture automatique<\/h3>\n<\/li>\n<li data-start=\"1394\" data-end=\"1429\">\n<h3 data-start=\"1396\" data-end=\"1429\"><strong data-start=\"1396\" data-end=\"1406\">Design<\/strong> : Pliable \u2013 3 rabats<\/h3>\n<\/li>\n<li data-start=\"1430\" data-end=\"1452\">\n<h3 data-start=\"1432\" data-end=\"1452\"><strong data-start=\"1432\" data-end=\"1443\">Couleur<\/strong> : Noir<\/h3>\n<\/li>\n<li data-start=\"1453\" data-end=\"1491\">\n<h3 data-start=\"1455\" data-end=\"1491\"><strong data-start=\"1455\" data-end=\"1469\">Protection<\/strong> : Pluie + rayons UV<\/h3>\n<\/li>\n<li data-start=\"1492\" data-end=\"1552\">\n<h3 data-start=\"1494\" data-end=\"1552\"><strong data-start=\"1494\" data-end=\"1509\">Utilisation<\/strong> : Quotidienne \/ Voyage \/ Professionnelle<\/h3>\n<\/li>\n<\/ul>","protected":false},"excerpt":{"rendered":"<p>Parapluie de temp\u00eate pliable Real Star S3012B, 10 c\u00f4tes en fibre de verre, ouverture automatique, r\u00e9sistant au vent, compact et id\u00e9al pour les d\u00e9placements.<\/p>","protected":false},"featured_media":917,"comment_status":"open","ping_status":"closed","template":"","meta":{"inline_featured_image":false,"ocean_post_layout":"","ocean_both_sidebars_style":"","ocean_both_sidebars_content_width":0,"ocean_both_sidebars_sidebars_width":0,"ocean_sidebar":"0","ocean_second_sidebar":"0","ocean_disable_margins":"enable","ocean_add_body_class":"","ocean_shortcode_before_top_bar":"","ocean_shortcode_after_top_bar":"","ocean_shortcode_before_header":"","ocean_shortcode_after_header":"","ocean_has_shortcode":"","ocean_shortcode_after_title":"","ocean_shortcode_before_footer_widgets":"","ocean_shortcode_after_footer_widgets":"","ocean_shortcode_before_footer_bottom":"","ocean_shortcode_after_footer_bottom":"","ocean_display_top_bar":"default","ocean_display_header":"default","ocean_header_style":"","ocean_center_header_left_menu":"0","ocean_custom_header_template":"0","ocean_custom_logo":0,"ocean_custom_retina_logo":0,"ocean_custom_logo_max_width":0,"ocean_custom_logo_tablet_max_width":0,"ocean_custom_logo_mobile_max_width":0,"ocean_custom_logo_max_height":0,"ocean_custom_logo_tablet_max_height":0,"ocean_custom_logo_mobile_max_height":0,"ocean_header_custom_menu":"0","ocean_menu_typo_font_family":"0","ocean_menu_typo_font_subset":"","ocean_menu_typo_font_size":0,"ocean_menu_typo_font_size_tablet":0,"ocean_menu_typo_font_size_mobile":0,"ocean_menu_typo_font_size_unit":"px","ocean_menu_typo_font_weight":"","ocean_menu_typo_font_weight_tablet":"","ocean_menu_typo_font_weight_mobile":"","ocean_menu_typo_transform":"","ocean_menu_typo_transform_tablet":"","ocean_menu_typo_transform_mobile":"","ocean_menu_typo_line_height":0,"ocean_menu_typo_line_height_tablet":0,"ocean_menu_typo_line_height_mobile":0,"ocean_menu_typo_line_height_unit":"","ocean_menu_typo_spacing":0,"ocean_menu_typo_spacing_tablet":0,"ocean_menu_typo_spacing_mobile":0,"ocean_menu_typo_spacing_unit":"","ocean_menu_link_color":"","ocean_menu_link_color_hover":"","ocean_menu_link_color_active":"","ocean_menu_link_background":"","ocean_menu_link_hover_background":"","ocean_menu_link_active_background":"","ocean_menu_social_links_bg":"","ocean_menu_social_hover_links_bg":"","ocean_menu_social_links_color":"","ocean_menu_social_hover_links_color":"","ocean_disable_title":"default","ocean_disable_heading":"default","ocean_post_title":"","ocean_post_subheading":"","ocean_post_title_style":"","ocean_post_title_background_color":"","ocean_post_title_background":0,"ocean_post_title_bg_image_position":"","ocean_post_title_bg_image_attachment":"","ocean_post_title_bg_image_repeat":"","ocean_post_title_bg_image_size":"","ocean_post_title_height":0,"ocean_post_title_bg_overlay":0.5,"ocean_post_title_bg_overlay_color":"","ocean_disable_breadcrumbs":"default","ocean_breadcrumbs_color":"","ocean_breadcrumbs_separator_color":"","ocean_breadcrumbs_links_color":"","ocean_breadcrumbs_links_hover_color":"","ocean_display_footer_widgets":"default","ocean_display_footer_bottom":"default","ocean_custom_footer_template":"0"},"product_brand":[],"product_cat":[226],"product_tag":[227],"class_list":{"0":"post-916","1":"product","2":"type-product","3":"status-publish","4":"has-post-thumbnail","6":"product_cat-mode-accessoires","7":"product_tag-parapluie-parapluie-automatique-parapluie-pliable-accessoires-pluie-real-star-parapluie-noir-parapluie-resistant-parapluie-homme-parapluie-premium","9":"entry","10":"has-media","12":"first","13":"instock","14":"sale","15":"shipping-taxable","16":"purchasable","17":"product-type-simple","18":"col","19":"span_1_of_4","20":"owp-content-center","21":"owp-thumbs-layout-horizontal","22":"owp-btn-normal","23":"owp-tabs-layout-horizontal"},"yoast_head":"<!-- This site is optimized with the Yoast SEO plugin v27.3 - https:\/\/yoast.com\/product\/yoast-seo-wordpress\/ -->\n<title>parapluie de temp\u00eate pliable Real Star S3012B - dreamacmshopping.com<\/title>\n<meta name=\"description\" content=\"parapluie temp\u00eate, parapluie automatique, parapluie pliable, real star s3012b, parapluie r\u00e9sistant au vent, parapluie noir, parapluie voyage, parapluie adulte \u0645\u0638\u0644\u0629 \u0639\u0627\u0635\u0641\u0629\u060c \u0645\u0638\u0644\u0629 \u0623\u0648\u062a\u0648\u0645\u0627\u062a\u064a\u0643\u064a\u0629\u060c \u0645\u0638\u0644\u0629 \u0642\u0627\u0628\u0644\u0629 \u0644\u0644\u0637\u064a\u060c \u0646\u062c\u0645\u0629 \u062d\u0642\u064a\u0642\u064a\u0629 s3012b\u060c \u0645\u0638\u0644\u0629 \u0645\u0642\u0627\u0648\u0645\u0629 \u0644\u0644\u0631\u064a\u0627\u062d\u060c \u0645\u0638\u0644\u0629 \u0633\u0648\u062f\u0627\u0621\u060c \u0645\u0638\u0644\u0629 \u0633\u0641\u0631\u060c \u0645\u0638\u0644\u0629 \u0644\u0644\u0643\u0628\u0627\u0631\" \/>\n<meta name=\"robots\" content=\"index, follow, max-snippet:-1, max-image-preview:large, max-video-preview:-1\" \/>\n<link rel=\"canonical\" href=\"https:\/\/dreamacmshopping.com\/ar\/product\/parapluie-tempete-automatique-pliable-real-star-s3012b\/\" \/>\n<meta property=\"og:locale\" content=\"ar_AR\" \/>\n<meta property=\"og:type\" content=\"article\" \/>\n<meta property=\"og:title\" content=\"parapluie de temp\u00eate pliable Real Star S3012B - dreamacmshopping.com\" \/>\n<meta property=\"og:description\" content=\"parapluie temp\u00eate, parapluie automatique, parapluie pliable, real star s3012b, parapluie r\u00e9sistant au vent, parapluie noir, parapluie voyage, parapluie adulte \u0645\u0638\u0644\u0629 \u0639\u0627\u0635\u0641\u0629\u060c \u0645\u0638\u0644\u0629 \u0623\u0648\u062a\u0648\u0645\u0627\u062a\u064a\u0643\u064a\u0629\u060c \u0645\u0638\u0644\u0629 \u0642\u0627\u0628\u0644\u0629 \u0644\u0644\u0637\u064a\u060c \u0646\u062c\u0645\u0629 \u062d\u0642\u064a\u0642\u064a\u0629 s3012b\u060c \u0645\u0638\u0644\u0629 \u0645\u0642\u0627\u0648\u0645\u0629 \u0644\u0644\u0631\u064a\u0627\u062d\u060c \u0645\u0638\u0644\u0629 \u0633\u0648\u062f\u0627\u0621\u060c \u0645\u0638\u0644\u0629 \u0633\u0641\u0631\u060c \u0645\u0638\u0644\u0629 \u0644\u0644\u0643\u0628\u0627\u0631\" \/>\n<meta property=\"og:url\" content=\"https:\/\/dreamacmshopping.com\/ar\/product\/parapluie-tempete-automatique-pliable-real-star-s3012b\/\" \/>\n<meta property=\"og:site_name\" content=\"dreamacmshopping.com\" \/>\n<meta property=\"article:publisher\" content=\"https:\/\/www.facebook.com\/profile.php?id=61587252187988&amp;locale=fr_FR\" \/>\n<meta property=\"article:modified_time\" content=\"2026-02-09T07:44:59+00:00\" \/>\n<meta property=\"og:image\" content=\"https:\/\/dreamacmshopping.com\/wp-content\/uploads\/2026\/02\/Design-sans-titre-1024x768.png\" \/>\n\t<meta property=\"og:image:width\" content=\"1024\" \/>\n\t<meta property=\"og:image:height\" content=\"768\" \/>\n\t<meta property=\"og:image:type\" content=\"image\/png\" \/>\n<meta name=\"twitter:card\" content=\"summary_large_image\" \/>\n<meta name=\"twitter:label1\" content=\"\u0648\u0642\u062a \u0627\u0644\u0642\u0631\u0627\u0621\u0629 \u0627\u0644\u0645\u064f\u0642\u062f\u0651\u0631\" \/>\n\t<meta name=\"twitter:data1\" content=\"\u062f\u0642\u064a\u0642\u062a\u0627\u0646\" \/>\n<script type=\"application\/ld+json\" class=\"yoast-schema-graph\">{\"@context\":\"https:\\\/\\\/schema.org\",\"@graph\":[{\"@type\":\"WebPage\",\"@id\":\"https:\\\/\\\/dreamacmshopping.com\\\/produit\\\/parapluie-tempete-automatique-pliable-real-star-s3012b\\\/\",\"url\":\"https:\\\/\\\/dreamacmshopping.com\\\/produit\\\/parapluie-tempete-automatique-pliable-real-star-s3012b\\\/\",\"name\":\"parapluie de temp\u00eate pliable Real Star S3012B - dreamacmshopping.com\",\"isPartOf\":{\"@id\":\"https:\\\/\\\/dreamacmshopping.com\\\/ar\\\/#website\"},\"primaryImageOfPage\":{\"@id\":\"https:\\\/\\\/dreamacmshopping.com\\\/produit\\\/parapluie-tempete-automatique-pliable-real-star-s3012b\\\/#primaryimage\"},\"image\":{\"@id\":\"https:\\\/\\\/dreamacmshopping.com\\\/produit\\\/parapluie-tempete-automatique-pliable-real-star-s3012b\\\/#primaryimage\"},\"thumbnailUrl\":\"https:\\\/\\\/dreamacmshopping.com\\\/wp-content\\\/uploads\\\/2026\\\/02\\\/Design-sans-titre-scaled.png\",\"datePublished\":\"2026-02-05T18:49:55+00:00\",\"dateModified\":\"2026-02-09T07:44:59+00:00\",\"description\":\"parapluie temp\u00eate, parapluie automatique, parapluie pliable, real star s3012b, parapluie r\u00e9sistant au vent, parapluie noir, parapluie voyage, parapluie adulte \u0645\u0638\u0644\u0629 \u0639\u0627\u0635\u0641\u0629\u060c \u0645\u0638\u0644\u0629 \u0623\u0648\u062a\u0648\u0645\u0627\u062a\u064a\u0643\u064a\u0629\u060c \u0645\u0638\u0644\u0629 \u0642\u0627\u0628\u0644\u0629 \u0644\u0644\u0637\u064a\u060c \u0646\u062c\u0645\u0629 \u062d\u0642\u064a\u0642\u064a\u0629 s3012b\u060c \u0645\u0638\u0644\u0629 \u0645\u0642\u0627\u0648\u0645\u0629 \u0644\u0644\u0631\u064a\u0627\u062d\u060c \u0645\u0638\u0644\u0629 \u0633\u0648\u062f\u0627\u0621\u060c \u0645\u0638\u0644\u0629 \u0633\u0641\u0631\u060c \u0645\u0638\u0644\u0629 \u0644\u0644\u0643\u0628\u0627\u0631\",\"breadcrumb\":{\"@id\":\"https:\\\/\\\/dreamacmshopping.com\\\/produit\\\/parapluie-tempete-automatique-pliable-real-star-s3012b\\\/#breadcrumb\"},\"inLanguage\":\"ar\",\"potentialAction\":[{\"@type\":\"ReadAction\",\"target\":[\"https:\\\/\\\/dreamacmshopping.com\\\/produit\\\/parapluie-tempete-automatique-pliable-real-star-s3012b\\\/\"]}]},{\"@type\":\"ImageObject\",\"inLanguage\":\"ar\",\"@id\":\"https:\\\/\\\/dreamacmshopping.com\\\/produit\\\/parapluie-tempete-automatique-pliable-real-star-s3012b\\\/#primaryimage\",\"url\":\"https:\\\/\\\/dreamacmshopping.com\\\/wp-content\\\/uploads\\\/2026\\\/02\\\/Design-sans-titre-scaled.png\",\"contentUrl\":\"https:\\\/\\\/dreamacmshopping.com\\\/wp-content\\\/uploads\\\/2026\\\/02\\\/Design-sans-titre-scaled.png\",\"width\":2560,\"height\":1920},{\"@type\":\"BreadcrumbList\",\"@id\":\"https:\\\/\\\/dreamacmshopping.com\\\/produit\\\/parapluie-tempete-automatique-pliable-real-star-s3012b\\\/#breadcrumb\",\"itemListElement\":[{\"@type\":\"ListItem\",\"position\":1,\"name\":\"Accueil\",\"item\":\"https:\\\/\\\/dreamacmshopping.com\\\/\"},{\"@type\":\"ListItem\",\"position\":2,\"name\":\"Boutique\",\"item\":\"https:\\\/\\\/dreamacmshopping.com\\\/boutique\\\/\"},{\"@type\":\"ListItem\",\"position\":3,\"name\":\"parapluie de temp\u00eate pliable Real Star S3012B\"}]},{\"@type\":\"WebSite\",\"@id\":\"https:\\\/\\\/dreamacmshopping.com\\\/ar\\\/#website\",\"url\":\"https:\\\/\\\/dreamacmshopping.com\\\/ar\\\/\",\"name\":\"dreamacmshopping.com\",\"description\":\"\",\"publisher\":{\"@id\":\"https:\\\/\\\/dreamacmshopping.com\\\/ar\\\/#organization\"},\"potentialAction\":[{\"@type\":\"SearchAction\",\"target\":{\"@type\":\"EntryPoint\",\"urlTemplate\":\"https:\\\/\\\/dreamacmshopping.com\\\/ar\\\/?s={search_term_string}\"},\"query-input\":{\"@type\":\"PropertyValueSpecification\",\"valueRequired\":true,\"valueName\":\"search_term_string\"}}],\"inLanguage\":\"ar\"},{\"@type\":\"Organization\",\"@id\":\"https:\\\/\\\/dreamacmshopping.com\\\/ar\\\/#organization\",\"name\":\"dreamacmshopping.com\",\"url\":\"https:\\\/\\\/dreamacmshopping.com\\\/ar\\\/\",\"logo\":{\"@type\":\"ImageObject\",\"inLanguage\":\"ar\",\"@id\":\"https:\\\/\\\/dreamacmshopping.com\\\/ar\\\/#\\\/schema\\\/logo\\\/image\\\/\",\"url\":\"https:\\\/\\\/dreamacmshopping.com\\\/wp-content\\\/uploads\\\/2026\\\/01\\\/cropped-cropped-ChatGPT-Image-25-dec.-2025-23_13_16-1.png\",\"contentUrl\":\"https:\\\/\\\/dreamacmshopping.com\\\/wp-content\\\/uploads\\\/2026\\\/01\\\/cropped-cropped-ChatGPT-Image-25-dec.-2025-23_13_16-1.png\",\"width\":511,\"height\":304,\"caption\":\"dreamacmshopping.com\"},\"image\":{\"@id\":\"https:\\\/\\\/dreamacmshopping.com\\\/ar\\\/#\\\/schema\\\/logo\\\/image\\\/\"},\"sameAs\":[\"https:\\\/\\\/www.facebook.com\\\/profile.php?id=61587252187988&locale=fr_FR\"]}]}<\/script>\n<!-- \/ Yoast SEO plugin. -->","yoast_head_json":{"title":"parapluie de temp\u00eate pliable Real Star S3012B - dreamacmshopping.com","description":"parapluie temp\u00eate, parapluie automatique, parapluie pliable, real star s3012b, parapluie r\u00e9sistant au vent, parapluie noir, parapluie voyage, parapluie adulte \u0645\u0638\u0644\u0629 \u0639\u0627\u0635\u0641\u0629\u060c \u0645\u0638\u0644\u0629 \u0623\u0648\u062a\u0648\u0645\u0627\u062a\u064a\u0643\u064a\u0629\u060c \u0645\u0638\u0644\u0629 \u0642\u0627\u0628\u0644\u0629 \u0644\u0644\u0637\u064a\u060c \u0646\u062c\u0645\u0629 \u062d\u0642\u064a\u0642\u064a\u0629 s3012b\u060c \u0645\u0638\u0644\u0629 \u0645\u0642\u0627\u0648\u0645\u0629 \u0644\u0644\u0631\u064a\u0627\u062d\u060c \u0645\u0638\u0644\u0629 \u0633\u0648\u062f\u0627\u0621\u060c \u0645\u0638\u0644\u0629 \u0633\u0641\u0631\u060c \u0645\u0638\u0644\u0629 \u0644\u0644\u0643\u0628\u0627\u0631","robots":{"index":"index","follow":"follow","max-snippet":"max-snippet:-1","max-image-preview":"max-image-preview:large","max-video-preview":"max-video-preview:-1"},"canonical":"https:\/\/dreamacmshopping.com\/ar\/product\/parapluie-tempete-automatique-pliable-real-star-s3012b\/","og_locale":"ar_AR","og_type":"article","og_title":"parapluie de temp\u00eate pliable Real Star S3012B - dreamacmshopping.com","og_description":"parapluie temp\u00eate, parapluie automatique, parapluie pliable, real star s3012b, parapluie r\u00e9sistant au vent, parapluie noir, parapluie voyage, parapluie adulte \u0645\u0638\u0644\u0629 \u0639\u0627\u0635\u0641\u0629\u060c \u0645\u0638\u0644\u0629 \u0623\u0648\u062a\u0648\u0645\u0627\u062a\u064a\u0643\u064a\u0629\u060c \u0645\u0638\u0644\u0629 \u0642\u0627\u0628\u0644\u0629 \u0644\u0644\u0637\u064a\u060c \u0646\u062c\u0645\u0629 \u062d\u0642\u064a\u0642\u064a\u0629 s3012b\u060c \u0645\u0638\u0644\u0629 \u0645\u0642\u0627\u0648\u0645\u0629 \u0644\u0644\u0631\u064a\u0627\u062d\u060c \u0645\u0638\u0644\u0629 \u0633\u0648\u062f\u0627\u0621\u060c \u0645\u0638\u0644\u0629 \u0633\u0641\u0631\u060c \u0645\u0638\u0644\u0629 \u0644\u0644\u0643\u0628\u0627\u0631","og_url":"https:\/\/dreamacmshopping.com\/ar\/product\/parapluie-tempete-automatique-pliable-real-star-s3012b\/","og_site_name":"dreamacmshopping.com","article_publisher":"https:\/\/www.facebook.com\/profile.php?id=61587252187988&locale=fr_FR","article_modified_time":"2026-02-09T07:44:59+00:00","og_image":[{"width":1024,"height":768,"url":"https:\/\/dreamacmshopping.com\/wp-content\/uploads\/2026\/02\/Design-sans-titre-1024x768.png","type":"image\/png"}],"twitter_card":"summary_large_image","twitter_misc":{"\u0648\u0642\u062a \u0627\u0644\u0642\u0631\u0627\u0621\u0629 \u0627\u0644\u0645\u064f\u0642\u062f\u0651\u0631":"\u062f\u0642\u064a\u0642\u062a\u0627\u0646"},"schema":{"@context":"https:\/\/schema.org","@graph":[{"@type":"WebPage","@id":"https:\/\/dreamacmshopping.com\/produit\/parapluie-tempete-automatique-pliable-real-star-s3012b\/","url":"https:\/\/dreamacmshopping.com\/produit\/parapluie-tempete-automatique-pliable-real-star-s3012b\/","name":"parapluie de temp\u00eate pliable Real Star S3012B - dreamacmshopping.com","isPartOf":{"@id":"https:\/\/dreamacmshopping.com\/ar\/#website"},"primaryImageOfPage":{"@id":"https:\/\/dreamacmshopping.com\/produit\/parapluie-tempete-automatique-pliable-real-star-s3012b\/#primaryimage"},"image":{"@id":"https:\/\/dreamacmshopping.com\/produit\/parapluie-tempete-automatique-pliable-real-star-s3012b\/#primaryimage"},"thumbnailUrl":"https:\/\/dreamacmshopping.com\/wp-content\/uploads\/2026\/02\/Design-sans-titre-scaled.png","datePublished":"2026-02-05T18:49:55+00:00","dateModified":"2026-02-09T07:44:59+00:00","description":"parapluie temp\u00eate, parapluie automatique, parapluie pliable, real star s3012b, parapluie r\u00e9sistant au vent, parapluie noir, parapluie voyage, parapluie adulte \u0645\u0638\u0644\u0629 \u0639\u0627\u0635\u0641\u0629\u060c \u0645\u0638\u0644\u0629 \u0623\u0648\u062a\u0648\u0645\u0627\u062a\u064a\u0643\u064a\u0629\u060c \u0645\u0638\u0644\u0629 \u0642\u0627\u0628\u0644\u0629 \u0644\u0644\u0637\u064a\u060c \u0646\u062c\u0645\u0629 \u062d\u0642\u064a\u0642\u064a\u0629 s3012b\u060c \u0645\u0638\u0644\u0629 \u0645\u0642\u0627\u0648\u0645\u0629 \u0644\u0644\u0631\u064a\u0627\u062d\u060c \u0645\u0638\u0644\u0629 \u0633\u0648\u062f\u0627\u0621\u060c \u0645\u0638\u0644\u0629 \u0633\u0641\u0631\u060c \u0645\u0638\u0644\u0629 \u0644\u0644\u0643\u0628\u0627\u0631","breadcrumb":{"@id":"https:\/\/dreamacmshopping.com\/produit\/parapluie-tempete-automatique-pliable-real-star-s3012b\/#breadcrumb"},"inLanguage":"ar","potentialAction":[{"@type":"ReadAction","target":["https:\/\/dreamacmshopping.com\/produit\/parapluie-tempete-automatique-pliable-real-star-s3012b\/"]}]},{"@type":"ImageObject","inLanguage":"ar","@id":"https:\/\/dreamacmshopping.com\/produit\/parapluie-tempete-automatique-pliable-real-star-s3012b\/#primaryimage","url":"https:\/\/dreamacmshopping.com\/wp-content\/uploads\/2026\/02\/Design-sans-titre-scaled.png","contentUrl":"https:\/\/dreamacmshopping.com\/wp-content\/uploads\/2026\/02\/Design-sans-titre-scaled.png","width":2560,"height":1920},{"@type":"BreadcrumbList","@id":"https:\/\/dreamacmshopping.com\/produit\/parapluie-tempete-automatique-pliable-real-star-s3012b\/#breadcrumb","itemListElement":[{"@type":"ListItem","position":1,"name":"Accueil","item":"https:\/\/dreamacmshopping.com\/"},{"@type":"ListItem","position":2,"name":"Boutique","item":"https:\/\/dreamacmshopping.com\/boutique\/"},{"@type":"ListItem","position":3,"name":"parapluie de temp\u00eate pliable Real Star S3012B"}]},{"@type":"WebSite","@id":"https:\/\/dreamacmshopping.com\/ar\/#website","url":"https:\/\/dreamacmshopping.com\/ar\/","name":"dreamacmshopping.com","description":"","publisher":{"@id":"https:\/\/dreamacmshopping.com\/ar\/#organization"},"potentialAction":[{"@type":"SearchAction","target":{"@type":"EntryPoint","urlTemplate":"https:\/\/dreamacmshopping.com\/ar\/?s={search_term_string}"},"query-input":{"@type":"PropertyValueSpecification","valueRequired":true,"valueName":"search_term_string"}}],"inLanguage":"ar"},{"@type":"Organization","@id":"https:\/\/dreamacmshopping.com\/ar\/#organization","name":"dreamacmshopping.com","url":"https:\/\/dreamacmshopping.com\/ar\/","logo":{"@type":"ImageObject","inLanguage":"ar","@id":"https:\/\/dreamacmshopping.com\/ar\/#\/schema\/logo\/image\/","url":"https:\/\/dreamacmshopping.com\/wp-content\/uploads\/2026\/01\/cropped-cropped-ChatGPT-Image-25-dec.-2025-23_13_16-1.png","contentUrl":"https:\/\/dreamacmshopping.com\/wp-content\/uploads\/2026\/01\/cropped-cropped-ChatGPT-Image-25-dec.-2025-23_13_16-1.png","width":511,"height":304,"caption":"dreamacmshopping.com"},"image":{"@id":"https:\/\/dreamacmshopping.com\/ar\/#\/schema\/logo\/image\/"},"sameAs":["https:\/\/www.facebook.com\/profile.php?id=61587252187988&locale=fr_FR"]}]}},"_links":{"self":[{"href":"https:\/\/dreamacmshopping.com\/ar\/wp-json\/wp\/v2\/product\/916","targetHints":{"allow":["GET"]}}],"collection":[{"href":"https:\/\/dreamacmshopping.com\/ar\/wp-json\/wp\/v2\/product"}],"about":[{"href":"https:\/\/dreamacmshopping.com\/ar\/wp-json\/wp\/v2\/types\/product"}],"replies":[{"embeddable":true,"href":"https:\/\/dreamacmshopping.com\/ar\/wp-json\/wp\/v2\/comments?post=916"}],"version-history":[{"count":1,"href":"https:\/\/dreamacmshopping.com\/ar\/wp-json\/wp\/v2\/product\/916\/revisions"}],"predecessor-version":[{"id":921,"href":"https:\/\/dreamacmshopping.com\/ar\/wp-json\/wp\/v2\/product\/916\/revisions\/921"}],"wp:featuredmedia":[{"embeddable":true,"href":"https:\/\/dreamacmshopping.com\/ar\/wp-json\/wp\/v2\/media\/917"}],"wp:attachment":[{"href":"https:\/\/dreamacmshopping.com\/ar\/wp-json\/wp\/v2\/media?parent=916"}],"wp:term":[{"taxonomy":"product_brand","embeddable":true,"href":"https:\/\/dreamacmshopping.com\/ar\/wp-json\/wp\/v2\/product_brand?post=916"},{"taxonomy":"product_cat","embeddable":true,"href":"https:\/\/dreamacmshopping.com\/ar\/wp-json\/wp\/v2\/product_cat?post=916"},{"taxonomy":"product_tag","embeddable":true,"href":"https:\/\/dreamacmshopping.com\/ar\/wp-json\/wp\/v2\/product_tag?post=916"}],"curies":[{"name":"wp","href":"https:\/\/api.w.org\/{rel}","templated":true}]}}