{"id":966,"date":"2026-02-07T19:27:59","date_gmt":"2026-02-07T19:27:59","guid":{"rendered":"https:\/\/dreamacmshopping.com\/?post_type=product&#038;p=966"},"modified":"2026-02-07T19:32:55","modified_gmt":"2026-02-07T19:32:55","slug":"fanous-ramadan-%d9%81%d8%a7%d9%86%d9%88%d8%b3-%d9%85%d9%88%d8%b3%d9%8a%d9%82%d9%8a-fanous-musical-decoration-ramadan-lanterne-ramadan-musique-fanous-lumineux","status":"publish","type":"product","link":"https:\/\/dreamacmshopping.com\/ar\/product\/fanous-ramadan-%d9%81%d8%a7%d9%86%d9%88%d8%b3-%d9%85%d9%88%d8%b3%d9%8a%d9%82%d9%8a-fanous-musical-decoration-ramadan-lanterne-ramadan-musique-fanous-lumineux\/","title":{"rendered":"\u0641\u0627\u0646\u0648\u0633 \u0631\u0645\u0636\u0627\u0646 \u0627\u0644\u0645\u0648\u0633\u064a\u0642\u064a\u0629"},"content":{"rendered":"<h3 data-start=\"268\" data-end=\"488\">Le <strong data-start=\"271\" data-end=\"305\">fanous Ramadan musical (\u0641\u0627\u0646\u0648\u0633)<\/strong> est un \u00e9l\u00e9ment d\u00e9coratif traditionnel qui combine <strong data-start=\"356\" data-end=\"373\">lumi\u00e8re douce<\/strong> \u0648 <strong data-start=\"377\" data-end=\"401\">musique ramadanesque<\/strong> pour cr\u00e9er une ambiance <strong data-start=\"426\" data-end=\"465\">spirituelle, chaleureuse et festive<\/strong> pendant le mois sacr\u00e9.<\/h3>\n<h3 data-start=\"490\" data-end=\"768\">Gr\u00e2ce \u00e0 sa musique sp\u00e9ciale Ramadan et son \u00e9clairage apaisant, il accompagne parfaitement les <strong data-start=\"584\" data-end=\"606\">soir\u00e9es familiales<\/strong>, les moments de <strong data-start=\"623\" data-end=\"640\">recueillement<\/strong> et les rassemblements conviviaux. Son <strong data-start=\"679\" data-end=\"706\">design oriental \u00e9l\u00e9gant<\/strong> apporte une touche authentique \u00e0 votre d\u00e9coration int\u00e9rieure.<\/h3>\n<h3 data-start=\"770\" data-end=\"932\">Id\u00e9al pour la maison, les boutiques ou les caf\u00e9s, ce fanous est aussi un <strong data-start=\"843\" data-end=\"874\">excellent cadeau de Ramadan<\/strong>, appr\u00e9ci\u00e9 aussi bien par les enfants que par les adultes.<\/h3>\n<h3 data-start=\"939\" data-end=\"976\">Caract\u00e9ristiques principales<\/h3>\n<h3 data-start=\"977\" data-end=\"1241\">\ud83c\udf19 Fanous d\u00e9coratif sp\u00e9cial Ramadan<br data-start=\"1012\" data-end=\"1015\" \/>\ud83d\udd0a Musique traditionnelle de Ramadan int\u00e9gr\u00e9e<br data-start=\"1060\" data-end=\"1063\" \/>\ud83d\udca1 Lumi\u00e8re douce pour une ambiance chaleureuse<br data-start=\"1109\" data-end=\"1112\" \/>\ud83c\udfee Design oriental \u00e9l\u00e9gant et authentique<br data-start=\"1153\" data-end=\"1156\" \/>\ud83e\uddf1 Mat\u00e9riaux solides et durables<br data-start=\"1188\" data-end=\"1191\" \/>\ud83c\udf81 Parfait comme d\u00e9coration ou cadeau de Ramadan<\/h3>\n<h3 data-start=\"1248\" data-end=\"1269\">Utilisations<\/h3>\n<ul data-start=\"1270\" data-end=\"1465\">\n<li data-start=\"1270\" data-end=\"1324\">\n<h3 data-start=\"1272\" data-end=\"1324\">D\u00e9coration de la maison pendant le mois de Ramadan<\/h3>\n<\/li>\n<li data-start=\"1325\" data-end=\"1375\">\n<h3 data-start=\"1327\" data-end=\"1375\">Cr\u00e9ation d\u2019une ambiance spirituelle et festive<\/h3>\n<\/li>\n<li data-start=\"1376\" data-end=\"1420\">\n<h3 data-start=\"1378\" data-end=\"1420\">Cadeau id\u00e9al pour la famille et les amis<\/h3>\n<\/li>\n<li data-start=\"1421\" data-end=\"1465\">\n<h3 data-start=\"1423\" data-end=\"1465\">D\u00e9coration de salons, boutiques et caf\u00e9s<\/h3>\n<\/li>\n<\/ul>","protected":false},"excerpt":{"rendered":"<p>La lanterne musicale du Ramadan combine un \u00e9clairage doux et de la musique du Ramadan pour vous donner une atmosph\u00e8re spirituelle chaleureuse pendant le mois sacr\u00e9. Un design \u00e9l\u00e9gant et une touche traditionnelle le rendent parfait pour la d\u00e9coration ou comme cadeau sp\u00e9cial du Ramadan. \ud83c\udf19\ud83c\udfee<\/p>","protected":false},"featured_media":967,"comment_status":"open","ping_status":"closed","template":"","meta":{"inline_featured_image":false,"ocean_post_layout":"","ocean_both_sidebars_style":"","ocean_both_sidebars_content_width":0,"ocean_both_sidebars_sidebars_width":0,"ocean_sidebar":"0","ocean_second_sidebar":"0","ocean_disable_margins":"enable","ocean_add_body_class":"","ocean_shortcode_before_top_bar":"","ocean_shortcode_after_top_bar":"","ocean_shortcode_before_header":"","ocean_shortcode_after_header":"","ocean_has_shortcode":"","ocean_shortcode_after_title":"","ocean_shortcode_before_footer_widgets":"","ocean_shortcode_after_footer_widgets":"","ocean_shortcode_before_footer_bottom":"","ocean_shortcode_after_footer_bottom":"","ocean_display_top_bar":"default","ocean_display_header":"default","ocean_header_style":"","ocean_center_header_left_menu":"0","ocean_custom_header_template":"0","ocean_custom_logo":0,"ocean_custom_retina_logo":0,"ocean_custom_logo_max_width":0,"ocean_custom_logo_tablet_max_width":0,"ocean_custom_logo_mobile_max_width":0,"ocean_custom_logo_max_height":0,"ocean_custom_logo_tablet_max_height":0,"ocean_custom_logo_mobile_max_height":0,"ocean_header_custom_menu":"0","ocean_menu_typo_font_family":"0","ocean_menu_typo_font_subset":"","ocean_menu_typo_font_size":0,"ocean_menu_typo_font_size_tablet":0,"ocean_menu_typo_font_size_mobile":0,"ocean_menu_typo_font_size_unit":"px","ocean_menu_typo_font_weight":"","ocean_menu_typo_font_weight_tablet":"","ocean_menu_typo_font_weight_mobile":"","ocean_menu_typo_transform":"","ocean_menu_typo_transform_tablet":"","ocean_menu_typo_transform_mobile":"","ocean_menu_typo_line_height":0,"ocean_menu_typo_line_height_tablet":0,"ocean_menu_typo_line_height_mobile":0,"ocean_menu_typo_line_height_unit":"","ocean_menu_typo_spacing":0,"ocean_menu_typo_spacing_tablet":0,"ocean_menu_typo_spacing_mobile":0,"ocean_menu_typo_spacing_unit":"","ocean_menu_link_color":"","ocean_menu_link_color_hover":"","ocean_menu_link_color_active":"","ocean_menu_link_background":"","ocean_menu_link_hover_background":"","ocean_menu_link_active_background":"","ocean_menu_social_links_bg":"","ocean_menu_social_hover_links_bg":"","ocean_menu_social_links_color":"","ocean_menu_social_hover_links_color":"","ocean_disable_title":"default","ocean_disable_heading":"default","ocean_post_title":"","ocean_post_subheading":"","ocean_post_title_style":"","ocean_post_title_background_color":"","ocean_post_title_background":0,"ocean_post_title_bg_image_position":"","ocean_post_title_bg_image_attachment":"","ocean_post_title_bg_image_repeat":"","ocean_post_title_bg_image_size":"","ocean_post_title_height":0,"ocean_post_title_bg_overlay":0.5,"ocean_post_title_bg_overlay_color":"","ocean_disable_breadcrumbs":"default","ocean_breadcrumbs_color":"","ocean_breadcrumbs_separator_color":"","ocean_breadcrumbs_links_color":"","ocean_breadcrumbs_links_hover_color":"","ocean_display_footer_widgets":"default","ocean_display_footer_bottom":"default","ocean_custom_footer_template":"0"},"product_brand":[],"product_cat":[226],"product_tag":[],"class_list":{"0":"post-966","1":"product","2":"type-product","3":"status-publish","4":"has-post-thumbnail","6":"product_cat-mode-accessoires","8":"entry","9":"has-media","11":"first","12":"instock","13":"shipping-taxable","14":"purchasable","15":"product-type-simple","16":"col","17":"span_1_of_4","18":"owp-content-center","19":"owp-thumbs-layout-horizontal","20":"owp-btn-normal","21":"owp-tabs-layout-horizontal"},"yoast_head":"<!-- This site is optimized with the Yoast SEO plugin v27.3 - https:\/\/yoast.com\/product\/yoast-seo-wordpress\/ -->\n<title>Fanous Ramadan Musical - dreamacmshopping.com<\/title>\n<meta name=\"description\" content=\"Achetez le fanous Ramadan musical \u0641\u0627\u0646\u0648\u0633 avec lumi\u00e8re douce et musique traditionnelle. Parfait pour une ambiance chaleureuse et festive pendant le mois sacr\u00e9 de Ramadan.\" \/>\n<meta name=\"robots\" content=\"index, follow, max-snippet:-1, max-image-preview:large, max-video-preview:-1\" \/>\n<link rel=\"canonical\" href=\"https:\/\/dreamacmshopping.com\/ar\/product\/fanous-ramadan-\u0641\u0627\u0646\u0648\u0633-\u0645\u0648\u0633\u064a\u0642\u064a-fanous-musical-decoration-ramadan-lanterne-ramadan-musique-fanous-lumineux\/\" \/>\n<meta property=\"og:locale\" content=\"ar_AR\" \/>\n<meta property=\"og:type\" content=\"article\" \/>\n<meta property=\"og:title\" content=\"Fanous Ramadan Musical - dreamacmshopping.com\" \/>\n<meta property=\"og:description\" content=\"Achetez le fanous Ramadan musical \u0641\u0627\u0646\u0648\u0633 avec lumi\u00e8re douce et musique traditionnelle. Parfait pour une ambiance chaleureuse et festive pendant le mois sacr\u00e9 de Ramadan.\" \/>\n<meta property=\"og:url\" content=\"https:\/\/dreamacmshopping.com\/ar\/product\/fanous-ramadan-\u0641\u0627\u0646\u0648\u0633-\u0645\u0648\u0633\u064a\u0642\u064a-fanous-musical-decoration-ramadan-lanterne-ramadan-musique-fanous-lumineux\/\" \/>\n<meta property=\"og:site_name\" content=\"dreamacmshopping.com\" \/>\n<meta property=\"article:publisher\" content=\"https:\/\/www.facebook.com\/profile.php?id=61587252187988&amp;locale=fr_FR\" \/>\n<meta property=\"article:modified_time\" content=\"2026-02-07T19:32:55+00:00\" \/>\n<meta property=\"og:image\" content=\"https:\/\/dreamacmshopping.com\/wp-content\/uploads\/2026\/02\/Design-sans-titre-1-768x1024.png\" \/>\n\t<meta property=\"og:image:width\" content=\"768\" \/>\n\t<meta property=\"og:image:height\" content=\"1024\" \/>\n\t<meta property=\"og:image:type\" content=\"image\/png\" \/>\n<meta name=\"twitter:card\" content=\"summary_large_image\" \/>\n<meta name=\"twitter:label1\" content=\"\u0648\u0642\u062a \u0627\u0644\u0642\u0631\u0627\u0621\u0629 \u0627\u0644\u0645\u064f\u0642\u062f\u0651\u0631\" \/>\n\t<meta name=\"twitter:data1\" content=\"\u062f\u0642\u064a\u0642\u062a\u0627\u0646\" \/>\n<script type=\"application\/ld+json\" class=\"yoast-schema-graph\">{\"@context\":\"https:\\\/\\\/schema.org\",\"@graph\":[{\"@type\":\"WebPage\",\"@id\":\"https:\\\/\\\/dreamacmshopping.com\\\/produit\\\/fanous-ramadan-%d9%81%d8%a7%d9%86%d9%88%d8%b3-%d9%85%d9%88%d8%b3%d9%8a%d9%82%d9%8a-fanous-musical-decoration-ramadan-lanterne-ramadan-musique-fanous-lumineux\\\/\",\"url\":\"https:\\\/\\\/dreamacmshopping.com\\\/produit\\\/fanous-ramadan-%d9%81%d8%a7%d9%86%d9%88%d8%b3-%d9%85%d9%88%d8%b3%d9%8a%d9%82%d9%8a-fanous-musical-decoration-ramadan-lanterne-ramadan-musique-fanous-lumineux\\\/\",\"name\":\"Fanous Ramadan Musical - dreamacmshopping.com\",\"isPartOf\":{\"@id\":\"https:\\\/\\\/dreamacmshopping.com\\\/ar\\\/#website\"},\"primaryImageOfPage\":{\"@id\":\"https:\\\/\\\/dreamacmshopping.com\\\/produit\\\/fanous-ramadan-%d9%81%d8%a7%d9%86%d9%88%d8%b3-%d9%85%d9%88%d8%b3%d9%8a%d9%82%d9%8a-fanous-musical-decoration-ramadan-lanterne-ramadan-musique-fanous-lumineux\\\/#primaryimage\"},\"image\":{\"@id\":\"https:\\\/\\\/dreamacmshopping.com\\\/produit\\\/fanous-ramadan-%d9%81%d8%a7%d9%86%d9%88%d8%b3-%d9%85%d9%88%d8%b3%d9%8a%d9%82%d9%8a-fanous-musical-decoration-ramadan-lanterne-ramadan-musique-fanous-lumineux\\\/#primaryimage\"},\"thumbnailUrl\":\"https:\\\/\\\/dreamacmshopping.com\\\/wp-content\\\/uploads\\\/2026\\\/02\\\/Design-sans-titre-1.png\",\"datePublished\":\"2026-02-07T19:27:59+00:00\",\"dateModified\":\"2026-02-07T19:32:55+00:00\",\"description\":\"Achetez le fanous Ramadan musical \u0641\u0627\u0646\u0648\u0633 avec lumi\u00e8re douce et musique traditionnelle. Parfait pour une ambiance chaleureuse et festive pendant le mois sacr\u00e9 de Ramadan.\",\"breadcrumb\":{\"@id\":\"https:\\\/\\\/dreamacmshopping.com\\\/produit\\\/fanous-ramadan-%d9%81%d8%a7%d9%86%d9%88%d8%b3-%d9%85%d9%88%d8%b3%d9%8a%d9%82%d9%8a-fanous-musical-decoration-ramadan-lanterne-ramadan-musique-fanous-lumineux\\\/#breadcrumb\"},\"inLanguage\":\"ar\",\"potentialAction\":[{\"@type\":\"ReadAction\",\"target\":[\"https:\\\/\\\/dreamacmshopping.com\\\/produit\\\/fanous-ramadan-%d9%81%d8%a7%d9%86%d9%88%d8%b3-%d9%85%d9%88%d8%b3%d9%8a%d9%82%d9%8a-fanous-musical-decoration-ramadan-lanterne-ramadan-musique-fanous-lumineux\\\/\"]}]},{\"@type\":\"ImageObject\",\"inLanguage\":\"ar\",\"@id\":\"https:\\\/\\\/dreamacmshopping.com\\\/produit\\\/fanous-ramadan-%d9%81%d8%a7%d9%86%d9%88%d8%b3-%d9%85%d9%88%d8%b3%d9%8a%d9%82%d9%8a-fanous-musical-decoration-ramadan-lanterne-ramadan-musique-fanous-lumineux\\\/#primaryimage\",\"url\":\"https:\\\/\\\/dreamacmshopping.com\\\/wp-content\\\/uploads\\\/2026\\\/02\\\/Design-sans-titre-1.png\",\"contentUrl\":\"https:\\\/\\\/dreamacmshopping.com\\\/wp-content\\\/uploads\\\/2026\\\/02\\\/Design-sans-titre-1.png\",\"width\":1536,\"height\":2048},{\"@type\":\"BreadcrumbList\",\"@id\":\"https:\\\/\\\/dreamacmshopping.com\\\/produit\\\/fanous-ramadan-%d9%81%d8%a7%d9%86%d9%88%d8%b3-%d9%85%d9%88%d8%b3%d9%8a%d9%82%d9%8a-fanous-musical-decoration-ramadan-lanterne-ramadan-musique-fanous-lumineux\\\/#breadcrumb\",\"itemListElement\":[{\"@type\":\"ListItem\",\"position\":1,\"name\":\"Accueil\",\"item\":\"https:\\\/\\\/dreamacmshopping.com\\\/\"},{\"@type\":\"ListItem\",\"position\":2,\"name\":\"Boutique\",\"item\":\"https:\\\/\\\/dreamacmshopping.com\\\/boutique\\\/\"},{\"@type\":\"ListItem\",\"position\":3,\"name\":\"Fanous Ramadan Musical\"}]},{\"@type\":\"WebSite\",\"@id\":\"https:\\\/\\\/dreamacmshopping.com\\\/ar\\\/#website\",\"url\":\"https:\\\/\\\/dreamacmshopping.com\\\/ar\\\/\",\"name\":\"dreamacmshopping.com\",\"description\":\"\",\"publisher\":{\"@id\":\"https:\\\/\\\/dreamacmshopping.com\\\/ar\\\/#organization\"},\"potentialAction\":[{\"@type\":\"SearchAction\",\"target\":{\"@type\":\"EntryPoint\",\"urlTemplate\":\"https:\\\/\\\/dreamacmshopping.com\\\/ar\\\/?s={search_term_string}\"},\"query-input\":{\"@type\":\"PropertyValueSpecification\",\"valueRequired\":true,\"valueName\":\"search_term_string\"}}],\"inLanguage\":\"ar\"},{\"@type\":\"Organization\",\"@id\":\"https:\\\/\\\/dreamacmshopping.com\\\/ar\\\/#organization\",\"name\":\"dreamacmshopping.com\",\"url\":\"https:\\\/\\\/dreamacmshopping.com\\\/ar\\\/\",\"logo\":{\"@type\":\"ImageObject\",\"inLanguage\":\"ar\",\"@id\":\"https:\\\/\\\/dreamacmshopping.com\\\/ar\\\/#\\\/schema\\\/logo\\\/image\\\/\",\"url\":\"https:\\\/\\\/dreamacmshopping.com\\\/wp-content\\\/uploads\\\/2026\\\/01\\\/cropped-cropped-ChatGPT-Image-25-dec.-2025-23_13_16-1.png\",\"contentUrl\":\"https:\\\/\\\/dreamacmshopping.com\\\/wp-content\\\/uploads\\\/2026\\\/01\\\/cropped-cropped-ChatGPT-Image-25-dec.-2025-23_13_16-1.png\",\"width\":511,\"height\":304,\"caption\":\"dreamacmshopping.com\"},\"image\":{\"@id\":\"https:\\\/\\\/dreamacmshopping.com\\\/ar\\\/#\\\/schema\\\/logo\\\/image\\\/\"},\"sameAs\":[\"https:\\\/\\\/www.facebook.com\\\/profile.php?id=61587252187988&locale=fr_FR\"]}]}<\/script>\n<!-- \/ Yoast SEO plugin. -->","yoast_head_json":{"title":"Fanous Ramadan Musical - dreamacmshopping.com","description":"Achetez le fanous Ramadan musical \u0641\u0627\u0646\u0648\u0633 avec lumi\u00e8re douce et musique traditionnelle. Parfait pour une ambiance chaleureuse et festive pendant le mois sacr\u00e9 de Ramadan.","robots":{"index":"index","follow":"follow","max-snippet":"max-snippet:-1","max-image-preview":"max-image-preview:large","max-video-preview":"max-video-preview:-1"},"canonical":"https:\/\/dreamacmshopping.com\/ar\/product\/fanous-ramadan-\u0641\u0627\u0646\u0648\u0633-\u0645\u0648\u0633\u064a\u0642\u064a-fanous-musical-decoration-ramadan-lanterne-ramadan-musique-fanous-lumineux\/","og_locale":"ar_AR","og_type":"article","og_title":"Fanous Ramadan Musical - dreamacmshopping.com","og_description":"Achetez le fanous Ramadan musical \u0641\u0627\u0646\u0648\u0633 avec lumi\u00e8re douce et musique traditionnelle. Parfait pour une ambiance chaleureuse et festive pendant le mois sacr\u00e9 de Ramadan.","og_url":"https:\/\/dreamacmshopping.com\/ar\/product\/fanous-ramadan-\u0641\u0627\u0646\u0648\u0633-\u0645\u0648\u0633\u064a\u0642\u064a-fanous-musical-decoration-ramadan-lanterne-ramadan-musique-fanous-lumineux\/","og_site_name":"dreamacmshopping.com","article_publisher":"https:\/\/www.facebook.com\/profile.php?id=61587252187988&locale=fr_FR","article_modified_time":"2026-02-07T19:32:55+00:00","og_image":[{"width":768,"height":1024,"url":"https:\/\/dreamacmshopping.com\/wp-content\/uploads\/2026\/02\/Design-sans-titre-1-768x1024.png","type":"image\/png"}],"twitter_card":"summary_large_image","twitter_misc":{"\u0648\u0642\u062a \u0627\u0644\u0642\u0631\u0627\u0621\u0629 \u0627\u0644\u0645\u064f\u0642\u062f\u0651\u0631":"\u062f\u0642\u064a\u0642\u062a\u0627\u0646"},"schema":{"@context":"https:\/\/schema.org","@graph":[{"@type":"WebPage","@id":"https:\/\/dreamacmshopping.com\/produit\/fanous-ramadan-%d9%81%d8%a7%d9%86%d9%88%d8%b3-%d9%85%d9%88%d8%b3%d9%8a%d9%82%d9%8a-fanous-musical-decoration-ramadan-lanterne-ramadan-musique-fanous-lumineux\/","url":"https:\/\/dreamacmshopping.com\/produit\/fanous-ramadan-%d9%81%d8%a7%d9%86%d9%88%d8%b3-%d9%85%d9%88%d8%b3%d9%8a%d9%82%d9%8a-fanous-musical-decoration-ramadan-lanterne-ramadan-musique-fanous-lumineux\/","name":"Fanous Ramadan Musical - dreamacmshopping.com","isPartOf":{"@id":"https:\/\/dreamacmshopping.com\/ar\/#website"},"primaryImageOfPage":{"@id":"https:\/\/dreamacmshopping.com\/produit\/fanous-ramadan-%d9%81%d8%a7%d9%86%d9%88%d8%b3-%d9%85%d9%88%d8%b3%d9%8a%d9%82%d9%8a-fanous-musical-decoration-ramadan-lanterne-ramadan-musique-fanous-lumineux\/#primaryimage"},"image":{"@id":"https:\/\/dreamacmshopping.com\/produit\/fanous-ramadan-%d9%81%d8%a7%d9%86%d9%88%d8%b3-%d9%85%d9%88%d8%b3%d9%8a%d9%82%d9%8a-fanous-musical-decoration-ramadan-lanterne-ramadan-musique-fanous-lumineux\/#primaryimage"},"thumbnailUrl":"https:\/\/dreamacmshopping.com\/wp-content\/uploads\/2026\/02\/Design-sans-titre-1.png","datePublished":"2026-02-07T19:27:59+00:00","dateModified":"2026-02-07T19:32:55+00:00","description":"Achetez le fanous Ramadan musical \u0641\u0627\u0646\u0648\u0633 avec lumi\u00e8re douce et musique traditionnelle. Parfait pour une ambiance chaleureuse et festive pendant le mois sacr\u00e9 de Ramadan.","breadcrumb":{"@id":"https:\/\/dreamacmshopping.com\/produit\/fanous-ramadan-%d9%81%d8%a7%d9%86%d9%88%d8%b3-%d9%85%d9%88%d8%b3%d9%8a%d9%82%d9%8a-fanous-musical-decoration-ramadan-lanterne-ramadan-musique-fanous-lumineux\/#breadcrumb"},"inLanguage":"ar","potentialAction":[{"@type":"ReadAction","target":["https:\/\/dreamacmshopping.com\/produit\/fanous-ramadan-%d9%81%d8%a7%d9%86%d9%88%d8%b3-%d9%85%d9%88%d8%b3%d9%8a%d9%82%d9%8a-fanous-musical-decoration-ramadan-lanterne-ramadan-musique-fanous-lumineux\/"]}]},{"@type":"ImageObject","inLanguage":"ar","@id":"https:\/\/dreamacmshopping.com\/produit\/fanous-ramadan-%d9%81%d8%a7%d9%86%d9%88%d8%b3-%d9%85%d9%88%d8%b3%d9%8a%d9%82%d9%8a-fanous-musical-decoration-ramadan-lanterne-ramadan-musique-fanous-lumineux\/#primaryimage","url":"https:\/\/dreamacmshopping.com\/wp-content\/uploads\/2026\/02\/Design-sans-titre-1.png","contentUrl":"https:\/\/dreamacmshopping.com\/wp-content\/uploads\/2026\/02\/Design-sans-titre-1.png","width":1536,"height":2048},{"@type":"BreadcrumbList","@id":"https:\/\/dreamacmshopping.com\/produit\/fanous-ramadan-%d9%81%d8%a7%d9%86%d9%88%d8%b3-%d9%85%d9%88%d8%b3%d9%8a%d9%82%d9%8a-fanous-musical-decoration-ramadan-lanterne-ramadan-musique-fanous-lumineux\/#breadcrumb","itemListElement":[{"@type":"ListItem","position":1,"name":"Accueil","item":"https:\/\/dreamacmshopping.com\/"},{"@type":"ListItem","position":2,"name":"Boutique","item":"https:\/\/dreamacmshopping.com\/boutique\/"},{"@type":"ListItem","position":3,"name":"Fanous Ramadan Musical"}]},{"@type":"WebSite","@id":"https:\/\/dreamacmshopping.com\/ar\/#website","url":"https:\/\/dreamacmshopping.com\/ar\/","name":"dreamacmshopping.com","description":"","publisher":{"@id":"https:\/\/dreamacmshopping.com\/ar\/#organization"},"potentialAction":[{"@type":"SearchAction","target":{"@type":"EntryPoint","urlTemplate":"https:\/\/dreamacmshopping.com\/ar\/?s={search_term_string}"},"query-input":{"@type":"PropertyValueSpecification","valueRequired":true,"valueName":"search_term_string"}}],"inLanguage":"ar"},{"@type":"Organization","@id":"https:\/\/dreamacmshopping.com\/ar\/#organization","name":"dreamacmshopping.com","url":"https:\/\/dreamacmshopping.com\/ar\/","logo":{"@type":"ImageObject","inLanguage":"ar","@id":"https:\/\/dreamacmshopping.com\/ar\/#\/schema\/logo\/image\/","url":"https:\/\/dreamacmshopping.com\/wp-content\/uploads\/2026\/01\/cropped-cropped-ChatGPT-Image-25-dec.-2025-23_13_16-1.png","contentUrl":"https:\/\/dreamacmshopping.com\/wp-content\/uploads\/2026\/01\/cropped-cropped-ChatGPT-Image-25-dec.-2025-23_13_16-1.png","width":511,"height":304,"caption":"dreamacmshopping.com"},"image":{"@id":"https:\/\/dreamacmshopping.com\/ar\/#\/schema\/logo\/image\/"},"sameAs":["https:\/\/www.facebook.com\/profile.php?id=61587252187988&locale=fr_FR"]}]}},"_links":{"self":[{"href":"https:\/\/dreamacmshopping.com\/ar\/wp-json\/wp\/v2\/product\/966","targetHints":{"allow":["GET"]}}],"collection":[{"href":"https:\/\/dreamacmshopping.com\/ar\/wp-json\/wp\/v2\/product"}],"about":[{"href":"https:\/\/dreamacmshopping.com\/ar\/wp-json\/wp\/v2\/types\/product"}],"replies":[{"embeddable":true,"href":"https:\/\/dreamacmshopping.com\/ar\/wp-json\/wp\/v2\/comments?post=966"}],"version-history":[{"count":1,"href":"https:\/\/dreamacmshopping.com\/ar\/wp-json\/wp\/v2\/product\/966\/revisions"}],"predecessor-version":[{"id":970,"href":"https:\/\/dreamacmshopping.com\/ar\/wp-json\/wp\/v2\/product\/966\/revisions\/970"}],"wp:featuredmedia":[{"embeddable":true,"href":"https:\/\/dreamacmshopping.com\/ar\/wp-json\/wp\/v2\/media\/967"}],"wp:attachment":[{"href":"https:\/\/dreamacmshopping.com\/ar\/wp-json\/wp\/v2\/media?parent=966"}],"wp:term":[{"taxonomy":"product_brand","embeddable":true,"href":"https:\/\/dreamacmshopping.com\/ar\/wp-json\/wp\/v2\/product_brand?post=966"},{"taxonomy":"product_cat","embeddable":true,"href":"https:\/\/dreamacmshopping.com\/ar\/wp-json\/wp\/v2\/product_cat?post=966"},{"taxonomy":"product_tag","embeddable":true,"href":"https:\/\/dreamacmshopping.com\/ar\/wp-json\/wp\/v2\/product_tag?post=966"}],"curies":[{"name":"wp","href":"https:\/\/api.w.org\/{rel}","templated":true}]}}